{"id":110,"date":"2024-02-21T11:44:46","date_gmt":"2024-02-21T09:44:46","guid":{"rendered":"http:\/\/jnats.eu\/?post_type=product&#038;p=110"},"modified":"2025-09-19T08:00:46","modified_gmt":"2025-09-19T05:00:46","slug":"naturalus-japoniskas-galandinimo-uzbaigimo-akmuo-awasedo-iromono","status":"publish","type":"product","link":"https:\/\/jnats.eu\/pt\/produto-2\/naturalus-japoniskas-galandinimo-uzbaigimo-akmuo-awasedo-iromono\/","title":{"rendered":"Awasedo Iromono Pedra de afiar natural japonesa para acabamento"},"content":{"rendered":"<ul class=\"wp-block-list\">\n<li><strong>Dureza: Lv 4<\/strong><\/li>\n\n\n\n<li><strong>Dimens\u00f5es: 198x72x25<\/strong> mm<\/li>\n\n\n\n<li><strong>Peso (com suporte): 1048 g.<\/strong><\/li>\n\n\n\n<li><strong>Desvantagens: a linha do canto \u00e9 mais \u00e1spera do que o resto da superf\u00edcie, mas pode ser facilmente evitada.<\/strong><\/li>\n<\/ul>\n\n\n\n<p>As pedras de afiar naturais japonesas s\u00e3o a escolha perfeita para chefes profissionais e outros produtores de alimentos que se esfor\u00e7am por obter resultados da mais alta qualidade na cozinha.<\/p>\n\n\n\n<p>As pedras japonesas s\u00e3o valorizadas pela sua estrutura especial, que confere \u00e0 l\u00e2mina excelentes propriedades de afia\u00e7\u00e3o. Os artes\u00e3os japoneses valorizam-na pelo seu equil\u00edbrio especial entre a densidade do gr\u00e3o e a suavidade, o que permite que a faca permane\u00e7a afiada durante mais tempo. Para al\u00e9m disso, o processo de afiar \u00e9 mais simples, uma vez que as pedras naturais n\u00e3o permitem a forma\u00e7\u00e3o de rebarbas, ao contr\u00e1rio das sint\u00e9ticas.<\/p>\n\n\n\n<p>A superf\u00edcie desta pedra \u00e9 razoavelmente lisa e uniforme, pelo que pode ter a certeza de que a sua faca ser\u00e1 afiada uniformemente do in\u00edcio ao fim.<\/p>\n\n\n\n<p>Para al\u00e9m de afiar facas, esta pedra natural japonesa tamb\u00e9m pode ser utilizada para afiar uma variedade de outras l\u00e2minas, em aplica\u00e7\u00f5es como tesouras ou cinz\u00e9is. \u00c9 uma ferramenta multifuncional que enriquecer\u00e1 o seu equipamento de cozinha.<\/p>\n\n\n\n<p>Proporcione \u00e0 sua faca uma experi\u00eancia de afia\u00e7\u00e3o \u00fanica que se adequa tanto a cozinheiros profissionais como a cozinheiros dom\u00e9sticos que procuram a mais elevada qualidade e um resultado perfeito.<\/p>\n\n\n\n<figure class=\"wp-block-embed is-type-video is-provider-youtube wp-block-embed-youtube wp-embed-aspect-16-9 wp-has-aspect-ratio\"><div class=\"wp-block-embed__wrapper\">\n<div class=\"video-container\"><iframe title=\"JNATS Awasedo\" width=\"1170\" height=\"658\" src=\"https:\/\/www.youtube.com\/embed\/9KOBiaxAnt8?start=20&#038;feature=oembed\" frameborder=\"0\" allow=\"accelerometer; autoplay; clipboard-write; encrypted-media; gyroscope; picture-in-picture; web-share\" allowfullscreen><\/iframe><\/div>\n<\/div><\/figure>","protected":false},"excerpt":{"rendered":"<p><!-- wp:list --><\/p>\n<ul><!-- wp:list-item --><\/p>\n<li><strong>Dureza: Lv 4<\/strong><\/li>\n<p><!-- \/wp:list-item --><\/p>\n<p><!-- wp:list-item --><\/p>\n<li><strong>Dimens\u00f5es: 198x72x25 mm<\/strong><\/li>\n<p><!-- \/wp:list-item --><\/p>\n<p><!-- wp:list-item --><\/p>\n<li><strong>Peso (com suporte): 1048 g.<\/strong><\/li>\n<p><!-- \/wp:list-item --><\/p>\n<p><!-- wp:list-item --><\/p>\n<li><strong>Desvantagens: a linha do canto \u00e9 mais \u00e1spera do que o resto da superf\u00edcie, mas pode ser facilmente evitada.<\/strong><\/li>\n<p><!-- \/wp:list-item --><\/ul>\n<p><!-- \/wp:list --><\/p>","protected":false},"featured_media":1204,"comment_status":"open","ping_status":"closed","template":"","meta":[],"product_brand":[],"product_cat":[22],"product_tag":[40,41],"class_list":{"0":"post-110","1":"product","2":"type-product","3":"status-publish","4":"has-post-thumbnail","6":"product_cat-jnats","7":"product_tag-awasedo","8":"product_tag-iromono","9":"product_shipping_class-iprastas","11":"first","12":"outofstock","13":"sale","14":"shipping-taxable","15":"purchasable","16":"product-type-simple"},"_links":{"self":[{"href":"https:\/\/jnats.eu\/pt\/wp-json\/wp\/v2\/product\/110","targetHints":{"allow":["GET"]}}],"collection":[{"href":"https:\/\/jnats.eu\/pt\/wp-json\/wp\/v2\/product"}],"about":[{"href":"https:\/\/jnats.eu\/pt\/wp-json\/wp\/v2\/types\/product"}],"replies":[{"embeddable":true,"href":"https:\/\/jnats.eu\/pt\/wp-json\/wp\/v2\/comments?post=110"}],"wp:featuredmedia":[{"embeddable":true,"href":"https:\/\/jnats.eu\/pt\/wp-json\/wp\/v2\/media\/1204"}],"wp:attachment":[{"href":"https:\/\/jnats.eu\/pt\/wp-json\/wp\/v2\/media?parent=110"}],"wp:term":[{"taxonomy":"product_brand","embeddable":true,"href":"https:\/\/jnats.eu\/pt\/wp-json\/wp\/v2\/product_brand?post=110"},{"taxonomy":"product_cat","embeddable":true,"href":"https:\/\/jnats.eu\/pt\/wp-json\/wp\/v2\/product_cat?post=110"},{"taxonomy":"product_tag","embeddable":true,"href":"https:\/\/jnats.eu\/pt\/wp-json\/wp\/v2\/product_tag?post=110"}],"curies":[{"name":"wp","href":"https:\/\/api.w.org\/{rel}","templated":true}]}}