{"id":117,"date":"2024-02-21T11:57:24","date_gmt":"2024-02-21T09:57:24","guid":{"rendered":"http:\/\/jnats.eu\/?post_type=product&#038;p=117"},"modified":"2024-08-19T23:02:13","modified_gmt":"2024-08-19T20:02:13","slug":"naturalus-japoniskas-galandinimo-uzbaigimo-akmuo-shobudani-mizu-asagi","status":"publish","type":"product","link":"https:\/\/jnats.eu\/pt\/produto-2\/naturalus-japoniskas-galandinimo-uzbaigimo-akmuo-shobudani-mizu-asagi\/","title":{"rendered":"Shobudani Mizu Asagi Pedra de afiar natural japonesa"},"content":{"rendered":"<ul class=\"wp-block-list\">\n<li><strong>Dureza: Lv 4<\/strong><\/li>\n\n\n\n<li><strong>Dimens\u00f5es: 198x70x22 mm<\/strong><\/li>\n\n\n\n<li><strong>Peso: 772 g.<\/strong><\/li>\n\n\n\n<li><strong>Adequado para o acabamento de facas de a\u00e7o-carbono, tesouras, ferramentas de carpintaria, l\u00e2minas de barbear, etc.<\/strong><\/li>\n<\/ul>\n\n\n\n<p>A pedra de amolar japonesa natural Shobudani Mizu Asagi \u00e9 um utens\u00edlio excecional com uma estrutura ultrafina que permite obter uma nitidez da mais alta qualidade. Esta pedra n\u00e3o \u00e9 apenas uma ferramenta pr\u00e1tica na cozinha, mas tamb\u00e9m um tesouro art\u00edstico que \u00e9 apreciado por um verdadeiro artes\u00e3o. <\/p>\n\n\n\n<p>A pedra Shobudani Mizu Asagi \u00e9 fascinante pela sua cor e textura \u00fanicas. A sua superf\u00edcie \u00e9 delicadamente modelada e tem tonalidades naturais multicoloridas que lhe conferem um encanto especial. Para al\u00e9m disso, os minerais e oligoelementos contidos nesta pedra contribuem para a singularidade dos resultados de afia\u00e7\u00e3o.<\/p>\n\n\n\n<p>Esta pedra japonesa tem a extraordin\u00e1ria capacidade de criar um fio quase afiado numa l\u00e2mina de a\u00e7o-carbono. Isto significa que a sua faca receber\u00e1 um corte extremamente afiado que cortar\u00e1 facilmente os alimentos, mantendo a durabilidade ideal da forma e da nitidez da faca.<\/p>\n\n\n\n<p>A pedra Shobudani Mizu Asagi n\u00e3o \u00e9 apenas adequada para chefs profissionais, mas tamb\u00e9m para entusiastas da cozinha dom\u00e9stica que se esfor\u00e7am por obter o resultado de afia\u00e7\u00e3o perfeito. Esta pedra n\u00e3o s\u00f3 assegura que a sua faca se mant\u00e9m afiada durante mais tempo, como tamb\u00e9m d\u00e1 um toque distinto ao seu equipamento de cozinha. Compre a pedra Shobudani Mizu Asagi e descubra a verdadeira arte da afia\u00e7\u00e3o japonesa.<\/p>\n\n\n\n<figure class=\"wp-block-embed is-type-video is-provider-youtube wp-block-embed-youtube wp-embed-aspect-16-9 wp-has-aspect-ratio\"><div class=\"wp-block-embed__wrapper\">\n<div class=\"video-container\"><iframe title=\"JNATS Awasedo\" width=\"1170\" height=\"658\" src=\"https:\/\/www.youtube.com\/embed\/9KOBiaxAnt8?start=782&#038;feature=oembed\" frameborder=\"0\" allow=\"accelerometer; autoplay; clipboard-write; encrypted-media; gyroscope; picture-in-picture; web-share\" allowfullscreen><\/iframe><\/div>\n<\/div><\/figure>","protected":false},"excerpt":{"rendered":"<ul>\n<li><strong>Dureza: Lv 4<\/strong><\/li>\n<li><strong>Dimens\u00f5es: 198x70x22 mm<\/strong><\/li>\n<li><strong>Peso: 772 g.<\/strong><\/li>\n<li><strong>Adequado para o acabamento de facas de a\u00e7o-carbono, tesouras, ferramentas de carpintaria, l\u00e2minas de barbear, etc.<\/strong><\/li>\n<\/ul>","protected":false},"featured_media":1271,"comment_status":"open","ping_status":"closed","template":"","meta":[],"product_brand":[],"product_cat":[22],"product_tag":[45,44],"class_list":{"0":"post-117","1":"product","2":"type-product","3":"status-publish","4":"has-post-thumbnail","6":"product_cat-jnats","7":"product_tag-asagi","8":"product_tag-shobudani","9":"product_shipping_class-iprastas","11":"first","12":"outofstock","13":"sale","14":"shipping-taxable","15":"purchasable","16":"product-type-simple"},"_links":{"self":[{"href":"https:\/\/jnats.eu\/pt\/wp-json\/wp\/v2\/product\/117","targetHints":{"allow":["GET"]}}],"collection":[{"href":"https:\/\/jnats.eu\/pt\/wp-json\/wp\/v2\/product"}],"about":[{"href":"https:\/\/jnats.eu\/pt\/wp-json\/wp\/v2\/types\/product"}],"replies":[{"embeddable":true,"href":"https:\/\/jnats.eu\/pt\/wp-json\/wp\/v2\/comments?post=117"}],"wp:featuredmedia":[{"embeddable":true,"href":"https:\/\/jnats.eu\/pt\/wp-json\/wp\/v2\/media\/1271"}],"wp:attachment":[{"href":"https:\/\/jnats.eu\/pt\/wp-json\/wp\/v2\/media?parent=117"}],"wp:term":[{"taxonomy":"product_brand","embeddable":true,"href":"https:\/\/jnats.eu\/pt\/wp-json\/wp\/v2\/product_brand?post=117"},{"taxonomy":"product_cat","embeddable":true,"href":"https:\/\/jnats.eu\/pt\/wp-json\/wp\/v2\/product_cat?post=117"},{"taxonomy":"product_tag","embeddable":true,"href":"https:\/\/jnats.eu\/pt\/wp-json\/wp\/v2\/product_tag?post=117"}],"curies":[{"name":"wp","href":"https:\/\/api.w.org\/{rel}","templated":true}]}}