{"id":125,"date":"2024-02-21T12:09:07","date_gmt":"2024-02-21T10:09:07","guid":{"rendered":"http:\/\/jnats.eu\/?post_type=product&#038;p=125"},"modified":"2025-09-27T14:51:41","modified_gmt":"2025-09-27T11:51:41","slug":"ohira-awasedo","status":"publish","type":"product","link":"https:\/\/jnats.eu\/pt\/produto-2\/ohira-awasedo\/","title":{"rendered":"Ohira Nashiji Awasedo Pedra natural japonesa para afiar"},"content":{"rendered":"<p><br><\/p>\n\n\n\n<ul class=\"wp-block-list\">\n<li><strong>Dureza: Lv 4<\/strong><\/li>\n\n\n\n<li><strong>Dimens\u00f5es: 205x75x33 mm<\/strong><\/li>\n\n\n\n<li><strong>Peso: 1230 g.<\/strong><\/li>\n\n\n\n<li><strong>Adequado para o acabamento de facas de a\u00e7o-carbono, tesouras, talhadeiras e outras ferramentas.<\/strong><\/li>\n<\/ul>\n\n\n\n<p>Ohira Awasedo \u00e9 uma pedra de amolar especial japonesa que \u00e9 apreciada por artes\u00e3os e cozinheiros profissionais em todo o mundo. Esta pedra \u00e9 produzida a partir de fontes naturais \u00fanicas na regi\u00e3o da Montanha Ohira no Jap\u00e3o, que lhe conferem a sua composi\u00e7\u00e3o e propriedades especiais.<\/p>\n\n\n\n<p>A Ohira Awasedo \u00e9 conhecida pelo seu elevado teor de minerais e pela sua textura especial, que lhe confere um efeito \u00fanico de afia\u00e7\u00e3o da l\u00e2mina. Esta pedra \u00e9 especial porque cont\u00e9m uma variedade de minerais, tais como talco, quartzo e outras part\u00edculas microsc\u00f3picas que formam uma superf\u00edcie de afia\u00e7\u00e3o delicada e eficaz.<\/p>\n\n\n\n<p>O Ohira Awasedo n\u00e3o s\u00f3 confere \u00e0 faca uma afia\u00e7\u00e3o excecional, como tamb\u00e9m ajuda a criar um efeito de polimento especial na l\u00e2mina. Isto resulta n\u00e3o s\u00f3 num elevado n\u00edvel de afia\u00e7\u00e3o, mas tamb\u00e9m numa superf\u00edcie atraente que confere \u00e0 faca n\u00e3o s\u00f3 uma elevada qualidade funcional, mas tamb\u00e9m um valor est\u00e9tico.<\/p>\n\n\n\n<p>Esta pedra Ohira Awasedo \u00e9 adequada tanto para profissionais como para cozinheiros dom\u00e9sticos que procuram a mais elevada qualidade de afia\u00e7\u00e3o e excelentes resultados para as suas facas. \u00c9 uma ferramenta \u00fanica que acrescentar\u00e1 valor aos seus cozinhados e dar\u00e1 \u00e0 sua faca uma afia\u00e7\u00e3o especial e um efeito de polimento excecional.<\/p>\n\n\n\n<figure class=\"wp-block-embed is-type-video is-provider-youtube wp-block-embed-youtube wp-embed-aspect-16-9 wp-has-aspect-ratio\"><div class=\"wp-block-embed__wrapper\">\n<div class=\"video-container\"><iframe title=\"JNATS Pedras brancas de Awasedo\" width=\"1170\" height=\"658\" src=\"https:\/\/www.youtube.com\/embed\/9KOBiaxAnt8?feature=oembed\" frameborder=\"0\" allow=\"accelerometer; autoplay; clipboard-write; encrypted-media; gyroscope; picture-in-picture; web-share\" referrerpolicy=\"strict-origin-when-cross-origin\" allowfullscreen><\/iframe><\/div>\n<\/div><\/figure>","protected":false},"excerpt":{"rendered":"<ul>\n<li><strong>Dureza: Lv 4<\/strong><\/li>\n<li><strong>Dimens\u00f5es: 205x75x33 mm<\/strong><\/li>\n<li><strong>Peso: 1230 g.<\/strong><\/li>\n<li><strong>Adequado para o acabamento de facas de a\u00e7o-carbono, tesouras e ferramentas de carpintaria.<\/strong><\/li>\n<\/ul>","protected":false},"featured_media":1239,"comment_status":"open","ping_status":"closed","template":"","meta":[],"product_brand":[],"product_cat":[22],"product_tag":[40,48,47,46],"class_list":{"0":"post-125","1":"product","2":"type-product","3":"status-publish","4":"has-post-thumbnail","6":"product_cat-jnats","7":"product_tag-awasedo","8":"product_tag-nashiji","9":"product_tag-ohira","10":"product_tag-ohira-awasedo","11":"product_shipping_class-iprastas","13":"first","14":"outofstock","15":"sale","16":"shipping-taxable","17":"purchasable","18":"product-type-simple"},"_links":{"self":[{"href":"https:\/\/jnats.eu\/pt\/wp-json\/wp\/v2\/product\/125","targetHints":{"allow":["GET"]}}],"collection":[{"href":"https:\/\/jnats.eu\/pt\/wp-json\/wp\/v2\/product"}],"about":[{"href":"https:\/\/jnats.eu\/pt\/wp-json\/wp\/v2\/types\/product"}],"replies":[{"embeddable":true,"href":"https:\/\/jnats.eu\/pt\/wp-json\/wp\/v2\/comments?post=125"}],"wp:featuredmedia":[{"embeddable":true,"href":"https:\/\/jnats.eu\/pt\/wp-json\/wp\/v2\/media\/1239"}],"wp:attachment":[{"href":"https:\/\/jnats.eu\/pt\/wp-json\/wp\/v2\/media?parent=125"}],"wp:term":[{"taxonomy":"product_brand","embeddable":true,"href":"https:\/\/jnats.eu\/pt\/wp-json\/wp\/v2\/product_brand?post=125"},{"taxonomy":"product_cat","embeddable":true,"href":"https:\/\/jnats.eu\/pt\/wp-json\/wp\/v2\/product_cat?post=125"},{"taxonomy":"product_tag","embeddable":true,"href":"https:\/\/jnats.eu\/pt\/wp-json\/wp\/v2\/product_tag?post=125"}],"curies":[{"name":"wp","href":"https:\/\/api.w.org\/{rel}","templated":true}]}}