{"id":1371,"date":"2024-04-11T14:39:28","date_gmt":"2024-04-11T11:39:28","guid":{"rendered":"http:\/\/jnats.eu\/?post_type=product&#038;p=1371"},"modified":"2024-07-18T22:36:07","modified_gmt":"2024-07-18T19:36:07","slug":"japoniskas-naturalus-galandimo-akmuo","status":"publish","type":"product","link":"https:\/\/jnats.eu\/pt\/produto-2\/japoniskas-naturalus-galandimo-akmuo\/","title":{"rendered":"Pedra de amolar natural japonesa"},"content":{"rendered":"<ul class=\"wp-block-list\">\n<li>Adequado para o acabamento de facas e ferramentas onde n\u00e3o \u00e9 necess\u00e1ria uma elevada precis\u00e3o, uma vez que a pedra n\u00e3o \u00e9 muito homog\u00e9nea. Uma pedra muito dura, lenta e \u00e1spera.<\/li>\n\n\n\n<li>Dimens\u00f5es: 180x62x28 mm<\/li>\n\n\n\n<li>Peso: 560 g<\/li>\n\n\n\n<li>Dureza: Lv 5<\/li>\n\n\n\n<li>Origem desconhecida<\/li>\n<\/ul>","protected":false},"excerpt":{"rendered":"<p><!-- wp:list --><\/p>\n<ul><!-- wp:list-item --><\/p>\n<li>Adequado para o acabamento de facas e ferramentas onde n\u00e3o \u00e9 necess\u00e1ria uma elevada precis\u00e3o, uma vez que a pedra n\u00e3o \u00e9 muito homog\u00e9nea. Uma pedra muito dura, lenta e \u00e1spera.<\/li>\n<p><!-- \/wp:list-item --><\/p>\n<p><!-- wp:list-item --><\/p>\n<li>Dimens\u00f5es: 180x62x28 mm<\/li>\n<p><!-- \/wp:list-item --><\/p>\n<p><!-- wp:list-item --><\/p>\n<li>Peso: 560 g<\/li>\n<p><!-- \/wp:list-item --><\/p>\n<p><!-- wp:list-item --><\/p>\n<li>Dureza: Lv 5<\/li>\n<p><!-- \/wp:list-item --><\/ul>\n<p><!-- \/wp:list --><\/p>","protected":false},"featured_media":1372,"comment_status":"open","ping_status":"closed","template":"","meta":[],"product_brand":[],"product_cat":[22],"product_tag":[90],"class_list":{"0":"post-1371","1":"product","2":"type-product","3":"status-publish","4":"has-post-thumbnail","6":"product_cat-jnats","7":"product_tag-natural-whetstone","8":"product_shipping_class-iprastas","10":"first","11":"outofstock","12":"shipping-taxable","13":"purchasable","14":"product-type-simple"},"_links":{"self":[{"href":"https:\/\/jnats.eu\/pt\/wp-json\/wp\/v2\/product\/1371","targetHints":{"allow":["GET"]}}],"collection":[{"href":"https:\/\/jnats.eu\/pt\/wp-json\/wp\/v2\/product"}],"about":[{"href":"https:\/\/jnats.eu\/pt\/wp-json\/wp\/v2\/types\/product"}],"replies":[{"embeddable":true,"href":"https:\/\/jnats.eu\/pt\/wp-json\/wp\/v2\/comments?post=1371"}],"wp:featuredmedia":[{"embeddable":true,"href":"https:\/\/jnats.eu\/pt\/wp-json\/wp\/v2\/media\/1372"}],"wp:attachment":[{"href":"https:\/\/jnats.eu\/pt\/wp-json\/wp\/v2\/media?parent=1371"}],"wp:term":[{"taxonomy":"product_brand","embeddable":true,"href":"https:\/\/jnats.eu\/pt\/wp-json\/wp\/v2\/product_brand?post=1371"},{"taxonomy":"product_cat","embeddable":true,"href":"https:\/\/jnats.eu\/pt\/wp-json\/wp\/v2\/product_cat?post=1371"},{"taxonomy":"product_tag","embeddable":true,"href":"https:\/\/jnats.eu\/pt\/wp-json\/wp\/v2\/product_tag?post=1371"}],"curies":[{"name":"wp","href":"https:\/\/api.w.org\/{rel}","templated":true}]}}