{"id":1376,"date":"2024-04-11T14:43:05","date_gmt":"2024-04-11T11:43:05","guid":{"rendered":"http:\/\/jnats.eu\/?post_type=product&#038;p=1376"},"modified":"2024-05-13T10:16:41","modified_gmt":"2024-05-13T07:16:41","slug":"okudo-japoniskas-naturalus-galandimo-akmuo-2","status":"publish","type":"product","link":"https:\/\/jnats.eu\/pt\/produto-2\/okudo-japoniskas-naturalus-galandimo-akmuo-2\/","title":{"rendered":"Pedra de afiar natural japonesa Okudo"},"content":{"rendered":"<ul class=\"wp-block-list\">\n<li>Adequado para facas de acabamento e ferramentas onde n\u00e3o \u00e9 necess\u00e1ria uma elevada precis\u00e3o, uma vez que a pedra n\u00e3o \u00e9 homog\u00e9nea e tem irregularidades. Pode n\u00e3o ser poss\u00edvel alis\u00e1-las porque a camada seguinte pode ser a mesma e esta pedra \u00e9 muito, muito dif\u00edcil de alisar.<\/li>\n\n\n\n<li>Dimens\u00f5es: 198x80x18 mm<\/li>\n\n\n\n<li>Peso: 800 g<\/li>\n\n\n\n<li>Dureza: Lv 5<\/li>\n<\/ul>","protected":false},"excerpt":{"rendered":"<p><!-- wp:list --><\/p>\n<ul><!-- wp:list-item --><\/p>\n<li>Adequado para facas de acabamento e ferramentas onde n\u00e3o \u00e9 necess\u00e1ria uma elevada precis\u00e3o, uma vez que a pedra n\u00e3o \u00e9 homog\u00e9nea e tem irregularidades. Pode n\u00e3o ser poss\u00edvel alis\u00e1-las porque a camada seguinte pode ser a mesma e esta pedra \u00e9 muito, muito dif\u00edcil de alisar.<\/li>\n<p><!-- \/wp:list-item --><\/p>\n<p><!-- wp:list-item --><\/p>\n<li>Dimens\u00f5es: 198x80x18 mm<\/li>\n<p><!-- \/wp:list-item --><\/p>\n<p><!-- wp:list-item --><\/p>\n<li>Peso: 800 g<\/li>\n<p><!-- \/wp:list-item --><\/p>\n<p><!-- wp:list-item --><\/p>\n<li>Dureza: Lv 5<\/li>\n<p><!-- \/wp:list-item --><\/ul>\n<p><!-- \/wp:list --><\/p>","protected":false},"featured_media":1379,"comment_status":"open","ping_status":"closed","template":"","meta":[],"product_brand":[],"product_cat":[22],"product_tag":[90],"class_list":{"0":"post-1376","1":"product","2":"type-product","3":"status-publish","4":"has-post-thumbnail","6":"product_cat-jnats","7":"product_tag-natural-whetstone","8":"product_shipping_class-iprastas","10":"first","11":"outofstock","12":"shipping-taxable","13":"purchasable","14":"product-type-simple"},"_links":{"self":[{"href":"https:\/\/jnats.eu\/pt\/wp-json\/wp\/v2\/product\/1376","targetHints":{"allow":["GET"]}}],"collection":[{"href":"https:\/\/jnats.eu\/pt\/wp-json\/wp\/v2\/product"}],"about":[{"href":"https:\/\/jnats.eu\/pt\/wp-json\/wp\/v2\/types\/product"}],"replies":[{"embeddable":true,"href":"https:\/\/jnats.eu\/pt\/wp-json\/wp\/v2\/comments?post=1376"}],"wp:featuredmedia":[{"embeddable":true,"href":"https:\/\/jnats.eu\/pt\/wp-json\/wp\/v2\/media\/1379"}],"wp:attachment":[{"href":"https:\/\/jnats.eu\/pt\/wp-json\/wp\/v2\/media?parent=1376"}],"wp:term":[{"taxonomy":"product_brand","embeddable":true,"href":"https:\/\/jnats.eu\/pt\/wp-json\/wp\/v2\/product_brand?post=1376"},{"taxonomy":"product_cat","embeddable":true,"href":"https:\/\/jnats.eu\/pt\/wp-json\/wp\/v2\/product_cat?post=1376"},{"taxonomy":"product_tag","embeddable":true,"href":"https:\/\/jnats.eu\/pt\/wp-json\/wp\/v2\/product_tag?post=1376"}],"curies":[{"name":"wp","href":"https:\/\/api.w.org\/{rel}","templated":true}]}}