{"id":1386,"date":"2024-04-11T14:54:22","date_gmt":"2024-04-11T11:54:22","guid":{"rendered":"http:\/\/jnats.eu\/?post_type=product&#038;p=1386"},"modified":"2025-05-19T12:46:43","modified_gmt":"2025-05-19T09:46:43","slug":"zalias-agatas-ir-baltas-kiniskas-naturalus-galandimo-akmuo","status":"publish","type":"product","link":"https:\/\/jnats.eu\/pt\/produto-2\/zalias-agatas-ir-baltas-kiniskas-naturalus-galandimo-akmuo\/","title":{"rendered":"\u00c1gata verde e quartzito branco, pedra de afiar natural chinesa"},"content":{"rendered":"<ul class=\"wp-block-list\">\n<li>Dimens\u00f5es: 197x49x24 mm<\/li>\n\n\n\n<li>Peso: 690 g<\/li>\n\n\n\n<li>Dureza: Lv 4.7<\/li>\n\n\n\n<li>Adequado para o acabamento de facas e ferramentas onde n\u00e3o \u00e9 necess\u00e1ria uma elevada precis\u00e3o. A pedra n\u00e3o \u00e9 muito homog\u00e9nea. Os dois lados est\u00e3o prontos a ser utilizados. Funciona com lubrificante.<\/li>\n<\/ul>","protected":false},"excerpt":{"rendered":"<p><!-- wp:list --><\/p>\n<ul><!-- wp:list-item --><\/p>\n<li>Dimens\u00f5es: 197x49x24 mm<\/li>\n<p><!-- \/wp:list-item --><\/p>\n<p><!-- wp:list-item --><\/p>\n<li>Peso: 690 g<\/li>\n<p><!-- \/wp:list-item --><\/p>\n<p><!-- wp:list-item --><\/p>\n<li>Dureza: Lv 4.7<\/li>\n<p><!-- \/wp:list-item --><\/p>\n<p><!-- wp:list-item --><\/p>\n<li>Adequado para o acabamento de facas e ferramentas onde n\u00e3o \u00e9 necess\u00e1ria uma elevada precis\u00e3o. A pedra n\u00e3o \u00e9 muito homog\u00e9nea. Os dois lados est\u00e3o prontos a ser utilizados. Funciona com lubrificante.<\/li>\n<p><!-- \/wp:list-item --><\/ul>\n<p><!-- \/wp:list --><\/p>","protected":false},"featured_media":1387,"comment_status":"open","ping_status":"closed","template":"","meta":[],"product_brand":[],"product_cat":[22],"product_tag":[188],"class_list":{"0":"post-1386","1":"product","2":"type-product","3":"status-publish","4":"has-post-thumbnail","6":"product_cat-jnats","7":"product_tag-kiniskas","9":"first","10":"instock","11":"shipping-taxable","12":"purchasable","13":"product-type-simple"},"_links":{"self":[{"href":"https:\/\/jnats.eu\/pt\/wp-json\/wp\/v2\/product\/1386","targetHints":{"allow":["GET"]}}],"collection":[{"href":"https:\/\/jnats.eu\/pt\/wp-json\/wp\/v2\/product"}],"about":[{"href":"https:\/\/jnats.eu\/pt\/wp-json\/wp\/v2\/types\/product"}],"replies":[{"embeddable":true,"href":"https:\/\/jnats.eu\/pt\/wp-json\/wp\/v2\/comments?post=1386"}],"wp:featuredmedia":[{"embeddable":true,"href":"https:\/\/jnats.eu\/pt\/wp-json\/wp\/v2\/media\/1387"}],"wp:attachment":[{"href":"https:\/\/jnats.eu\/pt\/wp-json\/wp\/v2\/media?parent=1386"}],"wp:term":[{"taxonomy":"product_brand","embeddable":true,"href":"https:\/\/jnats.eu\/pt\/wp-json\/wp\/v2\/product_brand?post=1386"},{"taxonomy":"product_cat","embeddable":true,"href":"https:\/\/jnats.eu\/pt\/wp-json\/wp\/v2\/product_cat?post=1386"},{"taxonomy":"product_tag","embeddable":true,"href":"https:\/\/jnats.eu\/pt\/wp-json\/wp\/v2\/product_tag?post=1386"}],"curies":[{"name":"wp","href":"https:\/\/api.w.org\/{rel}","templated":true}]}}