{"id":1412,"date":"2024-04-11T15:19:07","date_gmt":"2024-04-11T12:19:07","guid":{"rendered":"http:\/\/jnats.eu\/?post_type=product&#038;p=1412"},"modified":"2025-03-04T09:11:01","modified_gmt":"2025-03-04T07:11:01","slug":"okudo-shiro-suita-japoniskas-naturalus-galandimo-akmuo","status":"publish","type":"product","link":"https:\/\/jnats.eu\/pt\/produto-2\/okudo-shiro-suita-japoniskas-naturalus-galandimo-akmuo\/","title":{"rendered":"Pedra de afiar natural japonesa Okudo Shiro Suita"},"content":{"rendered":"<ul class=\"wp-block-list\">\n<li>Adequado para o acabamento de l\u00e2minas de barbear, facas, tesouras, ferramentas de carpintaria e outras.<\/li>\n\n\n\n<li>Dimens\u00f5es: 203x74x42 mm<\/li>\n\n\n\n<li>Peso: 1620 g<\/li>\n\n\n\n<li>Dureza: Lv 4.5<\/li>\n\n\n\n<li>Tem uma velocidade m\u00e9dia e uma suavidade de funcionamento. A acelera\u00e7\u00e3o pode ser conseguida com a ajuda de um prego ou esfregando com uma placa de diamante \u00e1spera. D\u00e1 um acabamento espelhado.<\/li>\n<\/ul>","protected":false},"excerpt":{"rendered":"<p><!-- wp:list --><\/p>\n<ul><!-- wp:list-item --><\/p>\n<li>Adequado para o acabamento de l\u00e2minas de barbear, facas, tesouras, ferramentas de carpintaria e outras.<\/li>\n<p><!-- \/wp:list-item --><\/p>\n<p><!-- wp:list-item --><\/p>\n<li>Dimens\u00f5es: 203x74x42 mm<\/li>\n<p><!-- \/wp:list-item --><\/p>\n<p><!-- wp:list-item --><\/p>\n<li>Peso: 1620 g<\/li>\n<p><!-- \/wp:list-item --><\/p>\n<p><!-- wp:list-item --><\/p>\n<li>Dureza: Lv 4.5<\/li>\n<p><!-- \/wp:list-item --><\/p>\n<p><!-- wp:list-item --><\/p>\n<li>Tem uma velocidade m\u00e9dia e uma suavidade de funcionamento. A acelera\u00e7\u00e3o pode ser conseguida com a ajuda de um prego ou esfregando com uma placa de diamante \u00e1spera. D\u00e1 um acabamento espelhado.<\/li>\n<p><!-- \/wp:list-item --><\/ul>\n<p><!-- \/wp:list --><\/p>","protected":false},"featured_media":1416,"comment_status":"open","ping_status":"closed","template":"","meta":[],"product_brand":[],"product_cat":[22],"product_tag":[142,87,50],"class_list":{"0":"post-1412","1":"product","2":"type-product","3":"status-publish","4":"has-post-thumbnail","6":"product_cat-jnats","7":"product_tag-okudo","8":"product_tag-shiro","9":"product_tag-suita","10":"product_shipping_class-iprastas","12":"first","13":"outofstock","14":"sale","15":"shipping-taxable","16":"purchasable","17":"product-type-simple"},"_links":{"self":[{"href":"https:\/\/jnats.eu\/pt\/wp-json\/wp\/v2\/product\/1412","targetHints":{"allow":["GET"]}}],"collection":[{"href":"https:\/\/jnats.eu\/pt\/wp-json\/wp\/v2\/product"}],"about":[{"href":"https:\/\/jnats.eu\/pt\/wp-json\/wp\/v2\/types\/product"}],"replies":[{"embeddable":true,"href":"https:\/\/jnats.eu\/pt\/wp-json\/wp\/v2\/comments?post=1412"}],"wp:featuredmedia":[{"embeddable":true,"href":"https:\/\/jnats.eu\/pt\/wp-json\/wp\/v2\/media\/1416"}],"wp:attachment":[{"href":"https:\/\/jnats.eu\/pt\/wp-json\/wp\/v2\/media?parent=1412"}],"wp:term":[{"taxonomy":"product_brand","embeddable":true,"href":"https:\/\/jnats.eu\/pt\/wp-json\/wp\/v2\/product_brand?post=1412"},{"taxonomy":"product_cat","embeddable":true,"href":"https:\/\/jnats.eu\/pt\/wp-json\/wp\/v2\/product_cat?post=1412"},{"taxonomy":"product_tag","embeddable":true,"href":"https:\/\/jnats.eu\/pt\/wp-json\/wp\/v2\/product_tag?post=1412"}],"curies":[{"name":"wp","href":"https:\/\/api.w.org\/{rel}","templated":true}]}}