{"id":1470,"date":"2024-04-12T12:00:06","date_gmt":"2024-04-12T09:00:06","guid":{"rendered":"http:\/\/jnats.eu\/?post_type=product&#038;p=1470"},"modified":"2024-11-12T10:34:54","modified_gmt":"2024-11-12T08:34:54","slug":"mizukihara-uchigumori-jnat","status":"publish","type":"product","link":"https:\/\/jnats.eu\/pt\/produto-2\/mizukihara-uchigumori-jnat\/","title":{"rendered":"Mizukihara Uchigumori Flores de l\u00f3tus"},"content":{"rendered":"<p>Esta pedra \u00e9 particularmente apreciada pelas pessoas que pretendem pedras de polir. \u00c9 bastante macia, mas liberta pouca lama e mant\u00e9m a sua forma razoavelmente bem. As Uchigumori n\u00e3o s\u00e3o as pedras mais r\u00e1pidas, mas os resultados de polimento s\u00e3o excepcionais. Sem amplia\u00e7\u00e3o, n\u00e3o ser\u00e3o vis\u00edveis riscos \u00f3bvios na superf\u00edcie da l\u00e2mina. O a\u00e7o temperado ter\u00e1 um brilho maravilhoso e a casca dever\u00e1 escurecer. Embora o uchigumori possa n\u00e3o revelar a estrutura fina do gr\u00e3o como um Suita mais fino e duro, os resultados s\u00e3o normalmente mais previs\u00edveis e mais f\u00e1ceis de obter. Com uma superf\u00edcie totalmente alisada, podem ser utilizados para pr\u00e9-acabar l\u00e2minas de barbear ou ferramentas, mas s\u00e3o mais adequados para polir uma faca de cozinha. Tamb\u00e9m podem ser utilizadas para afiar e produzir l\u00e2minas agressivas.<\/p>\n\n\n\n<p>A pedra est\u00e1 muito limpa, com apenas algumas linhas na parte inferior que n\u00e3o s\u00e3o suscept\u00edveis de causar problemas. A pedra \u00e9 cinzenta com pontos vermelhos chamados flores de l\u00f3tus. Estes \u00faltimos est\u00e3o espalhados por toda a pedra e formam um padr\u00e3o denso conhecido como renge. <\/p>\n\n\n\n<p>A superf\u00edcie da pedra \u00e9 alisada e est\u00e1 pronta a ser trabalhada. <\/p>\n\n\n\n<p>A mina de Mizukihara (\u6c34\u6728\u539f) perto de Ojira, que \u00e9 bem conhecida como outra fonte de uchigumori. Mizukihara ainda n\u00e3o \u00e9 usada intensivamente at\u00e9 hoje.<\/p>\n\n\n\n<figure class=\"wp-block-embed is-type-video is-provider-youtube wp-block-embed-youtube wp-embed-aspect-16-9 wp-has-aspect-ratio\"><div class=\"wp-block-embed__wrapper\">\n<div class=\"video-container\"><iframe title=\"Mizukihara Uchigumori, Kizuyama, Aiwatani\" width=\"1170\" height=\"658\" src=\"https:\/\/www.youtube.com\/embed\/Uzd6FESK3iY?feature=oembed\" frameborder=\"0\" allow=\"accelerometer; autoplay; clipboard-write; encrypted-media; gyroscope; picture-in-picture; web-share\" referrerpolicy=\"strict-origin-when-cross-origin\" allowfullscreen><\/iframe><\/div>\n<\/div><\/figure>","protected":false},"excerpt":{"rendered":"<ul>\n<li>Mais apreciada pelo acabamento Kasumi na l\u00e2mina Sanmai (a\u00e7o duro revestido com uma camada mais macia).<\/li>\n<li>Adequado para afiar facas, tesouras, ferramentas de carpintaria e outras ferramentas.<\/li>\n<li>Dimens\u00f5es: 230x85x32 mm<\/li>\n<li>Peso: 1420 g<\/li>\n<li>Dureza: Lv 3.5<\/li>\n<li>Tem uma velocidade de trabalho moderada e uma boa suavidade.<\/li>\n<li>Recomendamos que trabalhe com \u00e1gua morna, uma vez que a \u00e1gua fria prejudica a velocidade e a resposta.<\/li>\n<\/ul>","protected":false},"featured_media":1471,"comment_status":"open","ping_status":"closed","template":"","meta":[],"product_brand":[],"product_cat":[22],"product_tag":[192,193],"class_list":{"0":"post-1470","1":"product","2":"type-product","3":"status-publish","4":"has-post-thumbnail","6":"product_cat-jnats","7":"product_tag-mizukihara","8":"product_tag-uchigumori","9":"product_shipping_class-iprastas","11":"first","12":"outofstock","13":"shipping-taxable","14":"purchasable","15":"product-type-simple"},"_links":{"self":[{"href":"https:\/\/jnats.eu\/pt\/wp-json\/wp\/v2\/product\/1470","targetHints":{"allow":["GET"]}}],"collection":[{"href":"https:\/\/jnats.eu\/pt\/wp-json\/wp\/v2\/product"}],"about":[{"href":"https:\/\/jnats.eu\/pt\/wp-json\/wp\/v2\/types\/product"}],"replies":[{"embeddable":true,"href":"https:\/\/jnats.eu\/pt\/wp-json\/wp\/v2\/comments?post=1470"}],"wp:featuredmedia":[{"embeddable":true,"href":"https:\/\/jnats.eu\/pt\/wp-json\/wp\/v2\/media\/1471"}],"wp:attachment":[{"href":"https:\/\/jnats.eu\/pt\/wp-json\/wp\/v2\/media?parent=1470"}],"wp:term":[{"taxonomy":"product_brand","embeddable":true,"href":"https:\/\/jnats.eu\/pt\/wp-json\/wp\/v2\/product_brand?post=1470"},{"taxonomy":"product_cat","embeddable":true,"href":"https:\/\/jnats.eu\/pt\/wp-json\/wp\/v2\/product_cat?post=1470"},{"taxonomy":"product_tag","embeddable":true,"href":"https:\/\/jnats.eu\/pt\/wp-json\/wp\/v2\/product_tag?post=1470"}],"curies":[{"name":"wp","href":"https:\/\/api.w.org\/{rel}","templated":true}]}}