{"id":1488,"date":"2025-03-17T15:04:03","date_gmt":"2025-03-17T13:04:03","guid":{"rendered":"http:\/\/jnats.eu\/?post_type=product&#038;p=1488"},"modified":"2025-03-17T15:26:19","modified_gmt":"2025-03-17T13:26:19","slug":"sumi-nagashi-naturalus-japoniskas-akmuo-galandinimui","status":"publish","type":"product","link":"https:\/\/jnats.eu\/pt\/produto-2\/sumi-nagashi-naturalus-japoniskas-akmuo-galandinimui\/","title":{"rendered":"Pedra de afiar japonesa natural Aiwatani Suminagashi"},"content":{"rendered":"<p>Aiwatani \u00e9 uma pedra de afiar natural japonesa de alta qualidade para uma afia\u00e7\u00e3o profissional e precisa de facas, cinz\u00e9is e outras ferramentas. Extra\u00edda de aut\u00eanticas montanhas japonesas, esta pedra tem uma estrutura extremamente fina e gr\u00e3os uniformemente distribu\u00eddos que garantem um resultado de afia\u00e7\u00e3o perfeito.<\/p>\n\n\n\n<h3 class=\"wp-block-heading\">Caracter\u00edsticas:<\/h3>\n\n\n\n<p>\u2705 <strong>Origem natural<\/strong> - extra\u00eddo por m\u00e9todos tradicionais das minas japonesas.<br>\u2705 <strong>Afia\u00e7\u00e3o precisa e eficiente<\/strong> - garante l\u00e2minas afiadas com um m\u00ednimo de remo\u00e7\u00e3o de material.<br>\u2705 <strong>Durabilidade<\/strong> - duram mais do que as pedras sint\u00e9ticas devido \u00e0 sua estrutura densa.<br>\u2705 <strong>Universalidade<\/strong> - adequado tanto para facas como para outras ferramentas de alta qualidade.<\/p>\n\n\n\n<p>A pedra de afiar Aiwatani \u00e9 uma ferramenta indispens\u00e1vel para quem procura uma afia\u00e7\u00e3o de precis\u00e3o e o aut\u00eantico artesanato japon\u00eas.<\/p>\n\n\n\n<figure class=\"wp-block-embed is-type-video is-provider-youtube wp-block-embed-youtube wp-embed-aspect-16-9 wp-has-aspect-ratio\"><div class=\"wp-block-embed__wrapper\">\n<div class=\"video-container\"><iframe title=\"Pedras de afiar japonesas naturais Aiwatani\" width=\"1170\" height=\"658\" src=\"https:\/\/www.youtube.com\/embed\/7KUe1vRixzw?feature=oembed\" frameborder=\"0\" allow=\"accelerometer; autoplay; clipboard-write; encrypted-media; gyroscope; picture-in-picture; web-share\" referrerpolicy=\"strict-origin-when-cross-origin\" allowfullscreen><\/iframe><\/div>\n<\/div><\/figure>","protected":false},"excerpt":{"rendered":"<p><!-- wp:list --><\/p>\n<ul><!-- wp:list-item --><\/p>\n<li>Adequado para facas de acabamento, tesouras, ferramentas de carpintaria e outras ferramentas.<\/li>\n<p><!-- \/wp:list-item --><\/p>\n<p><!-- wp:list-item --><\/p>\n<li>Dimens\u00f5es: 211x85x37 mm<\/li>\n<p><!-- \/wp:list-item --><\/p>\n<p><!-- wp:list-item --><\/p>\n<li>Peso: 1650 g<\/li>\n<p><!-- \/wp:list-item --><\/p>\n<p><!-- wp:list-item --><\/p>\n<li>Dureza: Lv 4.5<\/li>\n<li>Linhas seguras<\/li>\n<p><!-- \/wp:list-item --><\/p>\n<p><!-- wp:list-item --><\/p>\n<li>Velocidade m\u00e9dia de funcionamento. A acelera\u00e7\u00e3o pode ser obtida com a suspens\u00e3o de pregos ou com uma placa de diamante rugosa.<\/li>\n<li>Tampa inferior com verniz<\/li>\n<p><!-- \/wp:list-item --><\/p>\n<p><!-- wp:list-item --><\/p>\n<li>Recomendamos que trabalhe com \u00e1gua morna, uma vez que a \u00e1gua fria prejudica a velocidade e a resposta.<\/li>\n<p><!-- \/wp:list-item --><\/ul>\n<p><!-- \/wp:list --><\/p>","protected":false},"featured_media":4062,"comment_status":"open","ping_status":"closed","template":"","meta":[],"product_brand":[],"product_cat":[22],"product_tag":[65],"class_list":{"0":"post-1488","1":"product","2":"type-product","3":"status-publish","4":"has-post-thumbnail","6":"product_cat-jnats","7":"product_tag-aiwatani","8":"product_shipping_class-iprastas","10":"first","11":"instock","12":"shipping-taxable","13":"purchasable","14":"product-type-simple"},"_links":{"self":[{"href":"https:\/\/jnats.eu\/pt\/wp-json\/wp\/v2\/product\/1488","targetHints":{"allow":["GET"]}}],"collection":[{"href":"https:\/\/jnats.eu\/pt\/wp-json\/wp\/v2\/product"}],"about":[{"href":"https:\/\/jnats.eu\/pt\/wp-json\/wp\/v2\/types\/product"}],"replies":[{"embeddable":true,"href":"https:\/\/jnats.eu\/pt\/wp-json\/wp\/v2\/comments?post=1488"}],"wp:featuredmedia":[{"embeddable":true,"href":"https:\/\/jnats.eu\/pt\/wp-json\/wp\/v2\/media\/4062"}],"wp:attachment":[{"href":"https:\/\/jnats.eu\/pt\/wp-json\/wp\/v2\/media?parent=1488"}],"wp:term":[{"taxonomy":"product_brand","embeddable":true,"href":"https:\/\/jnats.eu\/pt\/wp-json\/wp\/v2\/product_brand?post=1488"},{"taxonomy":"product_cat","embeddable":true,"href":"https:\/\/jnats.eu\/pt\/wp-json\/wp\/v2\/product_cat?post=1488"},{"taxonomy":"product_tag","embeddable":true,"href":"https:\/\/jnats.eu\/pt\/wp-json\/wp\/v2\/product_tag?post=1488"}],"curies":[{"name":"wp","href":"https:\/\/api.w.org\/{rel}","templated":true}]}}