{"id":152,"date":"2024-02-22T09:41:55","date_gmt":"2024-02-22T07:41:55","guid":{"rendered":"http:\/\/jnats.eu\/?post_type=product&#038;p=152"},"modified":"2024-05-02T23:31:57","modified_gmt":"2024-05-02T20:31:57","slug":"naturalus-japoniskas-akmuo-galandinimui-nakayama-kisuita","status":"publish","type":"product","link":"https:\/\/jnats.eu\/pt\/produto-2\/naturalus-japoniskas-akmuo-galandinimui-nakayama-kisuita\/","title":{"rendered":"Pedra de afiar japonesa natural Nakayama Kisuita"},"content":{"rendered":"<ul class=\"wp-block-list\">\n<li><strong>Dureza: Lv 5<\/strong><\/li>\n\n\n\n<li><strong>Dimens\u00f5es: 176x56x28 mm<\/strong><\/li>\n\n\n\n<li><strong>Peso (com suporte): 935 g.<\/strong><\/li>\n\n\n\n<li><strong>Uma pedra dura com uma estrutura homog\u00e9nea. As linhas s\u00e3o completamente seguras e n\u00e3o se sentem nada ao afiar. Selo da Associa\u00e7\u00e3o de Pedras Naturais de T\u00f3quio. Ideal para o acabamento de l\u00e2minas de barbear, facas, marcenaria e outras ferramentas.&nbsp;<\/strong><\/li>\n<\/ul>\n\n\n\n<p>Nakayama \u00e9 a mais alta das montanhas, entre as famosas pelas suas pedras de afiar naturais. A Nakayama Kisuita \u00e9 uma aut\u00eantica pedra japonesa, extra\u00edda com mestria para proporcionar uma experi\u00eancia de afia\u00e7\u00e3o da mais alta qualidade. Esta pedra destaca-se n\u00e3o s\u00f3 pela sua nobreza, mas tamb\u00e9m pela sua extrema naturalidade e poderoso desempenho de afia\u00e7\u00e3o.<\/p>\n\n\n\n<p>Caracter\u00edsticas:<\/p>\n\n\n\n<ol class=\"wp-block-list\">\n<li><strong>Fonte de origem \u00fanica<\/strong>Nakayama Kisuita \u00e9 extra\u00edda de uma regi\u00e3o montanhosa japonesa famosa pelos seus extraordin\u00e1rios minerais rochosos. Esta d\u00e1diva da natureza confere \u00e0 pedra as suas part\u00edculas abrasivas especiais e a sua textura para resultados de afia\u00e7\u00e3o superiores.<\/li>\n\n\n\n<li><strong>Gr\u00e3os finos<\/strong>A pedra tem uma estrutura fina mas abrasiva que permite uma afia\u00e7\u00e3o fina e precisa da faca ou de outras l\u00e2minas. \u00c9 ideal tanto para os artes\u00e3os profissionais como para os entusiastas da cozinha dom\u00e9stica.<\/li>\n\n\n\n<li><strong>Durabilidade e resist\u00eancia ao desgaste<\/strong>Nakayama Kisuita \u00e9 conhecida pela sua longevidade. Esta pedra \u00e9 resistente ao desgaste, pelo que pode ser utilizada durante muito tempo sem comprometer a sua nitidez.<\/li>\n\n\n\n<li><strong>Afia\u00e7\u00e3o limpa e natural<\/strong>A pedra permite obter um fio de corte extremamente afiado, mantendo a estrutura da l\u00e2mina intacta. Isto permite obter um resultado de afia\u00e7\u00e3o perfeito com um m\u00ednimo de esfor\u00e7o.<\/li>\n<\/ol>\n\n\n\n<p>A Nakayama Kisuita \u00e9 uma pedra com uma forma distinta e uma excelente qualidade que se tornar\u00e1 parte integrante da sua afia\u00e7\u00e3o. \u00c9 um verdadeiro s\u00edmbolo do artesanato japon\u00eas, permitindo-lhe desfrutar de um corte n\u00edtido e preciso sempre que utilizar a sua faca. Compre o Nakayama Kisuita e experimente a verdadeira arte da afia\u00e7\u00e3o japonesa!<\/p>","protected":false},"excerpt":{"rendered":"<ul>\n<li><strong>Dureza: Lv 5<\/strong><\/li>\n<li><strong>Dimens\u00f5es: 176x56x28 mm<\/strong><\/li>\n<li><strong>Peso (com suporte): 935 g.<\/strong><\/li>\n<li><strong>Uma pedra dura com uma estrutura homog\u00e9nea. As linhas s\u00e3o completamente seguras e n\u00e3o se sentem nada ao afiar. Selo da Associa\u00e7\u00e3o de Pedras Naturais de T\u00f3quio. Ideal para o acabamento de l\u00e2minas de barbear, facas, marcenaria e outras ferramentas.\u00a0<\/strong><\/li>\n<\/ul>","protected":false},"featured_media":1233,"comment_status":"open","ping_status":"closed","template":"","meta":[],"product_brand":[],"product_cat":[22],"product_tag":[49,50],"class_list":{"0":"post-152","1":"product","2":"type-product","3":"status-publish","4":"has-post-thumbnail","6":"product_cat-jnats","7":"product_tag-nakayama","8":"product_tag-suita","9":"product_shipping_class-iprastas","11":"first","12":"outofstock","13":"sale","14":"shipping-taxable","15":"purchasable","16":"product-type-simple"},"_links":{"self":[{"href":"https:\/\/jnats.eu\/pt\/wp-json\/wp\/v2\/product\/152","targetHints":{"allow":["GET"]}}],"collection":[{"href":"https:\/\/jnats.eu\/pt\/wp-json\/wp\/v2\/product"}],"about":[{"href":"https:\/\/jnats.eu\/pt\/wp-json\/wp\/v2\/types\/product"}],"replies":[{"embeddable":true,"href":"https:\/\/jnats.eu\/pt\/wp-json\/wp\/v2\/comments?post=152"}],"wp:featuredmedia":[{"embeddable":true,"href":"https:\/\/jnats.eu\/pt\/wp-json\/wp\/v2\/media\/1233"}],"wp:attachment":[{"href":"https:\/\/jnats.eu\/pt\/wp-json\/wp\/v2\/media?parent=152"}],"wp:term":[{"taxonomy":"product_brand","embeddable":true,"href":"https:\/\/jnats.eu\/pt\/wp-json\/wp\/v2\/product_brand?post=152"},{"taxonomy":"product_cat","embeddable":true,"href":"https:\/\/jnats.eu\/pt\/wp-json\/wp\/v2\/product_cat?post=152"},{"taxonomy":"product_tag","embeddable":true,"href":"https:\/\/jnats.eu\/pt\/wp-json\/wp\/v2\/product_tag?post=152"}],"curies":[{"name":"wp","href":"https:\/\/api.w.org\/{rel}","templated":true}]}}