{"id":1521,"date":"2025-12-06T15:14:58","date_gmt":"2025-12-06T13:14:58","guid":{"rendered":"http:\/\/jnats.eu\/?post_type=product&#038;p=1521"},"modified":"2026-01-13T09:06:01","modified_gmt":"2026-01-13T07:06:01","slug":"ohira-uchigumori-lotoso-ziedai-jnat","status":"publish","type":"product","link":"https:\/\/jnats.eu\/pt\/produto-2\/ohira-uchigumori-lotoso-ziedai-jnat\/","title":{"rendered":"Ohira Uchigumori Flores de l\u00f3tus Jnat"},"content":{"rendered":"<figure class=\"wp-block-embed is-type-video is-provider-youtube wp-block-embed-youtube wp-embed-aspect-9-16 wp-has-aspect-ratio\"><div class=\"wp-block-embed__wrapper\">\n<div class=\"video-container\"><iframe title=\"Ohira Uchigumori Jnats para a finaliza\u00e7\u00e3o de Kasumi\" width=\"563\" height=\"1000\" src=\"https:\/\/www.youtube.com\/embed\/33wKR1XYyac?feature=oembed\" frameborder=\"0\" allow=\"accelerometer; autoplay; clipboard-write; encrypted-media; gyroscope; picture-in-picture; web-share\" referrerpolicy=\"strict-origin-when-cross-origin\" allowfullscreen><\/iframe><\/div>\n<\/div><\/figure>\n\n\n\n<p>Esta pedra \u00e9 particularmente apreciada pelas pessoas que utilizam pedras de polir. \u00c9 bastante macia, mas produz pouca lama e mant\u00e9m a sua forma razoavelmente bem. As Uchigumori n\u00e3o s\u00e3o as pedras mais r\u00e1pidas, mas os resultados de polimento s\u00e3o verdadeiramente excepcionais. Sem a lupa, n\u00e3o ser\u00e3o vis\u00edveis riscos \u00f3bvios na superf\u00edcie da l\u00e2mina. O a\u00e7o temperado ter\u00e1 um brilho maravilhoso e a casca dever\u00e1 escurecer. Embora o uchigumori possa n\u00e3o revelar a estrutura fina do gr\u00e3o do a\u00e7o como um Suita mais fino e duro, os resultados s\u00e3o normalmente mais previs\u00edveis e f\u00e1ceis de obter. Com uma superf\u00edcie totalmente alisada, podem ser utilizados para pr\u00e9-acabar l\u00e2minas de barbear ou ferramentas, mas s\u00e3o mais adequados para polir facas de cozinha. Tamb\u00e9m podem ser utilizadas para afiar e proporcionam um corte bastante agressivo.<\/p>\n\n\n\n<p>As pedras est\u00e3o razoavelmente limpas e existem apenas algumas linhas que n\u00e3o s\u00e3o suscept\u00edveis de causar problemas. A pedra \u00e9 cinzenta com pontos vermelhos chamados flores de l\u00f3tus. Estes \u00faltimos est\u00e3o espalhados por toda a pedra e formam um padr\u00e3o denso conhecido como renge.<\/p>\n\n\n\n<p>Quase toda a superf\u00edcie das pedras foi alisada e preparada para o trabalho.<\/p>","protected":false},"excerpt":{"rendered":"<ol>\n<li>Cerca de 134x55x35 mm. 795 g\u00a0<\/li>\n<li>187x61x37 mm. 1065 g<\/li>\n<\/ol>\n<ul>\n<li>O Ohira Uchigumori \u00e9 mais apreciado pelo acabamento Kasumi na l\u00e2mina Sanmai (a\u00e7o duro coberto por uma camada mais macia), real\u00e7ando a diferen\u00e7a entre as camadas dura e macia.<\/li>\n<li>Adequado para afiar facas, tesouras, ferramentas de carpintaria e outras ferramentas.<\/li>\n<li>Dureza: Lv 3.5<\/li>\n<li>Tem uma velocidade de trabalho moderada e uma boa suavidade.<\/li>\n<li>Recomendamos que trabalhe com \u00e1gua morna, uma vez que a \u00e1gua fria prejudica a velocidade e a resposta.<\/li>\n<\/ul>","protected":false},"featured_media":5503,"comment_status":"open","ping_status":"closed","template":"","meta":[],"product_brand":[],"product_cat":[22],"product_tag":[47,193],"class_list":{"0":"post-1521","1":"product","2":"type-product","3":"status-publish","4":"has-post-thumbnail","6":"product_cat-jnats","7":"product_tag-ohira","8":"product_tag-uchigumori","9":"product_shipping_class-iprastas","11":"first","12":"outofstock","13":"shipping-taxable","14":"product-type-variable"},"_links":{"self":[{"href":"https:\/\/jnats.eu\/pt\/wp-json\/wp\/v2\/product\/1521","targetHints":{"allow":["GET"]}}],"collection":[{"href":"https:\/\/jnats.eu\/pt\/wp-json\/wp\/v2\/product"}],"about":[{"href":"https:\/\/jnats.eu\/pt\/wp-json\/wp\/v2\/types\/product"}],"replies":[{"embeddable":true,"href":"https:\/\/jnats.eu\/pt\/wp-json\/wp\/v2\/comments?post=1521"}],"wp:featuredmedia":[{"embeddable":true,"href":"https:\/\/jnats.eu\/pt\/wp-json\/wp\/v2\/media\/5503"}],"wp:attachment":[{"href":"https:\/\/jnats.eu\/pt\/wp-json\/wp\/v2\/media?parent=1521"}],"wp:term":[{"taxonomy":"product_brand","embeddable":true,"href":"https:\/\/jnats.eu\/pt\/wp-json\/wp\/v2\/product_brand?post=1521"},{"taxonomy":"product_cat","embeddable":true,"href":"https:\/\/jnats.eu\/pt\/wp-json\/wp\/v2\/product_cat?post=1521"},{"taxonomy":"product_tag","embeddable":true,"href":"https:\/\/jnats.eu\/pt\/wp-json\/wp\/v2\/product_tag?post=1521"}],"curies":[{"name":"wp","href":"https:\/\/api.w.org\/{rel}","templated":true}]}}