{"id":1585,"date":"2024-04-15T13:44:29","date_gmt":"2024-04-15T10:44:29","guid":{"rendered":"http:\/\/jnats.eu\/?post_type=product&#038;p=1585"},"modified":"2025-05-07T08:22:18","modified_gmt":"2025-05-07T05:22:18","slug":"filarmonica-vintaziniai-nauji-ir-naudoti-ispaniski-skustuvai","status":"publish","type":"product","link":"https:\/\/jnats.eu\/pt\/produto-2\/filarmonica-vintaziniai-nauji-ir-naudoti-ispaniski-skustuvai\/","title":{"rendered":"Filarm\u00f3nica L\u00e2minas de barbear espanholas novas e usadas"},"content":{"rendered":"<p>A empresa come\u00e7ou a produzir l\u00e2minas de barbear em 1915, em Matar\u00f3, na prov\u00edncia de Barcelona. \u00c9 considerada um dos melhores fabricantes de cutelaria, facas e l\u00e2minas de barbear. H\u00e1 mais de 25 anos, a empresa cessou todas as suas actividades e encerrou as suas actividades.<\/p>\n\n\n\n<p>A qualidade das m\u00e1quinas de barbear Filarmonica \u00e9 lend\u00e1ria. Esta m\u00e1quina de barbear de grandes dimens\u00f5es tem cabos originais com uma forma perfeita.<\/p>\n\n\n\n<p>Origem:Espanha<br>Retifica\u00e7\u00e3o: Retifica\u00e7\u00e3o oca<br>Metal: a\u00e7o-carbono<br>Pegas: originais<\/p>\n\n\n\n<p>NOS (New Old Stock) n\u00e3o utilizado, mas pode apresentar sinais de corros\u00e3o devido ao longo per\u00edodo de armazenamento em armaz\u00e9m. Veja o v\u00eddeo com aten\u00e7\u00e3o.<\/p>\n\n\n\n<p>Usado - usado<\/p>\n\n\n\n<figure class=\"wp-block-embed is-type-video is-provider-youtube wp-block-embed-youtube wp-embed-aspect-16-9 wp-has-aspect-ratio\"><div class=\"wp-block-embed__wrapper\">\n<div class=\"video-container\"><iframe title=\"Filarm\u00f3nica Vintage Navalhas espanholas novas e usadas\" width=\"1170\" height=\"658\" src=\"https:\/\/www.youtube.com\/embed\/qM8q_vlZuhs?feature=oembed\" frameborder=\"0\" allow=\"accelerometer; autoplay; clipboard-write; encrypted-media; gyroscope; picture-in-picture; web-share\" referrerpolicy=\"strict-origin-when-cross-origin\" allowfullscreen><\/iframe><\/div>\n<\/div><\/figure>","protected":false},"excerpt":{"rendered":"<ol>\n<li>Filarm\u00f3nica 13 Novodur Jose Monserrat Pou Fabricacion Espanola Usada Fabricada em Espanha<\/li>\n<li><del>Usado Filarmonica 13 Inoxidable Jose Monserrat Pou Fabricacion Espanola Made in Spain<\/del><\/li>\n<li><del>NOS Filarmonica 13 Inoxidable Jose Monserrat Pou Fabricacion Espanola Made in Spain<\/del><\/li>\n<li><del>Usado Filarmonica 13 Inoxidable Jose Monserrat Pou Fabricacion Espanola Made in Spain<\/del><\/li>\n<li><del>Filarm\u00f3nica 13 Templo Duplo Fabricacion Espanola Usada Fabricada em Espanha\u00a0\u00a0<\/del> Obtido de<\/li>\n<li>Filarm\u00f3nica 13 Medallen Taurink Fabricacion Espanola Usada Fabricada em Espanha moinho meio-oco<\/li>\n<li>Filarm\u00f3nica 14 Jose Monserrat Pou usada. O pinot tem covinhas<\/li>\n<li><del>Usado Filarmonica 13 Sub Cero Jose Monserrat Pou Fabricacion Espanola Made in Spain<\/del><\/li>\n<li>Filarm\u00f3nica 13 Templo Duplo Fabricacion Espanola Usada Fabricada em Espanha<\/li>\n<li><del>Usado Filarm\u00f3nica 13T Especial para barbas duras<\/del> Obtido de<\/li>\n<\/ol>\n<p>Os n\u00fameros 1 e 3 t\u00eam 20 mm de largura, todos os outros t\u00eam cerca de 19 mm.<\/p>","protected":false},"featured_media":1592,"comment_status":"open","ping_status":"closed","template":"","meta":[],"product_brand":[],"product_cat":[23],"product_tag":[167],"class_list":{"0":"post-1585","1":"product","2":"type-product","3":"status-publish","4":"has-post-thumbnail","6":"product_cat-razors","7":"product_tag-filarmonica","8":"product_shipping_class-light","10":"first","11":"instock","12":"sale","13":"sold-individually","14":"shipping-taxable","15":"purchasable","16":"product-type-variable"},"_links":{"self":[{"href":"https:\/\/jnats.eu\/pt\/wp-json\/wp\/v2\/product\/1585","targetHints":{"allow":["GET"]}}],"collection":[{"href":"https:\/\/jnats.eu\/pt\/wp-json\/wp\/v2\/product"}],"about":[{"href":"https:\/\/jnats.eu\/pt\/wp-json\/wp\/v2\/types\/product"}],"replies":[{"embeddable":true,"href":"https:\/\/jnats.eu\/pt\/wp-json\/wp\/v2\/comments?post=1585"}],"wp:featuredmedia":[{"embeddable":true,"href":"https:\/\/jnats.eu\/pt\/wp-json\/wp\/v2\/media\/1592"}],"wp:attachment":[{"href":"https:\/\/jnats.eu\/pt\/wp-json\/wp\/v2\/media?parent=1585"}],"wp:term":[{"taxonomy":"product_brand","embeddable":true,"href":"https:\/\/jnats.eu\/pt\/wp-json\/wp\/v2\/product_brand?post=1585"},{"taxonomy":"product_cat","embeddable":true,"href":"https:\/\/jnats.eu\/pt\/wp-json\/wp\/v2\/product_cat?post=1585"},{"taxonomy":"product_tag","embeddable":true,"href":"https:\/\/jnats.eu\/pt\/wp-json\/wp\/v2\/product_tag?post=1585"}],"curies":[{"name":"wp","href":"https:\/\/api.w.org\/{rel}","templated":true}]}}