{"id":159,"date":"2024-02-22T09:52:19","date_gmt":"2024-02-22T07:52:19","guid":{"rendered":"http:\/\/jnats.eu\/?post_type=product&#038;p=159"},"modified":"2024-11-12T09:42:38","modified_gmt":"2024-11-12T07:42:38","slug":"nakayama-asagi-kato-kasykla","status":"publish","type":"product","link":"https:\/\/jnats.eu\/pt\/produto-2\/nakayama-asagi-kato-kasykla\/","title":{"rendered":"Pedra natural japonesa Nakayama Asagi Kato Mine para afiar"},"content":{"rendered":"<ul class=\"wp-block-list\">\n<li><strong>Dureza: Lv 4,8<\/strong><\/li>\n\n\n\n<li><strong>Dimens\u00f5es: 167x50x37 mm<\/strong><\/li>\n\n\n\n<li><strong>Peso (com suporte): 1140 g<\/strong><\/li>\n\n\n\n<li><strong>Uma pedra dura com uma estrutura homog\u00e9nea. As linhas s\u00e3o completamente seguras e n\u00e3o se sentem nada durante a afia\u00e7\u00e3o. Ideal para o acabamento de facas, marcenaria e outras ferramentas.&nbsp;<\/strong><\/li>\n<\/ul>\n\n\n\n<p>A mina Kato \u00e9 conhecida pelas suas pedras de alta qualidade com a marca Maruka \u32d5. A Nakayama Asagi \u00e9 uma pedra japonesa aut\u00eantica e de qualidade, criada a partir de rochas cuidadosamente seleccionadas com propriedades especiais de afia\u00e7\u00e3o e textura atraente. Esta pedra \u00e9 a escolha perfeita tanto para artes\u00e3os experientes como para novatos que procuram resultados de afia\u00e7\u00e3o da mais alta qualidade.<\/p>\n\n\n\n<p>A Nakayama Asagi n\u00e3o \u00e9 apenas uma pedra, mas tamb\u00e9m uma obra de arte que o far\u00e1 mergulhar no mundo do artesanato japon\u00eas. Adquira esta pedra \u00fanica e de alta qualidade e experimente a magia da afia\u00e7\u00e3o japonesa em cada corte!<\/p>","protected":false},"excerpt":{"rendered":"<ul>\n<li><strong>Dureza: Lv 4,8<\/strong><\/li>\n<li><strong>Dimens\u00f5es: 167x50x37 mm<\/strong><\/li>\n<li><strong>Peso (com suporte): 1140 g<\/strong><\/li>\n<li><strong>Uma pedra dura com uma estrutura homog\u00e9nea. As linhas s\u00e3o completamente seguras e n\u00e3o se sentem nada durante a afia\u00e7\u00e3o. Ideal para o acabamento de facas, marcenaria e outras ferramentas.\u00a0<\/strong><\/li>\n<\/ul>","protected":false},"featured_media":1228,"comment_status":"open","ping_status":"closed","template":"","meta":[],"product_brand":[],"product_cat":[22],"product_tag":[49],"class_list":{"0":"post-159","1":"product","2":"type-product","3":"status-publish","4":"has-post-thumbnail","6":"product_cat-jnats","7":"product_tag-nakayama","8":"product_shipping_class-iprastas","10":"first","11":"outofstock","12":"shipping-taxable","13":"purchasable","14":"product-type-simple"},"_links":{"self":[{"href":"https:\/\/jnats.eu\/pt\/wp-json\/wp\/v2\/product\/159","targetHints":{"allow":["GET"]}}],"collection":[{"href":"https:\/\/jnats.eu\/pt\/wp-json\/wp\/v2\/product"}],"about":[{"href":"https:\/\/jnats.eu\/pt\/wp-json\/wp\/v2\/types\/product"}],"replies":[{"embeddable":true,"href":"https:\/\/jnats.eu\/pt\/wp-json\/wp\/v2\/comments?post=159"}],"wp:featuredmedia":[{"embeddable":true,"href":"https:\/\/jnats.eu\/pt\/wp-json\/wp\/v2\/media\/1228"}],"wp:attachment":[{"href":"https:\/\/jnats.eu\/pt\/wp-json\/wp\/v2\/media?parent=159"}],"wp:term":[{"taxonomy":"product_brand","embeddable":true,"href":"https:\/\/jnats.eu\/pt\/wp-json\/wp\/v2\/product_brand?post=159"},{"taxonomy":"product_cat","embeddable":true,"href":"https:\/\/jnats.eu\/pt\/wp-json\/wp\/v2\/product_cat?post=159"},{"taxonomy":"product_tag","embeddable":true,"href":"https:\/\/jnats.eu\/pt\/wp-json\/wp\/v2\/product_tag?post=159"}],"curies":[{"name":"wp","href":"https:\/\/api.w.org\/{rel}","templated":true}]}}