{"id":1624,"date":"2024-04-15T14:39:36","date_gmt":"2024-04-15T11:39:36","guid":{"rendered":"http:\/\/jnats.eu\/?post_type=product&#038;p=1624"},"modified":"2025-11-27T00:17:39","modified_gmt":"2025-11-26T22:17:39","slug":"hayashi-h-diamond-aiku-parker-hadoson-hanmasa-towa-nos-nauji-vintaziniai-japoniski-sksutuvai","status":"publish","type":"product","link":"https:\/\/jnats.eu\/pt\/produto-2\/hayashi-h-diamond-aiku-parker-hadoson-hanmasa-towa-nos-nauji-vintaziniai-japoniski-sksutuvai\/","title":{"rendered":"Hayashi, H.Diamond, Aiku, Parker, Hadoson, Hanmasa, Towa NOS Novas m\u00e1quinas de barbear japonesas vintage"},"content":{"rendered":"<ol class=\"wp-block-list\">\n<li>Hayashi Tokyo Extra Best 1074<\/li>\n\n\n\n<li>Hayashi Tokyo Extra Best 1074<\/li>\n\n\n\n<li>Usado H.Diamond 888 Extra Steel para uso dos barbeiros Primeira qualidade<\/li>\n\n\n\n<li>T. O Aiku'm Real German Ground 60 Aiku para barbeiros fabricado em T\u00f3quio<\/li>\n\n\n\n<li>Towa 9074 Melhor A\u00e7o Extra Tungst\u00e9nio Oco Mo\u00eddo I.H. Shinychi Gen Takahashi H.Diamond&nbsp;<\/li>\n\n\n\n<li>Fita 1000<\/li>\n\n\n\n<li>Parker 510 Made in Japan Tokyo Best Silver Steel Parker Razor Co. &amp;LTL SWDEISH Steel (Erro de texto na l\u00e2mina)<\/li>\n\n\n\n<li>Hadoson 63 Matsukura Company Fabricado em T\u00f3quio<\/li>\n\n\n\n<li>Hanmasa Razor Tokyo N.K.K LTD Osaka Frameback<\/li>\n\n\n\n<li>Diamante Hayashi SK3 Sueco de alto a\u00e7o R.Saito design<\/li>\n<\/ol>\n\n\n\n<p>R. Saito foi um cabeleireiro famoso no Jap\u00e3o nos anos 50-60. Fundou uma escola de barbearia com um grande n\u00famero de profissionais em muitas cidades. Como o seu nome era sin\u00f3nimo do mundo da moda japonesa, os seus desenhos eram muito apreciados, tal como o seu nome. Concebeu l\u00e2minas de barbear que foram produzidas por grandes empresas com o seu nome: Kikuboshi, Diamond Hayashi e outros fabricantes. O produto foi concebido para ser a m\u00e1quina de barbear mais f\u00e1cil de utilizar.<\/p>\n\n\n\n<figure class=\"wp-block-embed is-type-video is-provider-youtube wp-block-embed-youtube wp-embed-aspect-16-9 wp-has-aspect-ratio\"><div class=\"wp-block-embed__wrapper\">\n<div class=\"video-container\"><iframe title=\"Navalhas de barbear NOS Hayashi, H.Diamond, Aiku, Parker, Hadoson, Hanmasa, Towa\" width=\"1170\" height=\"658\" src=\"https:\/\/www.youtube.com\/embed\/cHATX__mUpU?feature=oembed\" frameborder=\"0\" allow=\"accelerometer; autoplay; clipboard-write; encrypted-media; gyroscope; picture-in-picture; web-share\" referrerpolicy=\"strict-origin-when-cross-origin\" allowfullscreen><\/iframe><\/div>\n<\/div><\/figure>","protected":false},"excerpt":{"rendered":"<ol>\n<li>Hayashi Tokyo Extra Best 1074<\/li>\n<li>Hayashi Tokyo Extra Best 1074<\/li>\n<li><del>Usado H.Diamond 888 Extra Steel para uso dos barbeiros Primeira qualidade<\/del> Obtido de<\/li>\n<li>T. O Aiku'm Real German Ground 60 Aiku para barbeiros fabricado em T\u00f3quio<\/li>\n<li><del>Towa 9074 Melhor A\u00e7o Extra Tungst\u00e9nio Oco Mo\u00eddo I.H. Shinychi Gen Takahashi H.Diamond<\/del><\/li>\n<li>Fita 100<\/li>\n<li>Parker 510 Made in Japan Tokyo Best Silver Steel Parker Razor Co. &amp;LTL SWDEISH Steel (Erro de texto na l\u00e2mina)<\/li>\n<li><del>Hadoson 63 Matsukura Company Fabricado em T\u00f3quio<\/del> Obtido de<\/li>\n<li><del>Hanmasa Razor Tokyo N.K.K LTD Osaka Frameback<\/del><\/li>\n<li><del>Diamante Hayashi SK3 Sueco de alto a\u00e7o R.Saito design <\/del><strong>Obtido de<\/strong><\/li>\n<\/ol>","protected":false},"featured_media":1625,"comment_status":"open","ping_status":"closed","template":"","meta":[],"product_brand":[],"product_cat":[23],"product_tag":[55],"class_list":{"0":"post-1624","1":"product","2":"type-product","3":"status-publish","4":"has-post-thumbnail","6":"product_cat-razors","7":"product_tag-nos","8":"product_shipping_class-light","10":"first","11":"instock","12":"sold-individually","13":"shipping-taxable","14":"purchasable","15":"product-type-variable"},"_links":{"self":[{"href":"https:\/\/jnats.eu\/pt\/wp-json\/wp\/v2\/product\/1624","targetHints":{"allow":["GET"]}}],"collection":[{"href":"https:\/\/jnats.eu\/pt\/wp-json\/wp\/v2\/product"}],"about":[{"href":"https:\/\/jnats.eu\/pt\/wp-json\/wp\/v2\/types\/product"}],"replies":[{"embeddable":true,"href":"https:\/\/jnats.eu\/pt\/wp-json\/wp\/v2\/comments?post=1624"}],"wp:featuredmedia":[{"embeddable":true,"href":"https:\/\/jnats.eu\/pt\/wp-json\/wp\/v2\/media\/1625"}],"wp:attachment":[{"href":"https:\/\/jnats.eu\/pt\/wp-json\/wp\/v2\/media?parent=1624"}],"wp:term":[{"taxonomy":"product_brand","embeddable":true,"href":"https:\/\/jnats.eu\/pt\/wp-json\/wp\/v2\/product_brand?post=1624"},{"taxonomy":"product_cat","embeddable":true,"href":"https:\/\/jnats.eu\/pt\/wp-json\/wp\/v2\/product_cat?post=1624"},{"taxonomy":"product_tag","embeddable":true,"href":"https:\/\/jnats.eu\/pt\/wp-json\/wp\/v2\/product_tag?post=1624"}],"curies":[{"name":"wp","href":"https:\/\/api.w.org\/{rel}","templated":true}]}}