{"id":164,"date":"2024-02-22T18:10:31","date_gmt":"2024-02-22T16:10:31","guid":{"rendered":"http:\/\/jnats.eu\/?post_type=product&#038;p=164"},"modified":"2024-08-18T23:33:41","modified_gmt":"2024-08-18T20:33:41","slug":"nakayama-hondomae-asayo","status":"publish","type":"product","link":"https:\/\/jnats.eu\/pt\/produto-2\/nakayama-hondomae-asayo\/","title":{"rendered":"Pedra natural japonesa Nakayama Hondomae Asayo para afiar"},"content":{"rendered":"<p>As dimens\u00f5es s\u00e3o aproximadas. 18,5 x 5,6 x 2,1 cm<\/p>\n\n\n\n<p>Peso 640 g (com suporte)<\/p>\n\n\n\n<p>Haver\u00e1 uma pequena camada de Merganser na pedra, misturada com uma camada de Tomae e Shikitomae. O acabamento \u00e9 pr\u00f3ximo do Hondo-mae, a textura \u00e9 boa e desliza bem, tornando-o f\u00e1cil de usar. Como se trata de uma pedra de amolar feita de pedra bruta, o pre\u00e7o \u00e9 baixo para a qualidade. <\/p>\n\n\n\n<p>Est\u00e1 presa num suporte antigo. \u00c9 uma pedra de amolar de alta qualidade, por isso penso que se pagar\u00e1 a si pr\u00f3pria, mesmo que fa\u00e7a um pouco de esfor\u00e7o. Esta pedra de amolar \u00e9 suave para a l\u00e2mina, pelo que pode ser utilizada para dar acabamento a l\u00e2minas de barbear, facas e cinz\u00e9is. Nesta altura do ano, certifique-se de que utiliza \u00e1gua quente, a cerca de 40 graus Celsius, para obter melhores resultados. Acho que a utiliza\u00e7\u00e3o de \u00e1gua fria dificultaria a obten\u00e7\u00e3o do melhor desempenho desta pedra de amolar. <\/p>\n\n\n\n<p>Se \u00e9 um principiante \u00e0 procura de uma pedra de afiar de alta qualidade a um pre\u00e7o baixo, recomendamos vivamente esta pedra de afiar.<\/p>","protected":false},"excerpt":{"rendered":"<ul>\n<li><strong>Dimens\u00f5es aprox. 18,5 x 5,6 x 2,1 cm<\/strong><\/li>\n<li><strong>Peso: 640 g (com suporte)<\/strong><\/li>\n<li><strong>Dureza: Lv 4.7<\/strong><\/li>\n<\/ul>\n<p>Pedra vintage de alta qualidade da conceituada mina Nakayama.<\/p>","protected":false},"featured_media":1243,"comment_status":"open","ping_status":"closed","template":"","meta":[],"product_brand":[],"product_cat":[22],"product_tag":[51,49],"class_list":{"0":"post-164","1":"product","2":"type-product","3":"status-publish","4":"has-post-thumbnail","6":"product_cat-jnats","7":"product_tag-hondomae","8":"product_tag-nakayama","9":"product_shipping_class-iprastas","11":"first","12":"outofstock","13":"sale","14":"shipping-taxable","15":"purchasable","16":"product-type-simple"},"_links":{"self":[{"href":"https:\/\/jnats.eu\/pt\/wp-json\/wp\/v2\/product\/164","targetHints":{"allow":["GET"]}}],"collection":[{"href":"https:\/\/jnats.eu\/pt\/wp-json\/wp\/v2\/product"}],"about":[{"href":"https:\/\/jnats.eu\/pt\/wp-json\/wp\/v2\/types\/product"}],"replies":[{"embeddable":true,"href":"https:\/\/jnats.eu\/pt\/wp-json\/wp\/v2\/comments?post=164"}],"wp:featuredmedia":[{"embeddable":true,"href":"https:\/\/jnats.eu\/pt\/wp-json\/wp\/v2\/media\/1243"}],"wp:attachment":[{"href":"https:\/\/jnats.eu\/pt\/wp-json\/wp\/v2\/media?parent=164"}],"wp:term":[{"taxonomy":"product_brand","embeddable":true,"href":"https:\/\/jnats.eu\/pt\/wp-json\/wp\/v2\/product_brand?post=164"},{"taxonomy":"product_cat","embeddable":true,"href":"https:\/\/jnats.eu\/pt\/wp-json\/wp\/v2\/product_cat?post=164"},{"taxonomy":"product_tag","embeddable":true,"href":"https:\/\/jnats.eu\/pt\/wp-json\/wp\/v2\/product_tag?post=164"}],"curies":[{"name":"wp","href":"https:\/\/api.w.org\/{rel}","templated":true}]}}