{"id":1648,"date":"2024-04-16T12:34:16","date_gmt":"2024-04-16T09:34:16","guid":{"rendered":"http:\/\/jnats.eu\/?post_type=product&#038;p=1648"},"modified":"2025-09-25T22:47:52","modified_gmt":"2025-09-25T19:47:52","slug":"kaltas-jakutu-peilis","status":"publish","type":"product","link":"https:\/\/jnats.eu\/pt\/produto-2\/kaltas-jakutu-peilis\/","title":{"rendered":"A culpa \u00e9 da faca Yakut"},"content":{"rendered":"<p>MEDIA <br>Utilizamos a\u00e7o, couro e madeira da mais alta qualidade nos nossos produtos. Tamb\u00e9m n\u00e3o utilizamos pl\u00e1stico porque \u00e9 mau para o ambiente. Isto faz com que os nossos produtos sejam muito dur\u00e1veis, fi\u00e1veis e que o sirvam durante muito tempo.<\/p>\n\n\n\n<p> PROCESSO DE PRODU\u00c7\u00c3O<br>A Ucr\u00e2nia sempre foi famosa pela sua forja e t\u00eampera de metais, bem como pelo seu artesanato de escultura em madeira. Desde o tempo da Rus' de Kiev, os nossos artes\u00e3os t\u00eam vindo a aperfei\u00e7oar as suas compet\u00eancias para produzir produtos da mais alta qualidade. Escolhemos uma equipa experiente e competente de artes\u00e3os e designers para produzir os nossos produtos. Todos os nossos produtos s\u00e3o feitos \u00e0 m\u00e3o e aut\u00eanticos, e n\u00e3o s\u00e3o produzidos numa f\u00e1brica ou similar.<\/p>\n\n\n\n<figure class=\"wp-block-embed is-type-video is-provider-youtube wp-block-embed-youtube wp-embed-aspect-16-9 wp-has-aspect-ratio\"><div class=\"wp-block-embed__wrapper\">\n<div class=\"video-container\"><iframe title=\"Faca YAKUT forjada\" width=\"1170\" height=\"658\" src=\"https:\/\/www.youtube.com\/embed\/Hht7zvNtczg?feature=oembed\" frameborder=\"0\" allow=\"accelerometer; autoplay; clipboard-write; encrypted-media; gyroscope; picture-in-picture; web-share\" referrerpolicy=\"strict-origin-when-cross-origin\" allowfullscreen><\/iframe><\/div>\n<\/div><\/figure>","protected":false},"excerpt":{"rendered":"<ul>\n<li>Comprimento total: 223 mm.<\/li>\n<li>Comprimento da l\u00e2mina: 110 mm.<\/li>\n<li>Comprimento do punho: 110 mm.<\/li>\n<li>Espessura da l\u00e2mina: 3,5 mm<\/li>\n<li>Peso da faca 99 g<\/li>\n<li>Peso com a mala 170 g<\/li>\n<li>A\u00e7o: SX15SG, dureza 59-60 HRC<\/li>\n<li>Material do cabo:Cinza Capa<\/li>\n<li>Fabricado na Ucr\u00e2nia<\/li>\n<li>Caixa de madeira revestida de couro genu\u00edno.<\/li>\n<\/ul>","protected":false},"featured_media":1653,"comment_status":"open","ping_status":"closed","template":"","meta":[],"product_brand":[],"product_cat":[24],"product_tag":[210,76],"class_list":{"0":"post-1648","1":"product","2":"type-product","3":"status-publish","4":"has-post-thumbnail","6":"product_cat-knifes","7":"product_tag-jakutas","8":"product_tag-peilis","9":"product_shipping_class-iprastas","11":"first","12":"outofstock","13":"sale","14":"shipping-taxable","15":"purchasable","16":"product-type-simple"},"_links":{"self":[{"href":"https:\/\/jnats.eu\/pt\/wp-json\/wp\/v2\/product\/1648","targetHints":{"allow":["GET"]}}],"collection":[{"href":"https:\/\/jnats.eu\/pt\/wp-json\/wp\/v2\/product"}],"about":[{"href":"https:\/\/jnats.eu\/pt\/wp-json\/wp\/v2\/types\/product"}],"replies":[{"embeddable":true,"href":"https:\/\/jnats.eu\/pt\/wp-json\/wp\/v2\/comments?post=1648"}],"wp:featuredmedia":[{"embeddable":true,"href":"https:\/\/jnats.eu\/pt\/wp-json\/wp\/v2\/media\/1653"}],"wp:attachment":[{"href":"https:\/\/jnats.eu\/pt\/wp-json\/wp\/v2\/media?parent=1648"}],"wp:term":[{"taxonomy":"product_brand","embeddable":true,"href":"https:\/\/jnats.eu\/pt\/wp-json\/wp\/v2\/product_brand?post=1648"},{"taxonomy":"product_cat","embeddable":true,"href":"https:\/\/jnats.eu\/pt\/wp-json\/wp\/v2\/product_cat?post=1648"},{"taxonomy":"product_tag","embeddable":true,"href":"https:\/\/jnats.eu\/pt\/wp-json\/wp\/v2\/product_tag?post=1648"}],"curies":[{"name":"wp","href":"https:\/\/api.w.org\/{rel}","templated":true}]}}