{"id":1654,"date":"2024-04-16T12:58:49","date_gmt":"2024-04-16T09:58:49","guid":{"rendered":"http:\/\/jnats.eu\/?post_type=product&#038;p=1654"},"modified":"2026-02-22T14:16:03","modified_gmt":"2026-02-22T12:16:03","slug":"universalus-peilis-kmet-pancuj-vanax-37-ironwood","status":"publish","type":"product","link":"https:\/\/jnats.eu\/pt\/produto-2\/universalus-peilis-kmet-pancuj-vanax-37-ironwood\/","title":{"rendered":"Faca universal Kmet Pancuj Vanax 37, Ironwood"},"content":{"rendered":"<p>Uddeholm Vanax (Su\u00e9cia) - A\u00e7o produzido por nitreta\u00e7\u00e3o em fase s\u00f3lida a partir de p\u00f3 pulverizado. O elevado teor de azoto assegura uma elevada resist\u00eancia ao desgaste dos produtos, frequentemente v\u00e1rias vezes superior \u00e0 do a\u00e7o \"normal\". Os a\u00e7os VANAX caracterizam-se por uma elevada resist\u00eancia mec\u00e2nica, boa flexibilidade, resist\u00eancia \u00e0 abras\u00e3o e uma resist\u00eancia \u00e0 corros\u00e3o extremamente elevada. Este a\u00e7o n\u00e3o est\u00e1 dispon\u00edvel como faca em s\u00e9rie devido \u00e0 necessidade de selecionar o tratamento t\u00e9rmico correto, o que requer muito tempo, energia, habilidade e esfor\u00e7o.\u00a0<\/p>\n\n\n\n<figure class=\"wp-block-image size-full\"><img decoding=\"async\" width=\"561\" height=\"755\" src=\"http:\/\/jnats.eu\/wp-content\/uploads\/2024\/04\/stainless-ratings-table2-1.webp\" alt=\"\" class=\"wp-image-1852\" srcset=\"https:\/\/jnats.eu\/wp-content\/uploads\/2024\/04\/stainless-ratings-table2-1.webp 561w, https:\/\/jnats.eu\/wp-content\/uploads\/2024\/04\/stainless-ratings-table2-1-223x300.webp 223w, https:\/\/jnats.eu\/wp-content\/uploads\/2024\/04\/stainless-ratings-table2-1-9x12.webp 9w, https:\/\/jnats.eu\/wp-content\/uploads\/2024\/04\/stainless-ratings-table2-1-441x594.webp 441w, https:\/\/jnats.eu\/wp-content\/uploads\/2024\/04\/stainless-ratings-table2-1-150x202.webp 150w\" sizes=\"(max-width: 561px) 100vw, 561px\" \/><\/figure>\n\n\n\n<p>Utiliza\u00e7\u00f5es t\u00edpicas do a\u00e7o:<\/p>\n\n\n\n<ul class=\"wp-block-list\">\n<li>Componentes com formas \u00e1geis que requerem uma elevada resist\u00eancia \u00e0 corros\u00e3o<\/li>\n\n\n\n<li>Facas de m\u00e3o<\/li>\n\n\n\n<li>Componentes e facas para a ind\u00fastria alimentar<\/li>\n\n\n\n<li>Pe\u00e7as que funcionam em ambientes agressivos<\/li>\n\n\n\n<li>Pe\u00e7as de m\u00e1quinas sujeitas a grandes esfor\u00e7os em ambientes corrosivos<\/li>\n<\/ul>\n\n\n\n<p><br><strong>Composi\u00e7\u00e3o qu\u00edmica do a\u00e7o Vanax 37<\/strong><\/p>\n\n\n\n<ul class=\"wp-block-list\">\n<li>C (carbono)-0,36% <\/li>\n\n\n\n<li>Mo (molibd\u00e9nio)-1,05%<\/li>\n\n\n\n<li>Mn (mangan\u00eas)-0,34%<\/li>\n\n\n\n<li>V (van\u00e1dio)-3,38%<\/li>\n\n\n\n<li>Cr (cr\u00f3mio)-18,00%<\/li>\n\n\n\n<li>Si (sil\u00edcio)-0,35%<\/li>\n\n\n\n<li>N (azoto)-1,53%<\/li>\n\n\n\n<li>Ni (n\u00edquel)-0,18%<\/li>\n\n\n\n<li>P (f\u00f3sforo) -0,18%<\/li>\n\n\n\n<li>S (enxofre) -0,009%<\/li>\n\n\n\n<li>W (tungst\u00e9nio) -0,06%<\/li>\n\n\n\n<li>Co (cobalto) -0,05%<\/li>\n\n\n\n<li>Cu (cobre) -0,09%<\/li>\n\n\n\n<li>Al (alum\u00ednio) -0,0005%<\/li>\n<\/ul>\n\n\n\n<figure class=\"wp-block-embed is-type-video is-provider-youtube wp-block-embed-youtube wp-embed-aspect-16-9 wp-has-aspect-ratio\"><div class=\"wp-block-embed__wrapper\">\n<div class=\"video-container\"><iframe title=\"Faca universal Kmet Pancuj Vanax 37, Ironwood\" width=\"1170\" height=\"658\" src=\"https:\/\/www.youtube.com\/embed\/4FYzvMo9BQ8?feature=oembed\" frameborder=\"0\" allow=\"accelerometer; autoplay; clipboard-write; encrypted-media; gyroscope; picture-in-picture; web-share\" referrerpolicy=\"strict-origin-when-cross-origin\" allowfullscreen><\/iframe><\/div>\n<\/div><\/figure>","protected":false},"excerpt":{"rendered":"<ul>\n<li>Comprimento da l\u00e2mina: 130 mm.<\/li>\n<li>Largura da l\u00e2mina: 30 mm.<\/li>\n<li>Superf\u00edcie da l\u00e2mina: jato de areia<\/li>\n<li>Espessura da l\u00e2mina: 3,0 mm<\/li>\n<li>A\u00e7o Vanax 37. Endurecido por Alan Balikoev, um dos melhores termistas da R\u00fassia.\u00a0<\/li>\n<li>A principal vantagem deste a\u00e7o \u00e9 a sua resist\u00eancia extremamente elevada \u00e0 corros\u00e3o, mas a maioria dos outros a\u00e7os em p\u00f3 mant\u00e9m a sua nitidez durante muito mais tempo.<\/li>\n<li>Dureza: 60 HRC<\/li>\n<li>Declives: rectos<\/li>\n<li>Cabo da l\u00e2mina: 0,3-0,4 mm<\/li>\n<li>Comprimento do punho: 120 mm<\/li>\n<li>Instala\u00e7\u00e3o da pega: atrav\u00e9s de<\/li>\n<li>Material do cabo \"pau-ferro\" natural Pau-ferro. Naturalmente rico em resinas, a estabiliza\u00e7\u00e3o n\u00e3o \u00e9 necess\u00e1ria ou mesmo poss\u00edvel.<\/li>\n<li>Peso com a mala: 250 g<\/li>\n<li>Peso: 163 g<\/li>\n<li>Fabricado na R\u00fassia Kmet<\/li>\n<\/ul>","protected":false},"featured_media":1658,"comment_status":"open","ping_status":"closed","template":"","meta":[],"product_brand":[],"product_cat":[24],"product_tag":[211],"class_list":{"0":"post-1654","1":"product","2":"type-product","3":"status-publish","4":"has-post-thumbnail","6":"product_cat-knifes","7":"product_tag-vanax","8":"product_shipping_class-iprastas","10":"first","11":"outofstock","12":"sale","13":"shipping-taxable","14":"purchasable","15":"product-type-simple"},"_links":{"self":[{"href":"https:\/\/jnats.eu\/pt\/wp-json\/wp\/v2\/product\/1654","targetHints":{"allow":["GET"]}}],"collection":[{"href":"https:\/\/jnats.eu\/pt\/wp-json\/wp\/v2\/product"}],"about":[{"href":"https:\/\/jnats.eu\/pt\/wp-json\/wp\/v2\/types\/product"}],"replies":[{"embeddable":true,"href":"https:\/\/jnats.eu\/pt\/wp-json\/wp\/v2\/comments?post=1654"}],"wp:featuredmedia":[{"embeddable":true,"href":"https:\/\/jnats.eu\/pt\/wp-json\/wp\/v2\/media\/1658"}],"wp:attachment":[{"href":"https:\/\/jnats.eu\/pt\/wp-json\/wp\/v2\/media?parent=1654"}],"wp:term":[{"taxonomy":"product_brand","embeddable":true,"href":"https:\/\/jnats.eu\/pt\/wp-json\/wp\/v2\/product_brand?post=1654"},{"taxonomy":"product_cat","embeddable":true,"href":"https:\/\/jnats.eu\/pt\/wp-json\/wp\/v2\/product_cat?post=1654"},{"taxonomy":"product_tag","embeddable":true,"href":"https:\/\/jnats.eu\/pt\/wp-json\/wp\/v2\/product_tag?post=1654"}],"curies":[{"name":"wp","href":"https:\/\/api.w.org\/{rel}","templated":true}]}}