{"id":1665,"date":"2024-04-16T13:22:53","date_gmt":"2024-04-16T10:22:53","guid":{"rendered":"http:\/\/jnats.eu\/?post_type=product&#038;p=1665"},"modified":"2024-07-24T11:05:08","modified_gmt":"2024-07-24T08:05:08","slug":"medzioklinis-peilis-skineris-cpm110v","status":"publish","type":"product","link":"https:\/\/jnats.eu\/pt\/produto-2\/medzioklinis-peilis-skineris-cpm110v\/","title":{"rendered":"Faca de ca\u00e7a Skineris CPM s110v"},"content":{"rendered":"<figure class=\"wp-block-embed is-type-video is-provider-youtube wp-block-embed-youtube wp-embed-aspect-16-9 wp-has-aspect-ratio\"><div class=\"wp-block-embed__wrapper\">\n<div class=\"video-container\"><iframe title=\"Faca de ca\u00e7a Skinner CPM110V\" width=\"1170\" height=\"658\" src=\"https:\/\/www.youtube.com\/embed\/ozYnW_Wzp44?feature=oembed\" frameborder=\"0\" allow=\"accelerometer; autoplay; clipboard-write; encrypted-media; gyroscope; picture-in-picture; web-share\" referrerpolicy=\"strict-origin-when-cross-origin\" allowfullscreen><\/iframe><\/div>\n<\/div><\/figure>\n\n\n\n<p>O S110V \u00e9 um a\u00e7o muito interessante devido \u00e0s inova\u00e7\u00f5es no seu desenvolvimento, incluindo o ni\u00f3bio para melhorar a estrutura de carboneto e a resist\u00eancia \u00e0 corros\u00e3o, e o cobalto para garantir que pode ser tratado termicamente apesar da sua excelente resist\u00eancia \u00e0 corros\u00e3o. O a\u00e7o tem boas propriedades, incluindo uma longa reten\u00e7\u00e3o de afia\u00e7\u00e3o e resist\u00eancia \u00e0 corros\u00e3o, bem como uma dureza adequada. Entre os a\u00e7os inoxid\u00e1veis, o S110V e o S90V s\u00e3o os preferidos de muitos ca\u00e7adores devido \u00e0 sua excelente reten\u00e7\u00e3o de afia\u00e7\u00e3o e ao seu desempenho de corte agressivo.<\/p>\n\n\n\n<figure class=\"wp-block-image size-full is-resized\"><img decoding=\"async\" width=\"752\" height=\"452\" src=\"http:\/\/jnats.eu\/wp-content\/uploads\/2024\/04\/M398-toughness-edge-retention-balance.webp\" alt=\"\" class=\"wp-image-1666\" style=\"width:900px;height:auto\" srcset=\"https:\/\/jnats.eu\/wp-content\/uploads\/2024\/04\/M398-toughness-edge-retention-balance.webp 752w, https:\/\/jnats.eu\/wp-content\/uploads\/2024\/04\/M398-toughness-edge-retention-balance-300x180.webp 300w, https:\/\/jnats.eu\/wp-content\/uploads\/2024\/04\/M398-toughness-edge-retention-balance-18x12.webp 18w, https:\/\/jnats.eu\/wp-content\/uploads\/2024\/04\/M398-toughness-edge-retention-balance-441x265.webp 441w, https:\/\/jnats.eu\/wp-content\/uploads\/2024\/04\/M398-toughness-edge-retention-balance-600x361.webp 600w, https:\/\/jnats.eu\/wp-content\/uploads\/2024\/04\/M398-toughness-edge-retention-balance-150x90.webp 150w\" sizes=\"(max-width: 752px) 100vw, 752px\" \/><\/figure>\n\n\n\n<figure class=\"wp-block-embed is-type-wp-embed is-provider-knife-steel-nerds wp-block-embed-knife-steel-nerds\"><div class=\"wp-block-embed__wrapper\">\n<div class=\"video-container\"><blockquote class=\"wp-embedded-content\" data-secret=\"4V3dJab2Pm\"><a href=\"https:\/\/knifesteelnerds.com\/2020\/11\/23\/cpm-s110v-steel-history-and-properties\/\">A\u00e7o CPM-S110V - Hist\u00f3ria e propriedades<\/a><\/blockquote><iframe class=\"wp-embedded-content\" sandbox=\"allow-scripts\" security=\"restricted\" style=\"position: absolute; clip: rect(1px, 1px, 1px, 1px);\" title=\"&quot;A\u00e7o CPM-S110V - Hist\u00f3ria e Propriedades&quot; - Nerds do A\u00e7o para Facas\" src=\"https:\/\/knifesteelnerds.com\/2020\/11\/23\/cpm-s110v-steel-history-and-properties\/embed\/#?secret=vHuqxkcbBg#?secret=4V3dJab2Pm\" data-secret=\"4V3dJab2Pm\" width=\"600\" height=\"338\" frameborder=\"0\" marginwidth=\"0\" marginheight=\"0\" scrolling=\"no\"><\/iframe><\/div>\n<\/div><\/figure>","protected":false},"excerpt":{"rendered":"<ul>\n<li>Comprimento da l\u00e2mina: 122 mm.<\/li>\n<li>Largura da l\u00e2mina: 31 mm.<\/li>\n<li>Superf\u00edcie da l\u00e2mina: polida<\/li>\n<li>Espessura da l\u00e2mina (a\u00e7o): 3,6 mm.<\/li>\n<li>Ch\u00e3o: direito<\/li>\n<li>Fio da l\u00e2mina: 0,3-0,4 mm.<\/li>\n<li>Comprimento do punho: 125 mm. Altura do punho: 32 mm. Espessura: 18 mm (mais estreita do que a \"standard\")<\/li>\n<li>Instala\u00e7\u00e3o do punho: plantado<\/li>\n<li>Material do cabo: dente de mamute, nogueira caucasiana estabilizada.<\/li>\n<li>A\u00e7o: CPM s110v. Dureza: 63 HRC. Endurecido por Alan Balikoev, um dos melhores termistas da R\u00fassia. Este a\u00e7o n\u00e3o est\u00e1 dispon\u00edvel em s\u00e9rie porque \u00e9 dif\u00edcil de processar e o tratamento t\u00e9rmico tem de ser corretamente selecionado, o que requer muito tempo, energia, compet\u00eancia e esfor\u00e7o.\u00a0\u00a0<\/li>\n<li>A principal vantagem deste a\u00e7o \u00e9 a sua excelente reten\u00e7\u00e3o de afia\u00e7\u00e3o e resist\u00eancia \u00e0 corros\u00e3o.<\/li>\n<li>Peso com a mala: 250 g<\/li>\n<li>Peso: 139 g<\/li>\n<li>Estojo em pele genu\u00edna<\/li>\n<li>Fabricado na R\u00fassia, Mestre: Yakov Shishkin<\/li>\n<\/ul>","protected":false},"featured_media":1672,"comment_status":"open","ping_status":"closed","template":"","meta":[],"product_brand":[],"product_cat":[24],"product_tag":[212,75,213],"class_list":{"0":"post-1665","1":"product","2":"type-product","3":"status-publish","4":"has-post-thumbnail","6":"product_cat-knifes","7":"product_tag-cpm110v","8":"product_tag-medzioklinis-peilis","9":"product_tag-skineris","10":"product_shipping_class-iprastas","12":"first","13":"outofstock","14":"sale","15":"shipping-taxable","16":"purchasable","17":"product-type-simple"},"_links":{"self":[{"href":"https:\/\/jnats.eu\/pt\/wp-json\/wp\/v2\/product\/1665","targetHints":{"allow":["GET"]}}],"collection":[{"href":"https:\/\/jnats.eu\/pt\/wp-json\/wp\/v2\/product"}],"about":[{"href":"https:\/\/jnats.eu\/pt\/wp-json\/wp\/v2\/types\/product"}],"replies":[{"embeddable":true,"href":"https:\/\/jnats.eu\/pt\/wp-json\/wp\/v2\/comments?post=1665"}],"wp:featuredmedia":[{"embeddable":true,"href":"https:\/\/jnats.eu\/pt\/wp-json\/wp\/v2\/media\/1672"}],"wp:attachment":[{"href":"https:\/\/jnats.eu\/pt\/wp-json\/wp\/v2\/media?parent=1665"}],"wp:term":[{"taxonomy":"product_brand","embeddable":true,"href":"https:\/\/jnats.eu\/pt\/wp-json\/wp\/v2\/product_brand?post=1665"},{"taxonomy":"product_cat","embeddable":true,"href":"https:\/\/jnats.eu\/pt\/wp-json\/wp\/v2\/product_cat?post=1665"},{"taxonomy":"product_tag","embeddable":true,"href":"https:\/\/jnats.eu\/pt\/wp-json\/wp\/v2\/product_tag?post=1665"}],"curies":[{"name":"wp","href":"https:\/\/api.w.org\/{rel}","templated":true}]}}