{"id":1697,"date":"2024-04-17T08:43:17","date_gmt":"2024-04-17T05:43:17","guid":{"rendered":"http:\/\/jnats.eu\/?post_type=product&#038;p=1697"},"modified":"2024-04-20T20:25:47","modified_gmt":"2024-04-20T17:25:47","slug":"medzioklinis-peilis-kmet-klyk-bohler-s390","status":"publish","type":"product","link":"https:\/\/jnats.eu\/pt\/produto-2\/medzioklinis-peilis-kmet-klyk-bohler-s390\/","title":{"rendered":"Faca de ca\u00e7a Kmet Klyk Bohler S390"},"content":{"rendered":"<figure class=\"wp-block-embed is-type-video is-provider-youtube wp-block-embed-youtube wp-embed-aspect-16-9 wp-has-aspect-ratio\"><div class=\"wp-block-embed__wrapper\">\n<div class=\"video-container\"><iframe title=\"Faca de ca\u00e7a Kmet Klyk Bohler S390\" width=\"1170\" height=\"658\" src=\"https:\/\/www.youtube.com\/embed\/QKNgcgKUPKQ?feature=oembed\" frameborder=\"0\" allow=\"accelerometer; autoplay; clipboard-write; encrypted-media; gyroscope; picture-in-picture; web-share\" referrerpolicy=\"strict-origin-when-cross-origin\" allowfullscreen><\/iframe><\/div>\n<\/div><\/figure>\n\n\n\n<p>O BOHLER S390 MICROCLEAN \u00e9 um a\u00e7o r\u00e1pido em p\u00f3 produzido por metalurgia do p\u00f3 com boa dureza de trabalho, resist\u00eancia \u00e0 abras\u00e3o e resist\u00eancia \u00e0 compress\u00e3o. A tecnologia da metalurgia do p\u00f3 tamb\u00e9m confere ao material uma excelente dureza e maquinabilidade, como por exemplo, facilidade de retifica\u00e7\u00e3o. O BOHLER S390 \u00e9 utilizado no fabrico de: cortadores de formas, placas de aquecimento, todos os tipos de porcas, machos, brocas helicoidais, lurkers, parafusos, l\u00e2minas de serra bimet\u00e1licas.<\/p>\n\n\n\n<p><strong>Composi\u00e7\u00e3o qu\u00edmica do a\u00e7o BOHLER S390<\/strong><\/p>\n\n\n\n<p>C (carbono) - 1,60 % Mo (molibd\u00e9nio) - 2,00 % Co (cobalto) - 8,00 %<br>Cr (cr\u00f3mio)-4,80% W (tungst\u00e9nio)-10,50% V (van\u00e1dio)-5,00%<\/p>","protected":false},"excerpt":{"rendered":"<p><!-- wp:list --><\/p>\n<ul><!-- wp:list-item --><\/p>\n<li>Comprimento da l\u00e2mina: 120 mm.<\/li>\n<p><!-- \/wp:list-item --> <!-- wp:list-item --><\/p>\n<li>Largura da l\u00e2mina: 28 mm.<\/li>\n<p><!-- \/wp:list-item --> <!-- wp:list-item --><\/p>\n<li>Superf\u00edcie da l\u00e2mina: cromada polida com jato de areia<\/li>\n<p><!-- \/wp:list-item --> <!-- wp:list-item --><\/p>\n<li>Espessura da l\u00e2mina: 3,0 mm<\/li>\n<p><!-- \/wp:list-item --> <!-- wp:list-item --><\/p>\n<li>A\u00e7o BOHLER S390 MICROCLEAN. Um dos mais resistentes em todos os sentidos: excelente reten\u00e7\u00e3o da l\u00e2mina, m\u00e1xima nitidez. Talvez o \u00fanico inconveniente seja a baixa resist\u00eancia \u00e0 corros\u00e3o, mas esta faca resolve este problema revestindo a l\u00e2mina com cromo. \u00c9 claro que a l\u00e2mina n\u00e3o est\u00e1 t\u00e3o protegida, por isso n\u00e3o recomendamos que a faca seja deixada molhada.<\/li>\n<p><!-- \/wp:list-item --> <!-- wp:list-item --><\/p>\n<li><strong>Dureza: 68 HRC!<\/strong><\/li>\n<p><!-- \/wp:list-item --> <!-- wp:list-item --><\/p>\n<li>Declives: rectos<\/li>\n<p><!-- \/wp:list-item --> <!-- wp:list-item --><\/p>\n<li>Fio da l\u00e2mina: 0,3-0,4 mm.<\/li>\n<p><!-- \/wp:list-item --> <!-- wp:list-item --><\/p>\n<li>Comprimento do punho: 120 mm.<\/li>\n<p><!-- \/wp:list-item --> <!-- wp:list-item --><\/p>\n<li>Instala\u00e7\u00e3o da pega: atrav\u00e9s de<\/li>\n<p><!-- \/wp:list-item --> <!-- wp:list-item --><\/p>\n<li>Material do cabo: b\u00e9tula estabilizada da Car\u00e9lia.<\/li>\n<p><!-- \/wp:list-item --> <!-- wp:list-item --><\/p>\n<li>Peso com a mala: 272 g<\/li>\n<p><!-- \/wp:list-item --> <!-- wp:list-item --><\/p>\n<li>Peso: 185 g<\/li>\n<p><!-- \/wp:list-item --> <!-- wp:list-item --><\/p>\n<li>Estojo em pele genu\u00edna<\/li>\n<p><!-- \/wp:list-item --> <!-- wp:list-item --><\/p>\n<li>Fabricado na R\u00fassia Kmet<\/li>\n<p><!-- \/wp:list-item --><\/ul>\n<p><!-- \/wp:list --><\/p>","protected":false},"featured_media":1698,"comment_status":"open","ping_status":"closed","template":"","meta":[],"product_brand":[],"product_cat":[24],"product_tag":[215,216],"class_list":{"0":"post-1697","1":"product","2":"type-product","3":"status-publish","4":"has-post-thumbnail","6":"product_cat-knifes","7":"product_tag-kmet","8":"product_tag-s390","9":"product_shipping_class-iprastas","11":"first","12":"outofstock","13":"shipping-taxable","14":"purchasable","15":"product-type-simple"},"_links":{"self":[{"href":"https:\/\/jnats.eu\/pt\/wp-json\/wp\/v2\/product\/1697","targetHints":{"allow":["GET"]}}],"collection":[{"href":"https:\/\/jnats.eu\/pt\/wp-json\/wp\/v2\/product"}],"about":[{"href":"https:\/\/jnats.eu\/pt\/wp-json\/wp\/v2\/types\/product"}],"replies":[{"embeddable":true,"href":"https:\/\/jnats.eu\/pt\/wp-json\/wp\/v2\/comments?post=1697"}],"wp:featuredmedia":[{"embeddable":true,"href":"https:\/\/jnats.eu\/pt\/wp-json\/wp\/v2\/media\/1698"}],"wp:attachment":[{"href":"https:\/\/jnats.eu\/pt\/wp-json\/wp\/v2\/media?parent=1697"}],"wp:term":[{"taxonomy":"product_brand","embeddable":true,"href":"https:\/\/jnats.eu\/pt\/wp-json\/wp\/v2\/product_brand?post=1697"},{"taxonomy":"product_cat","embeddable":true,"href":"https:\/\/jnats.eu\/pt\/wp-json\/wp\/v2\/product_cat?post=1697"},{"taxonomy":"product_tag","embeddable":true,"href":"https:\/\/jnats.eu\/pt\/wp-json\/wp\/v2\/product_tag?post=1697"}],"curies":[{"name":"wp","href":"https:\/\/api.w.org\/{rel}","templated":true}]}}