{"id":1719,"date":"2024-04-18T09:52:30","date_gmt":"2024-04-18T06:52:30","guid":{"rendered":"http:\/\/jnats.eu\/?post_type=product&#038;p=1719"},"modified":"2025-12-10T14:29:40","modified_gmt":"2025-12-10T12:29:40","slug":"shobu-karasu","status":"publish","type":"product","link":"https:\/\/jnats.eu\/pt\/produto-2\/shobu-karasu\/","title":{"rendered":"Suite Shobu Karasu"},"content":{"rendered":"<p>Esta pedra \u00e9 f\u00e1cil de utilizar e \u00e9 ideal para dar acabamento a l\u00e2minas de barbear, polir e afiar facas de cozinha. \u00c9 r\u00e1pida e deixa uma linha kasumi contrastante. A sua grande \u00e1rea de superf\u00edcie torna-a ideal para afiar e polir.<\/p>\n\n\n\n<p>Esta pedra \u00e9 cinzenta escura e clara com muitas manchas de karat\u00e9.<\/p>\n\n\n\n<p><strong>Shobu (\u83d6\u84b2\u8c37, Shobudani, Shoubu)<\/strong><br>Mina oriental, bem conceituada pela qualidade das suas pedras de afiar. Embora esta mina possa n\u00e3o ser t\u00e3o conceituada como Ohira ou Nakayama no Ocidente, as pedras desta mina s\u00e3o geralmente de muito alta qualidade. Os pre\u00e7os por grosso do Shoubu est\u00e3o entre os que aumentam mais rapidamente de todas as pedras.<\/p>\n\n\n\n<figure class=\"wp-block-embed is-type-video is-provider-youtube wp-block-embed-youtube wp-embed-aspect-16-9 wp-has-aspect-ratio\"><div class=\"wp-block-embed__wrapper\">\n<div class=\"video-container\"><iframe title=\"Nakayama e Shobudani Karasu\" width=\"1170\" height=\"658\" src=\"https:\/\/www.youtube.com\/embed\/lYPMCssaMn0?feature=oembed\" frameborder=\"0\" allow=\"accelerometer; autoplay; clipboard-write; encrypted-media; gyroscope; picture-in-picture; web-share\" referrerpolicy=\"strict-origin-when-cross-origin\" allowfullscreen><\/iframe><\/div>\n<\/div><\/figure>","protected":false},"excerpt":{"rendered":"<ul>\n<li>Adequado para o acabamento de l\u00e2minas de barbear, facas, tesouras, ferramentas de carpintaria e outras.<\/li>\n<li>Dimens\u00f5es: 220x93x35 mm<\/li>\n<li>Peso: 1550 g<\/li>\n<li>Dureza: Lv 5<\/li>\n<li>Superf\u00edcie pronta a trabalhar sem defeitos<\/li>\n<li>Recomendamos que trabalhe com \u00e1gua morna, uma vez que a \u00e1gua fria prejudica a velocidade e a resposta.<\/li>\n<\/ul>","protected":false},"featured_media":1721,"comment_status":"open","ping_status":"closed","template":"","meta":[],"product_brand":[],"product_cat":[22],"product_tag":[57,219,44,218,50],"class_list":{"0":"post-1719","1":"product","2":"type-product","3":"status-publish","4":"has-post-thumbnail","6":"product_cat-jnats","7":"product_tag-karasu","8":"product_tag-shobu","9":"product_tag-shobudani","10":"product_tag-shoubu","11":"product_tag-suita","12":"product_shipping_class-iprastas","14":"first","15":"outofstock","16":"sale","17":"shipping-taxable","18":"purchasable","19":"product-type-simple"},"_links":{"self":[{"href":"https:\/\/jnats.eu\/pt\/wp-json\/wp\/v2\/product\/1719","targetHints":{"allow":["GET"]}}],"collection":[{"href":"https:\/\/jnats.eu\/pt\/wp-json\/wp\/v2\/product"}],"about":[{"href":"https:\/\/jnats.eu\/pt\/wp-json\/wp\/v2\/types\/product"}],"replies":[{"embeddable":true,"href":"https:\/\/jnats.eu\/pt\/wp-json\/wp\/v2\/comments?post=1719"}],"wp:featuredmedia":[{"embeddable":true,"href":"https:\/\/jnats.eu\/pt\/wp-json\/wp\/v2\/media\/1721"}],"wp:attachment":[{"href":"https:\/\/jnats.eu\/pt\/wp-json\/wp\/v2\/media?parent=1719"}],"wp:term":[{"taxonomy":"product_brand","embeddable":true,"href":"https:\/\/jnats.eu\/pt\/wp-json\/wp\/v2\/product_brand?post=1719"},{"taxonomy":"product_cat","embeddable":true,"href":"https:\/\/jnats.eu\/pt\/wp-json\/wp\/v2\/product_cat?post=1719"},{"taxonomy":"product_tag","embeddable":true,"href":"https:\/\/jnats.eu\/pt\/wp-json\/wp\/v2\/product_tag?post=1719"}],"curies":[{"name":"wp","href":"https:\/\/api.w.org\/{rel}","templated":true}]}}