{"id":174,"date":"2024-02-23T13:40:14","date_gmt":"2024-02-23T11:40:14","guid":{"rendered":"http:\/\/jnats.eu\/?post_type=product&#038;p=174"},"modified":"2026-03-07T15:13:53","modified_gmt":"2026-03-07T13:13:53","slug":"nos-vintaziniai-skustuvai-thier-issard","status":"publish","type":"product","link":"https:\/\/jnats.eu\/pt\/produto-2\/nos-vintaziniai-skustuvai-thier-issard\/","title":{"rendered":"NOS L\u00e2minas de barbear vintage Thiers Issard 69"},"content":{"rendered":"<p>As m\u00e1quinas de barbear vintage Thiers Issard s\u00e3o um s\u00edmbolo de estilo intemporal e de alta qualidade. Criadas por artes\u00e3os franceses que prezam o mais elevado artesanato e tradi\u00e7\u00e3o, estas m\u00e1quinas de barbear \u00fanicas garantem n\u00e3o s\u00f3 um barbear perfeito, mas tamb\u00e9m um design excecional.<\/p>\n\n\n\n<p>As l\u00e2minas de barbear s\u00e3o feitas de a\u00e7o de alta qualidade, o que garante uma longa vida \u00fatil e um excelente afiamento da l\u00e2mina. Os seus cabos, feitos de pol\u00edmero de alta qualidade, n\u00e3o s\u00f3 s\u00e3o confort\u00e1veis na m\u00e3o, como tamb\u00e9m reflectem luxo e eleg\u00e2ncia.<\/p>\n\n\n\n<p>As m\u00e1quinas de barbear Vintage Thiers Issard s\u00e3o a escolha perfeita tanto para os entusiastas de m\u00e1quinas de barbear experientes como para aqueles que apreciam o estilo cl\u00e1ssico. Cada m\u00e1quina de barbear tem uma grava\u00e7\u00e3o \u00fanica ou um design de cabo distinto que real\u00e7a o luxo e a personalidade.<\/p>\n\n\n\n<p>Estas m\u00e1quinas de barbear n\u00e3o s\u00f3 lhe proporcionam um barbear perfeito, como tamb\u00e9m s\u00e3o uma adi\u00e7\u00e3o elegante \u00e0 sua rotina de higiene pessoal. Mais do que uma ferramenta, as m\u00e1quinas de barbear vintage Thiers Issard s\u00e3o uma arte que enriquecer\u00e1 o seu quotidiano com um toque cl\u00e1ssico franc\u00eas.<\/p>\n\n\n\n<figure class=\"wp-block-embed is-type-video is-provider-youtube wp-block-embed-youtube wp-embed-aspect-16-9 wp-has-aspect-ratio\"><div class=\"wp-block-embed__wrapper\">\n<div class=\"video-container\"><iframe title=\"NOS Navalhas Vintage Thiers Issard 69\" width=\"1170\" height=\"658\" src=\"https:\/\/www.youtube.com\/embed\/ku67DxuOxHI?feature=oembed\" frameborder=\"0\" allow=\"accelerometer; autoplay; clipboard-write; encrypted-media; gyroscope; picture-in-picture; web-share\" referrerpolicy=\"strict-origin-when-cross-origin\" allowfullscreen><\/iframe><\/div>\n<\/div><\/figure>","protected":false},"excerpt":{"rendered":"<p>NOS (New old stock) L\u00e2minas de barbear vintage Thiers Issard 69 e outras l\u00e2minas de barbear vintage n\u00e3o usadas com estojos em pele sint\u00e9tica. Reconhecidas pelo seu barbear suave e pela sua superioridade geral em rela\u00e7\u00e3o \u00e0s suas cong\u00e9neres modernas. As l\u00e2minas apresentam sinais de corros\u00e3o na parte de tr\u00e1s, mas todas as l\u00e2minas est\u00e3o completamente intactas, pelo que a afia\u00e7\u00e3o e a utiliza\u00e7\u00e3o n\u00e3o constituir\u00e3o qualquer problema. A mec\u00e2nica e a geometria s\u00e3o impec\u00e1veis. Veja atentamente as fotografias e os v\u00eddeos e escolha a sua op\u00e7\u00e3o preferida entre as 14 dispon\u00edveis.<\/p>\n<p>Se voc\u00ea n\u00e3o vir um item listado, significa que ele foi vendido.<\/p>","protected":false},"featured_media":175,"comment_status":"open","ping_status":"closed","template":"","meta":[],"product_brand":[],"product_cat":[23],"product_tag":[55,160,54],"class_list":{"0":"post-174","1":"product","2":"type-product","3":"status-publish","4":"has-post-thumbnail","6":"product_cat-razors","7":"product_tag-nos","8":"product_tag-skustuvai","9":"product_tag-thier-issard","10":"product_shipping_class-light","12":"first","13":"instock","14":"sale","15":"sold-individually","16":"shipping-taxable","17":"purchasable","18":"product-type-variable"},"_links":{"self":[{"href":"https:\/\/jnats.eu\/pt\/wp-json\/wp\/v2\/product\/174","targetHints":{"allow":["GET"]}}],"collection":[{"href":"https:\/\/jnats.eu\/pt\/wp-json\/wp\/v2\/product"}],"about":[{"href":"https:\/\/jnats.eu\/pt\/wp-json\/wp\/v2\/types\/product"}],"replies":[{"embeddable":true,"href":"https:\/\/jnats.eu\/pt\/wp-json\/wp\/v2\/comments?post=174"}],"wp:featuredmedia":[{"embeddable":true,"href":"https:\/\/jnats.eu\/pt\/wp-json\/wp\/v2\/media\/175"}],"wp:attachment":[{"href":"https:\/\/jnats.eu\/pt\/wp-json\/wp\/v2\/media?parent=174"}],"wp:term":[{"taxonomy":"product_brand","embeddable":true,"href":"https:\/\/jnats.eu\/pt\/wp-json\/wp\/v2\/product_brand?post=174"},{"taxonomy":"product_cat","embeddable":true,"href":"https:\/\/jnats.eu\/pt\/wp-json\/wp\/v2\/product_cat?post=174"},{"taxonomy":"product_tag","embeddable":true,"href":"https:\/\/jnats.eu\/pt\/wp-json\/wp\/v2\/product_tag?post=174"}],"curies":[{"name":"wp","href":"https:\/\/api.w.org\/{rel}","templated":true}]}}