{"id":1757,"date":"2024-04-18T15:49:49","date_gmt":"2024-04-18T12:49:49","guid":{"rendered":"http:\/\/jnats.eu\/?post_type=product&#038;p=1757"},"modified":"2024-11-26T17:19:38","modified_gmt":"2024-11-26T15:19:38","slug":"nishi-makoto-yama-osaka-mining-special-selection-yamagoto","status":"publish","type":"product","link":"https:\/\/jnats.eu\/pt\/produto-2\/nishi-makoto-yama-osaka-mining-special-selection-yamagoto\/","title":{"rendered":"Nishi Makoto Yama Osaka sele\u00e7\u00e3o especial mineira Yamagoto"},"content":{"rendered":"<ul class=\"wp-block-list\">\n<li>Adequado para o acabamento de l\u00e2minas de barbear, facas, tesouras, ferramentas de carpintaria e outras.<\/li>\n\n\n\n<li>Dimens\u00f5es: 203x75x32 mm<\/li>\n\n\n\n<li>Peso: 1230 g<\/li>\n\n\n\n<li>Dureza: Lv 4<\/li>\n\n\n\n<li>Novo, armazenado h\u00e1 muito tempo em armaz\u00e9m, pelo que a caixa est\u00e1 manchada.<\/li>\n\n\n\n<li>Superf\u00edcie pronta a ser utilizada.\u00a0<\/li>\n\n\n\n<li>Recomendamos que trabalhe com \u00e1gua morna, uma vez que a \u00e1gua fria prejudica a velocidade e a resposta.<\/li>\n<\/ul>\n\n\n\n<p><br><\/p>","protected":false},"excerpt":{"rendered":"<ul>\n<li>Adequado para o acabamento de l\u00e2minas de barbear, facas, tesouras, ferramentas de carpintaria e outras.<\/li>\n<li>Dimens\u00f5es: 203x75x32 mm<\/li>\n<li>Peso: 1230 g<\/li>\n<li>Dureza: Lv 4<\/li>\n<li>Novo, armazenado h\u00e1 muito tempo em armaz\u00e9m.<\/li>\n<li>Superf\u00edcie pronta a ser utilizada.<\/li>\n<li>Recomendamos que trabalhe com \u00e1gua morna, uma vez que a \u00e1gua fria prejudica a velocidade e a resposta.<\/li>\n<\/ul>","protected":false},"featured_media":1759,"comment_status":"open","ping_status":"closed","template":"","meta":[],"product_brand":[],"product_cat":[22],"product_tag":[221,222],"class_list":{"0":"post-1757","1":"product","2":"type-product","3":"status-publish","4":"has-post-thumbnail","6":"product_cat-jnats","7":"product_tag-nishi","8":"product_tag-yamagoto","9":"product_shipping_class-iprastas","11":"first","12":"outofstock","13":"shipping-taxable","14":"purchasable","15":"product-type-simple"},"_links":{"self":[{"href":"https:\/\/jnats.eu\/pt\/wp-json\/wp\/v2\/product\/1757","targetHints":{"allow":["GET"]}}],"collection":[{"href":"https:\/\/jnats.eu\/pt\/wp-json\/wp\/v2\/product"}],"about":[{"href":"https:\/\/jnats.eu\/pt\/wp-json\/wp\/v2\/types\/product"}],"replies":[{"embeddable":true,"href":"https:\/\/jnats.eu\/pt\/wp-json\/wp\/v2\/comments?post=1757"}],"wp:featuredmedia":[{"embeddable":true,"href":"https:\/\/jnats.eu\/pt\/wp-json\/wp\/v2\/media\/1759"}],"wp:attachment":[{"href":"https:\/\/jnats.eu\/pt\/wp-json\/wp\/v2\/media?parent=1757"}],"wp:term":[{"taxonomy":"product_brand","embeddable":true,"href":"https:\/\/jnats.eu\/pt\/wp-json\/wp\/v2\/product_brand?post=1757"},{"taxonomy":"product_cat","embeddable":true,"href":"https:\/\/jnats.eu\/pt\/wp-json\/wp\/v2\/product_cat?post=1757"},{"taxonomy":"product_tag","embeddable":true,"href":"https:\/\/jnats.eu\/pt\/wp-json\/wp\/v2\/product_tag?post=1757"}],"curies":[{"name":"wp","href":"https:\/\/api.w.org\/{rel}","templated":true}]}}