{"id":1819,"date":"2024-04-19T11:00:53","date_gmt":"2024-04-19T08:00:53","guid":{"rendered":"http:\/\/jnats.eu\/?post_type=product&#038;p=1819"},"modified":"2024-06-27T12:00:19","modified_gmt":"2024-06-27T09:00:19","slug":"nakayama-asagi-nashiji-japoniskas-naturalus-galandinimo-uzbaigimo","status":"publish","type":"product","link":"https:\/\/jnats.eu\/pt\/produto-2\/nakayama-asagi-nashiji-japoniskas-naturalus-galandinimo-uzbaigimo\/","title":{"rendered":"Pedra de afiar natural japonesa Nakayama Asagi Nashiji"},"content":{"rendered":"<p>Pedra de afiar natural japonesa Nakayama Mizu Asagi. Trata-se de uma pedra muito dura e extremamente fina que recomendamos utilizar como acabamento final no fim do processo de afia\u00e7\u00e3o, ou para refrescar a l\u00e2mina de barbear sempre que o barbear se torna menos confort\u00e1vel e come\u00e7a a partir os p\u00ealos.<\/p>\n\n\n\n<p>\u00c9 uma pequena koppa bastante normal que cumpre muito bem a sua fun\u00e7\u00e3o! <\/p>\n\n\n\n<p>Este asagi cinzento tem um padr\u00e3o t\u00e9nue de pontos nashiji em toda a pedra. N\u00e3o h\u00e1 linhas ou inclus\u00f5es. A parte inferior da pedra tamb\u00e9m pode ser facilmente preparada para o trabalho. <\/p>\n\n\n\n<p><strong>Nakayama (\u4e2d\u5c71)<\/strong><\/p>\n\n\n\n<p>Esta mina oriental \u00e9 famosa pelas suas pedras de afiar, awasedo. A pedra de v\u00e1rias camadas com a sua cor kiita \u00e9 particularmente apreciada por carpinteiros e afiadores de l\u00e2minas de barbear. Em compara\u00e7\u00e3o com as pedras de dureza e finura semelhantes de outras minas, as pedras de Nakayama s\u00e3o conhecidas pela sua sensa\u00e7\u00e3o de afia\u00e7\u00e3o mais agrad\u00e1vel.<\/p>\n\n\n\n<figure class=\"wp-block-embed is-type-video is-provider-youtube wp-block-embed-youtube wp-embed-aspect-16-9 wp-has-aspect-ratio\"><div class=\"wp-block-embed__wrapper\">\n<div class=\"video-container\"><iframe title=\"Ohira Renge Suita, Nishiyama Shiro Suita, Nakayama Asagi Nashiji, Kyoto Shomotoyama, Atago\" width=\"1170\" height=\"658\" src=\"https:\/\/www.youtube.com\/embed\/NhqN2jyKzUg?start=374&#038;feature=oembed\" frameborder=\"0\" allow=\"accelerometer; autoplay; clipboard-write; encrypted-media; gyroscope; picture-in-picture; web-share\" referrerpolicy=\"strict-origin-when-cross-origin\" allowfullscreen><\/iframe><\/div>\n<\/div><\/figure>","protected":false},"excerpt":{"rendered":"<ul>\n<li>Adequado para o acabamento de l\u00e2minas de barbear, facas, tesouras, ferramentas de carpintaria e outras.<\/li>\n<li>Dimens\u00f5es: 123x75x33 mm<\/li>\n<li>Peso: 830 g<\/li>\n<li>Dureza: Lv 5<\/li>\n<li>A superf\u00edcie \u00e9 lisa e est\u00e1 pronta a ser utilizada.<\/li>\n<li>Recomendamos que trabalhe com \u00e1gua morna, uma vez que a \u00e1gua fria prejudica a velocidade e a resposta<\/li>\n<\/ul>","protected":false},"featured_media":1822,"comment_status":"open","ping_status":"closed","template":"","meta":[],"product_brand":[],"product_cat":[22],"product_tag":[45,49,48],"class_list":{"0":"post-1819","1":"product","2":"type-product","3":"status-publish","4":"has-post-thumbnail","6":"product_cat-jnats","7":"product_tag-asagi","8":"product_tag-nakayama","9":"product_tag-nashiji","10":"product_shipping_class-iprastas","12":"first","13":"outofstock","14":"sale","15":"shipping-taxable","16":"purchasable","17":"product-type-simple"},"_links":{"self":[{"href":"https:\/\/jnats.eu\/pt\/wp-json\/wp\/v2\/product\/1819","targetHints":{"allow":["GET"]}}],"collection":[{"href":"https:\/\/jnats.eu\/pt\/wp-json\/wp\/v2\/product"}],"about":[{"href":"https:\/\/jnats.eu\/pt\/wp-json\/wp\/v2\/types\/product"}],"replies":[{"embeddable":true,"href":"https:\/\/jnats.eu\/pt\/wp-json\/wp\/v2\/comments?post=1819"}],"wp:featuredmedia":[{"embeddable":true,"href":"https:\/\/jnats.eu\/pt\/wp-json\/wp\/v2\/media\/1822"}],"wp:attachment":[{"href":"https:\/\/jnats.eu\/pt\/wp-json\/wp\/v2\/media?parent=1819"}],"wp:term":[{"taxonomy":"product_brand","embeddable":true,"href":"https:\/\/jnats.eu\/pt\/wp-json\/wp\/v2\/product_brand?post=1819"},{"taxonomy":"product_cat","embeddable":true,"href":"https:\/\/jnats.eu\/pt\/wp-json\/wp\/v2\/product_cat?post=1819"},{"taxonomy":"product_tag","embeddable":true,"href":"https:\/\/jnats.eu\/pt\/wp-json\/wp\/v2\/product_tag?post=1819"}],"curies":[{"name":"wp","href":"https:\/\/api.w.org\/{rel}","templated":true}]}}