{"id":1831,"date":"2024-04-19T11:11:05","date_gmt":"2024-04-19T08:11:05","guid":{"rendered":"http:\/\/jnats.eu\/?post_type=product&#038;p=1831"},"modified":"2024-05-03T12:02:38","modified_gmt":"2024-05-03T09:02:38","slug":"atagoyama-awasedo","status":"publish","type":"product","link":"https:\/\/jnats.eu\/pt\/produto-2\/atagoyama-awasedo\/","title":{"rendered":"Atagoyama Awasedo"},"content":{"rendered":"<p>Apesar da sua apar\u00eancia despretensiosa, esta pedra \u00e9 agrad\u00e1vel de utilizar. O tamanho grande proporciona uma sensa\u00e7\u00e3o de afia\u00e7\u00e3o extremamente est\u00e1vel e a pureza da pedra garante resultados consistentes para toda a vida. \u00c9 um \"cavalo de batalha\" que pode durar uma vida inteira para o artes\u00e3o e polidor profissional. A pedra \u00e9 robusta, mas n\u00e3o t\u00e3o dura que seja demasiado pesada para os utilizadores menos experientes. Com uma suspens\u00e3o lateral ou de placa de diamante, apaga os riscos de 6.000 pedras sint\u00e9ticas com rapidez suficiente para deixar um acabamento kasumi agrad\u00e1vel e, com uma pedra limpa, a faca pode ser ainda mais refinada para um excelente acabamento brilhante. Esta pedra \u00e9 adequada para uma vasta gama de aplica\u00e7\u00f5es, desde facas a ferramentas e l\u00e2minas de barbear. A pedra tem uma cor cinzenta clara suave com padr\u00f5es subtis.<\/p>\n\n\n\n<p><strong>Atagoyama (\u611b\u5b95\u5c71)<\/strong><br>Esta mina produziu pedras de Chu-ishi naori, que s\u00e3o normalmente grandes e limpas. O Monte Atago \u00e9 frequentemente referido como o centro da \u00e1rea de extra\u00e7\u00e3o de pedras de afiar de Quioto.<\/p>\n\n\n\n<figure class=\"wp-block-embed is-type-video is-provider-youtube wp-block-embed-youtube wp-embed-aspect-16-9 wp-has-aspect-ratio\"><div class=\"wp-block-embed__wrapper\">\n<div class=\"video-container\"><iframe title=\"Ohira Renge Suita, Nishiyama Shiro Suita, Nakayama Asagi Nashiji, Kyoto Shomotoyama, Atago\" width=\"1170\" height=\"658\" src=\"https:\/\/www.youtube.com\/embed\/NhqN2jyKzUg?start=275&#038;feature=oembed\" frameborder=\"0\" allow=\"accelerometer; autoplay; clipboard-write; encrypted-media; gyroscope; picture-in-picture; web-share\" referrerpolicy=\"strict-origin-when-cross-origin\" allowfullscreen><\/iframe><\/div>\n<\/div><\/figure>","protected":false},"excerpt":{"rendered":"<ul>\n<li>Adequado para o acabamento de l\u00e2minas de barbear, facas, tesouras, ferramentas de carpintaria e outras.<\/li>\n<li>Dimens\u00f5es: 208x78x40 mm<\/li>\n<li>Peso: 1590 g<\/li>\n<li>Dureza: Lv 4.7<\/li>\n<li>A superf\u00edcie \u00e9 lisa e est\u00e1 pronta a ser utilizada.<\/li>\n<li>As linhas est\u00e3o seguras.<\/li>\n<li>Recomendamos que trabalhe com \u00e1gua morna, uma vez que a \u00e1gua fria prejudica a velocidade e a resposta<\/li>\n<\/ul>","protected":false},"featured_media":1837,"comment_status":"open","ping_status":"closed","template":"","meta":[],"product_brand":[],"product_cat":[22],"product_tag":[225,40],"class_list":{"0":"post-1831","1":"product","2":"type-product","3":"status-publish","4":"has-post-thumbnail","6":"product_cat-jnats","7":"product_tag-atagoyama","8":"product_tag-awasedo","9":"product_shipping_class-iprastas","11":"first","12":"instock","13":"sale","14":"shipping-taxable","15":"purchasable","16":"product-type-simple"},"_links":{"self":[{"href":"https:\/\/jnats.eu\/pt\/wp-json\/wp\/v2\/product\/1831","targetHints":{"allow":["GET"]}}],"collection":[{"href":"https:\/\/jnats.eu\/pt\/wp-json\/wp\/v2\/product"}],"about":[{"href":"https:\/\/jnats.eu\/pt\/wp-json\/wp\/v2\/types\/product"}],"replies":[{"embeddable":true,"href":"https:\/\/jnats.eu\/pt\/wp-json\/wp\/v2\/comments?post=1831"}],"wp:featuredmedia":[{"embeddable":true,"href":"https:\/\/jnats.eu\/pt\/wp-json\/wp\/v2\/media\/1837"}],"wp:attachment":[{"href":"https:\/\/jnats.eu\/pt\/wp-json\/wp\/v2\/media?parent=1831"}],"wp:term":[{"taxonomy":"product_brand","embeddable":true,"href":"https:\/\/jnats.eu\/pt\/wp-json\/wp\/v2\/product_brand?post=1831"},{"taxonomy":"product_cat","embeddable":true,"href":"https:\/\/jnats.eu\/pt\/wp-json\/wp\/v2\/product_cat?post=1831"},{"taxonomy":"product_tag","embeddable":true,"href":"https:\/\/jnats.eu\/pt\/wp-json\/wp\/v2\/product_tag?post=1831"}],"curies":[{"name":"wp","href":"https:\/\/api.w.org\/{rel}","templated":true}]}}