{"id":1866,"date":"2026-03-16T09:30:36","date_gmt":"2026-03-16T07:30:36","guid":{"rendered":"http:\/\/jnats.eu\/?post_type=product&#038;p=1866"},"modified":"2026-03-27T00:51:08","modified_gmt":"2026-03-26T22:51:08","slug":"nakayama-kiita-2","status":"publish","type":"product","link":"https:\/\/jnats.eu\/pt\/produto-2\/nakayama-kiita-2\/","title":{"rendered":"Nakayama Kiita Tomae"},"content":{"rendered":"<figure class=\"wp-block-embed is-type-video is-provider-youtube wp-block-embed-youtube wp-embed-aspect-16-9 wp-has-aspect-ratio\"><div class=\"wp-block-embed__wrapper\">\n<div class=\"video-container\"><iframe title=\"Afiar uma navalha sovi\u00e9tica \u201cLyubitelskaya\u201d de 1955 | Aoto \u2192 Ohira \u2192 Nakayama Kiita\" width=\"1170\" height=\"658\" src=\"https:\/\/www.youtube.com\/embed\/NyQAXd54ZH8?start=387&#038;feature=oembed\" frameborder=\"0\" allow=\"accelerometer; autoplay; clipboard-write; encrypted-media; gyroscope; picture-in-picture; web-share\" referrerpolicy=\"strict-origin-when-cross-origin\" allowfullscreen><\/iframe><\/div>\n<\/div><\/figure>\n\n\n\n<p>Esta Kiita Nakayama \u00e9 muito dura, o que facilita o trabalho com a nagura. A pedra \u00e9 muito boa para afiar l\u00e2minas de barbear, mas tamb\u00e9m \u00e9 suficientemente boa para facas de a\u00e7o carbono, mas o seu tamanho n\u00e3o a torna conveniente para afiar ferramentas maiores. <\/p>\n\n\n\n<p>Esta kiita tem uma cor amarela brilhante com algumas manchas mais escuras. A parte de baixo apresenta marcas residuais de casca de \u00e1rvore.<\/p>\n\n\n\n<p><strong>Nakayama (\u4e2d\u5c71)<\/strong><\/p>\n\n\n\n<p>Esta mina oriental \u00e9 famosa pelas suas pedras de afiar, awasedo. A pedra de v\u00e1rias camadas com kiita \u00e9 particularmente apreciada por profissionais e amadores. Em compara\u00e7\u00e3o com as pedras de dureza e finura semelhantes de outras minas, as pedras Nakayama s\u00e3o conhecidas pela sua sensa\u00e7\u00e3o de afia\u00e7\u00e3o mais agrad\u00e1vel e rapidez de trabalho.<\/p>","protected":false},"excerpt":{"rendered":"<ul>\n<li>Adequado para o acabamento de l\u00e2minas de barbear, facas, tesouras, ferramentas de carpintaria e outras.<\/li>\n<li>Dimens\u00f5es: 127x110x22 mm<\/li>\n<li>Peso: 770 g<\/li>\n<li>Dureza: Lv 5+<\/li>\n<li>A superf\u00edcie \u00e9 lisa e est\u00e1 pronta a ser utilizada.<\/li>\n<li>Recomendamos que trabalhe com \u00e1gua morna, uma vez que a \u00e1gua fria prejudica a velocidade e a resposta<\/li>\n<\/ul>","protected":false},"featured_media":5827,"comment_status":"open","ping_status":"closed","template":"","meta":[],"product_brand":[],"product_cat":[22],"product_tag":[141,49],"class_list":{"0":"post-1866","1":"product","2":"type-product","3":"status-publish","4":"has-post-thumbnail","6":"product_cat-jnats","7":"product_tag-kiita","8":"product_tag-nakayama","9":"product_shipping_class-iprastas","11":"first","12":"outofstock","13":"shipping-taxable","14":"purchasable","15":"product-type-simple"},"_links":{"self":[{"href":"https:\/\/jnats.eu\/pt\/wp-json\/wp\/v2\/product\/1866","targetHints":{"allow":["GET"]}}],"collection":[{"href":"https:\/\/jnats.eu\/pt\/wp-json\/wp\/v2\/product"}],"about":[{"href":"https:\/\/jnats.eu\/pt\/wp-json\/wp\/v2\/types\/product"}],"replies":[{"embeddable":true,"href":"https:\/\/jnats.eu\/pt\/wp-json\/wp\/v2\/comments?post=1866"}],"wp:featuredmedia":[{"embeddable":true,"href":"https:\/\/jnats.eu\/pt\/wp-json\/wp\/v2\/media\/5827"}],"wp:attachment":[{"href":"https:\/\/jnats.eu\/pt\/wp-json\/wp\/v2\/media?parent=1866"}],"wp:term":[{"taxonomy":"product_brand","embeddable":true,"href":"https:\/\/jnats.eu\/pt\/wp-json\/wp\/v2\/product_brand?post=1866"},{"taxonomy":"product_cat","embeddable":true,"href":"https:\/\/jnats.eu\/pt\/wp-json\/wp\/v2\/product_cat?post=1866"},{"taxonomy":"product_tag","embeddable":true,"href":"https:\/\/jnats.eu\/pt\/wp-json\/wp\/v2\/product_tag?post=1866"}],"curies":[{"name":"wp","href":"https:\/\/api.w.org\/{rel}","templated":true}]}}