{"id":1873,"date":"2024-04-21T09:33:15","date_gmt":"2024-04-21T06:33:15","guid":{"rendered":"http:\/\/jnats.eu\/?post_type=product&#038;p=1873"},"modified":"2025-03-06T13:21:20","modified_gmt":"2025-03-06T11:21:20","slug":"shomotoyama-kiita","status":"publish","type":"product","link":"https:\/\/jnats.eu\/pt\/produto-2\/shomotoyama-kiita\/","title":{"rendered":"Shomotoyama Kiita"},"content":{"rendered":"<p>Apesar de ser bastante dura, esta Kiita \u00e9 f\u00e1cil de trabalhar. A pedra \u00e9 suficientemente boa para acabar com uma l\u00e2mina de barbear, mas \u00e9 suficientemente f\u00e1cil de utilizar para ser tamb\u00e9m adequada para facas. N\u00e3o \u00e9 necess\u00e1rio utilizar um prego ou uma placa de diamante, uma vez que a pedra liberta a sua suspens\u00e3o e os res\u00edduos de metal s\u00e3o rapidamente vis\u00edveis. O seu tamanho torna-o ideal para o trabalho com l\u00e2minas de barbear, mas tamb\u00e9m ser\u00e1 bom para afiar ferramentas maiores. <\/p>\n\n\n\n<p>Shomotoyama era o nome dado \u00e0s pedras Nakayama e Okudo. N\u00e3o posso dizer qual \u00e9 a minha neste caso.<\/p>\n\n\n\n<figure class=\"wp-block-embed is-type-video is-provider-youtube wp-block-embed-youtube wp-embed-aspect-16-9 wp-has-aspect-ratio\"><div class=\"wp-block-embed__wrapper\">\n<div class=\"video-container\"><iframe title=\"Yaginoshima Asagi, Nakayama Kiita, Shomotoyama Kiita\" width=\"1170\" height=\"658\" src=\"https:\/\/www.youtube.com\/embed\/BfthwASlRYw?start=204&#038;feature=oembed\" frameborder=\"0\" allow=\"accelerometer; autoplay; clipboard-write; encrypted-media; gyroscope; picture-in-picture; web-share\" referrerpolicy=\"strict-origin-when-cross-origin\" allowfullscreen><\/iframe><\/div>\n<\/div><\/figure>","protected":false},"excerpt":{"rendered":"<ul>\n<li>Adequado para o acabamento de l\u00e2minas de barbear, facas, tesouras, ferramentas de carpintaria e outras.<\/li>\n<li>Dimens\u00f5es: 208x77x24 mm<\/li>\n<li>Peso com suporte: 1020 g<\/li>\n<li>Dureza: Lv 4.5<\/li>\n<li>A superf\u00edcie \u00e9 lisa e est\u00e1 pronta a ser utilizada.<\/li>\n<li>Linhas seguras<\/li>\n<li><strong>Desgaste irregular: cantos a diferentes alturas.<\/strong><\/li>\n<li>Recomendamos que trabalhe com \u00e1gua morna, uma vez que a \u00e1gua fria prejudica a velocidade e a resposta<\/li>\n<\/ul>","protected":false},"featured_media":1875,"comment_status":"open","ping_status":"closed","template":"","meta":[],"product_brand":[],"product_cat":[22],"product_tag":[141,227],"class_list":{"0":"post-1873","1":"product","2":"type-product","3":"status-publish","4":"has-post-thumbnail","6":"product_cat-jnats","7":"product_tag-kiita","8":"product_tag-shomotoyama-kiita","10":"first","11":"outofstock","12":"sale","13":"shipping-taxable","14":"purchasable","15":"product-type-simple"},"_links":{"self":[{"href":"https:\/\/jnats.eu\/pt\/wp-json\/wp\/v2\/product\/1873","targetHints":{"allow":["GET"]}}],"collection":[{"href":"https:\/\/jnats.eu\/pt\/wp-json\/wp\/v2\/product"}],"about":[{"href":"https:\/\/jnats.eu\/pt\/wp-json\/wp\/v2\/types\/product"}],"replies":[{"embeddable":true,"href":"https:\/\/jnats.eu\/pt\/wp-json\/wp\/v2\/comments?post=1873"}],"wp:featuredmedia":[{"embeddable":true,"href":"https:\/\/jnats.eu\/pt\/wp-json\/wp\/v2\/media\/1875"}],"wp:attachment":[{"href":"https:\/\/jnats.eu\/pt\/wp-json\/wp\/v2\/media?parent=1873"}],"wp:term":[{"taxonomy":"product_brand","embeddable":true,"href":"https:\/\/jnats.eu\/pt\/wp-json\/wp\/v2\/product_brand?post=1873"},{"taxonomy":"product_cat","embeddable":true,"href":"https:\/\/jnats.eu\/pt\/wp-json\/wp\/v2\/product_cat?post=1873"},{"taxonomy":"product_tag","embeddable":true,"href":"https:\/\/jnats.eu\/pt\/wp-json\/wp\/v2\/product_tag?post=1873"}],"curies":[{"name":"wp","href":"https:\/\/api.w.org\/{rel}","templated":true}]}}