{"id":1893,"date":"2024-04-22T09:51:46","date_gmt":"2024-04-22T06:51:46","guid":{"rendered":"http:\/\/jnats.eu\/?post_type=product&#038;p=1893"},"modified":"2024-09-15T12:00:18","modified_gmt":"2024-09-15T09:00:18","slug":"maruoyama-tomae-japoniskas-galandinimo-uzbaigimo-akmuo","status":"publish","type":"product","link":"https:\/\/jnats.eu\/pt\/produto-2\/maruoyama-tomae-japoniskas-galandinimo-uzbaigimo-akmuo\/","title":{"rendered":"Pedra de afiar japonesa Maruoyama Tomae"},"content":{"rendered":"<p>Apesar do seu tamanho, esta koppa \u00e9 um \u00f3timo exemplo de uma pedra de acabamento amaciada japonesa da Maruo. N\u00e3o \u00e9 demasiado dura, nem demasiado fina e \u00e9 adequada para uma variedade de aplica\u00e7\u00f5es. Completar\u00e1 a afia\u00e7\u00e3o de facas de cozinha e servir\u00e1 de acabamento para ferramentas e l\u00e2minas de barbear. Este tamanho \u00e9 perfeito para l\u00e2minas de barbear, mas tamb\u00e9m pode ser utilizado para polir facas de cozinha, mesmo as grandes. No entanto, n\u00e3o seria a minha primeira escolha de tamanho para ferramentas ou facas. <\/p>\n\n\n\n<p>N\u00e3o h\u00e1 linhas ou inclus\u00f5es com que se preocupar. Esta pedra est\u00e1 selada.<\/p>\n\n\n\n<p><strong>Maruo (\u4e38\u5c3e\u5c71, Maruoyama)<\/strong><br>Uma das poucas minas japonesas de pedras de afiar ainda em funcionamento, esta mina ocidental \u00e9 famosa pelo seu shiro suita macio. Esta mina \u00e9 tamb\u00e9m muito apreciada pelas suas pedras de afiar shiki uchigumori (tenjyou suita), ao suita e aisa. Outrora amplamente dispon\u00edveis e relativamente baratas, o aumento da procura ultrapassou a oferta, tornando estas pedras mais dif\u00edceis de obter e s\u00e3o atualmente muito mais caras do que eram h\u00e1 alguns anos atr\u00e1s. No entanto, tendo em conta todos os factores, s\u00e3o bastante acess\u00edveis.<\/p>","protected":false},"excerpt":{"rendered":"<ul>\n<li>Adequado para o acabamento de l\u00e2minas de barbear, facas, tesouras, ferramentas de carpintaria e outras.<\/li>\n<li>Dimens\u00f5es: 153x75x21 mm<\/li>\n<li>Peso com suporte: 940 g<\/li>\n<li>Dureza: Lv 4<\/li>\n<li>Superf\u00edcie lisa e pronta a utilizar<\/li>\n<li>Recomendamos que trabalhe com \u00e1gua morna, uma vez que a \u00e1gua fria prejudica a velocidade e a resposta<\/li>\n<\/ul>","protected":false},"featured_media":1897,"comment_status":"open","ping_status":"closed","template":"","meta":[],"product_brand":[],"product_cat":[22],"product_tag":[234,233],"class_list":{"0":"post-1893","1":"product","2":"type-product","3":"status-publish","4":"has-post-thumbnail","6":"product_cat-jnats","7":"product_tag-maruo","8":"product_tag-maruoyama","9":"product_shipping_class-iprastas","11":"first","12":"outofstock","13":"shipping-taxable","14":"purchasable","15":"product-type-simple"},"_links":{"self":[{"href":"https:\/\/jnats.eu\/pt\/wp-json\/wp\/v2\/product\/1893","targetHints":{"allow":["GET"]}}],"collection":[{"href":"https:\/\/jnats.eu\/pt\/wp-json\/wp\/v2\/product"}],"about":[{"href":"https:\/\/jnats.eu\/pt\/wp-json\/wp\/v2\/types\/product"}],"replies":[{"embeddable":true,"href":"https:\/\/jnats.eu\/pt\/wp-json\/wp\/v2\/comments?post=1893"}],"wp:featuredmedia":[{"embeddable":true,"href":"https:\/\/jnats.eu\/pt\/wp-json\/wp\/v2\/media\/1897"}],"wp:attachment":[{"href":"https:\/\/jnats.eu\/pt\/wp-json\/wp\/v2\/media?parent=1893"}],"wp:term":[{"taxonomy":"product_brand","embeddable":true,"href":"https:\/\/jnats.eu\/pt\/wp-json\/wp\/v2\/product_brand?post=1893"},{"taxonomy":"product_cat","embeddable":true,"href":"https:\/\/jnats.eu\/pt\/wp-json\/wp\/v2\/product_cat?post=1893"},{"taxonomy":"product_tag","embeddable":true,"href":"https:\/\/jnats.eu\/pt\/wp-json\/wp\/v2\/product_tag?post=1893"}],"curies":[{"name":"wp","href":"https:\/\/api.w.org\/{rel}","templated":true}]}}