{"id":1899,"date":"2024-04-22T10:03:17","date_gmt":"2024-04-22T07:03:17","guid":{"rendered":"http:\/\/jnats.eu\/?post_type=product&#038;p=1899"},"modified":"2026-02-13T11:06:39","modified_gmt":"2026-02-13T09:06:39","slug":"shohonyama-ohira-red-japoniskas-naturalus-akmuo-galandimui","status":"publish","type":"product","link":"https:\/\/jnats.eu\/pt\/produto-2\/shohonyama-ohira-red-japoniskas-naturalus-akmuo-galandimui\/","title":{"rendered":"Pedra natural japonesa Shohonyama Ohira vermelha para afiar"},"content":{"rendered":"<p>Este \u00e9 o Shohonyama Red Ohira Ipponsen de Quioto. Para facas de acabamento e ferramentas de carpintaria. O Ohira Vermelho \u00e9 um dos melhores e mais valiosos desta mina. Este Ohira Vermelho, com uma bela grada\u00e7\u00e3o cor-de-rosa, apresenta uma face impressionante. Suave, o poder abrasivo \u00e9 bastante bom. O processo de afia\u00e7\u00e3o \u00e9 muito suave, a suspens\u00e3o fina \u00e9 libertada muito rapidamente, f\u00e1cil de afiar. Superf\u00edcie lisa sem linhas \"t\u00f3xicas\" ou inclus\u00f5es. <\/p>\n\n\n\n<figure class=\"wp-block-embed is-type-video is-provider-youtube wp-block-embed-youtube wp-embed-aspect-16-9 wp-has-aspect-ratio\"><div class=\"wp-block-embed__wrapper\">\n<div class=\"video-container\"><iframe title=\"XINZUO Knife Review | Vendido como Kamazaki na Litu\u00e2nia | Heimcut na R\u00fassia\" width=\"1170\" height=\"658\" src=\"https:\/\/www.youtube.com\/embed\/htGmVVVoAwg?start=184&#038;feature=oembed\" frameborder=\"0\" allow=\"accelerometer; autoplay; clipboard-write; encrypted-media; gyroscope; picture-in-picture; web-share\" referrerpolicy=\"strict-origin-when-cross-origin\" allowfullscreen><\/iframe><\/div>\n<\/div><\/figure>\n\n\n\n<p>Tenha em aten\u00e7\u00e3o que as pedras de afiar naturais japonesas podem n\u00e3o ser adequadas para principiantes, uma vez que s\u00e3o mais dif\u00edceis de utilizar e mais lentas do que as pedras artificiais. Estas pedras s\u00e3o naturais, pelo que cada uma \u00e9 diferente, pelo que os tamanhos que medi n\u00e3o s\u00e3o exactos. Trata-se de um investimento vital\u00edcio para pessoas que afiam as suas pr\u00f3prias facas e ferramentas. <\/p>\n\n\n\n<p>Se tiver perguntas, n\u00e3o hesite em faz\u00ea-las.<\/p>","protected":false},"excerpt":{"rendered":"<ul>\n<li>Adequado para facas de acabamento, tesouras, ferramentas de carpintaria e outras ferramentas.<\/li>\n<li>Dimens\u00f5es: 206x75x36 mm<\/li>\n<li>Peso com suporte: 1880 g<\/li>\n<li>Dureza: Lv 4<\/li>\n<li>Superf\u00edcie lisa e pronta a utilizar<\/li>\n<li>Recomendamos que trabalhe com \u00e1gua morna, uma vez que a \u00e1gua fria prejudica a velocidade e a resposta.<\/li>\n<\/ul>","protected":false},"featured_media":1903,"comment_status":"open","ping_status":"closed","template":"","meta":[],"product_brand":[],"product_cat":[22],"product_tag":[47,235],"class_list":{"0":"post-1899","1":"product","2":"type-product","3":"status-publish","4":"has-post-thumbnail","6":"product_cat-jnats","7":"product_tag-ohira","8":"product_tag-shohonyama","9":"product_shipping_class-iprastas","11":"first","12":"instock","13":"shipping-taxable","14":"purchasable","15":"product-type-simple"},"_links":{"self":[{"href":"https:\/\/jnats.eu\/pt\/wp-json\/wp\/v2\/product\/1899","targetHints":{"allow":["GET"]}}],"collection":[{"href":"https:\/\/jnats.eu\/pt\/wp-json\/wp\/v2\/product"}],"about":[{"href":"https:\/\/jnats.eu\/pt\/wp-json\/wp\/v2\/types\/product"}],"replies":[{"embeddable":true,"href":"https:\/\/jnats.eu\/pt\/wp-json\/wp\/v2\/comments?post=1899"}],"wp:featuredmedia":[{"embeddable":true,"href":"https:\/\/jnats.eu\/pt\/wp-json\/wp\/v2\/media\/1903"}],"wp:attachment":[{"href":"https:\/\/jnats.eu\/pt\/wp-json\/wp\/v2\/media?parent=1899"}],"wp:term":[{"taxonomy":"product_brand","embeddable":true,"href":"https:\/\/jnats.eu\/pt\/wp-json\/wp\/v2\/product_brand?post=1899"},{"taxonomy":"product_cat","embeddable":true,"href":"https:\/\/jnats.eu\/pt\/wp-json\/wp\/v2\/product_cat?post=1899"},{"taxonomy":"product_tag","embeddable":true,"href":"https:\/\/jnats.eu\/pt\/wp-json\/wp\/v2\/product_tag?post=1899"}],"curies":[{"name":"wp","href":"https:\/\/api.w.org\/{rel}","templated":true}]}}