{"id":1905,"date":"2024-04-22T10:14:02","date_gmt":"2024-04-22T07:14:02","guid":{"rendered":"http:\/\/jnats.eu\/?post_type=product&#038;p=1905"},"modified":"2024-04-22T10:14:04","modified_gmt":"2024-04-22T07:14:04","slug":"okudo-asagi-japoniskas-naturalus-akmuo-galandimui","status":"publish","type":"product","link":"https:\/\/jnats.eu\/pt\/produto-2\/okudo-asagi-japoniskas-naturalus-akmuo-galandimui\/","title":{"rendered":"Pedra natural japonesa Okudo Asagi para afiar"},"content":{"rendered":"<p>Esta pedra \u00e9 surpreendentemente flex\u00edvel e adequada para o acabamento de qualquer ferramenta. Afia todos os tipos de a\u00e7o de forma extremamente r\u00e1pida e \u00e9 muito adequada para o acabamento de l\u00e2minas de barbear, facas de cozinha ou ferramentas. <\/p>\n\n\n\n<p>Uma bela cor cinzenta com t\u00e9nues linhas mais escuras em Asagi de Okudo. A pedra est\u00e1 colada num suporte de madeira. <\/p>\n\n\n\n<p><strong>Okudo (\u5965\u6bbf)<\/strong><br>Uma mina oriental, famosa pela sua suita e outras pedras de afiar. S\u00e3o geralmente muito duras, muito finas e muito r\u00e1pidas. As pedras Okudo genu\u00ednas s\u00e3o geralmente muito caras e raras, e \u00e9 quase imposs\u00edvel encontr\u00e1-las com selos aut\u00eanticos.<\/p>","protected":false},"excerpt":{"rendered":"<ul>\n<li>Adequado para o acabamento de l\u00e2minas de barbear, facas, tesouras, ferramentas de carpintaria e outras.<\/li>\n<li>Dimens\u00f5es: 206x78x35 mm<\/li>\n<li>Peso com suporte: 1550 g<\/li>\n<li>Dureza: Lv 5<\/li>\n<li>Superf\u00edcie lisa e pronta a utilizar<\/li>\n<li>Recomendamos que trabalhe com \u00e1gua morna, uma vez que a \u00e1gua fria prejudica a velocidade e a resposta.<\/li>\n<\/ul>","protected":false},"featured_media":1912,"comment_status":"open","ping_status":"closed","template":"","meta":[],"product_brand":[],"product_cat":[22],"product_tag":[45,142],"class_list":{"0":"post-1905","1":"product","2":"type-product","3":"status-publish","4":"has-post-thumbnail","6":"product_cat-jnats","7":"product_tag-asagi","8":"product_tag-okudo","9":"product_shipping_class-iprastas","11":"first","12":"instock","13":"shipping-taxable","14":"purchasable","15":"product-type-simple"},"_links":{"self":[{"href":"https:\/\/jnats.eu\/pt\/wp-json\/wp\/v2\/product\/1905","targetHints":{"allow":["GET"]}}],"collection":[{"href":"https:\/\/jnats.eu\/pt\/wp-json\/wp\/v2\/product"}],"about":[{"href":"https:\/\/jnats.eu\/pt\/wp-json\/wp\/v2\/types\/product"}],"replies":[{"embeddable":true,"href":"https:\/\/jnats.eu\/pt\/wp-json\/wp\/v2\/comments?post=1905"}],"wp:featuredmedia":[{"embeddable":true,"href":"https:\/\/jnats.eu\/pt\/wp-json\/wp\/v2\/media\/1912"}],"wp:attachment":[{"href":"https:\/\/jnats.eu\/pt\/wp-json\/wp\/v2\/media?parent=1905"}],"wp:term":[{"taxonomy":"product_brand","embeddable":true,"href":"https:\/\/jnats.eu\/pt\/wp-json\/wp\/v2\/product_brand?post=1905"},{"taxonomy":"product_cat","embeddable":true,"href":"https:\/\/jnats.eu\/pt\/wp-json\/wp\/v2\/product_cat?post=1905"},{"taxonomy":"product_tag","embeddable":true,"href":"https:\/\/jnats.eu\/pt\/wp-json\/wp\/v2\/product_tag?post=1905"}],"curies":[{"name":"wp","href":"https:\/\/api.w.org\/{rel}","templated":true}]}}