{"id":1913,"date":"2024-04-22T10:25:49","date_gmt":"2024-04-22T07:25:49","guid":{"rendered":"http:\/\/jnats.eu\/?post_type=product&#038;p=1913"},"modified":"2024-05-15T14:29:24","modified_gmt":"2024-05-15T11:29:24","slug":"okudo-honsu-hanashi-jisu-suita","status":"publish","type":"product","link":"https:\/\/jnats.eu\/pt\/produto-2\/okudo-honsu-hanashi-jisu-suita\/","title":{"rendered":"Suite Okudo Honsu Hanashi Jisu"},"content":{"rendered":"<p>Esta pedra \u00e9 dura e fina, mas tem uma excelente sensa\u00e7\u00e3o e velocidade de afia\u00e7\u00e3o. N\u00e3o liberta lama, pelo que recomendo um prego ou uma placa de diamante para acelerar o polimento das suas facas. Os res\u00edduos pretos acumular-se-\u00e3o rapidamente quando trabalhar a l\u00e2mina nesta pedra. <\/p>\n\n\n\n<p>Esta pedra tamb\u00e9m \u00e9 perfeita para ferramentas de carpintaria, como cinz\u00e9is e plainas.<\/p>\n\n\n\n<p><strong>Okudo (\u5965\u6bbf)<\/strong><br>Uma mina oriental, famosa pelas suas su\u00edtes. Estas pedras s\u00e3o frequentemente designadas como o \"Rei da Suite\" e s\u00e3o talvez as mais cobi\u00e7adas do g\u00e9nero. S\u00e3o geralmente muito duras, bastante finas e r\u00e1pidas. As pedras Okudo genu\u00ednas s\u00e3o geralmente muito caras e raramente dispon\u00edveis.<\/p>","protected":false},"excerpt":{"rendered":"<ul>\n<li>Adequado para facas de acabamento, tesouras, ferramentas de carpintaria e outras ferramentas.<\/li>\n<li>Dimens\u00f5es: 207x78x15 mm<\/li>\n<li>Peso: 660 g<\/li>\n<li>Dureza: Lv 4.5<\/li>\n<li>linhas seguras<\/li>\n<li>Superf\u00edcie lisa e pronta a utilizar<\/li>\n<li>Recomendamos que trabalhe com \u00e1gua morna, uma vez que a \u00e1gua fria prejudica a velocidade e a resposta.<\/li>\n<\/ul>","protected":false},"featured_media":1916,"comment_status":"open","ping_status":"closed","template":"","meta":[],"product_brand":[],"product_cat":[22],"product_tag":[142,50],"class_list":{"0":"post-1913","1":"product","2":"type-product","3":"status-publish","4":"has-post-thumbnail","6":"product_cat-jnats","7":"product_tag-okudo","8":"product_tag-suita","9":"product_shipping_class-iprastas","11":"first","12":"outofstock","13":"shipping-taxable","14":"purchasable","15":"product-type-simple"},"_links":{"self":[{"href":"https:\/\/jnats.eu\/pt\/wp-json\/wp\/v2\/product\/1913","targetHints":{"allow":["GET"]}}],"collection":[{"href":"https:\/\/jnats.eu\/pt\/wp-json\/wp\/v2\/product"}],"about":[{"href":"https:\/\/jnats.eu\/pt\/wp-json\/wp\/v2\/types\/product"}],"replies":[{"embeddable":true,"href":"https:\/\/jnats.eu\/pt\/wp-json\/wp\/v2\/comments?post=1913"}],"wp:featuredmedia":[{"embeddable":true,"href":"https:\/\/jnats.eu\/pt\/wp-json\/wp\/v2\/media\/1916"}],"wp:attachment":[{"href":"https:\/\/jnats.eu\/pt\/wp-json\/wp\/v2\/media?parent=1913"}],"wp:term":[{"taxonomy":"product_brand","embeddable":true,"href":"https:\/\/jnats.eu\/pt\/wp-json\/wp\/v2\/product_brand?post=1913"},{"taxonomy":"product_cat","embeddable":true,"href":"https:\/\/jnats.eu\/pt\/wp-json\/wp\/v2\/product_cat?post=1913"},{"taxonomy":"product_tag","embeddable":true,"href":"https:\/\/jnats.eu\/pt\/wp-json\/wp\/v2\/product_tag?post=1913"}],"curies":[{"name":"wp","href":"https:\/\/api.w.org\/{rel}","templated":true}]}}