{"id":192,"date":"2024-02-25T13:37:39","date_gmt":"2024-02-25T11:37:39","guid":{"rendered":"http:\/\/jnats.eu\/?post_type=product&#038;p=192"},"modified":"2024-07-20T04:48:16","modified_gmt":"2024-07-20T01:48:16","slug":"shobudani-karasu-suita-hibridas","status":"publish","type":"product","link":"https:\/\/jnats.eu\/pt\/produto-2\/shobudani-karasu-suita-hibridas\/","title":{"rendered":"Pedra natural japonesa h\u00edbrida Shobudani Karasu Suita para afiar"},"content":{"rendered":"<p>Uma obra \u00fanica da natureza: o Shobudani Karasu Suite Hybrid \u00e9 fascinante pela sua estrutura homog\u00e9nea com \"corvos\" e \"flores de l\u00f3tus\". O lado karasu \u00e9 perfeito para o acabamento de l\u00e2minas de barbear. \u00c9, naturalmente, f\u00e1cil de manusear com facas e outras ferramentas. O lado suita \u00e9 ligeiramente mais \u00e1spero. Uma pedra semelhante com uma forma regular custaria v\u00e1rios milhares de euros.<\/p>\n\n\n\n<p><\/p>\n\n\n\n<ul class=\"wp-block-list\">\n<li><strong>Dureza: Lv 4.8<\/strong><\/li>\n\n\n\n<li><strong>Dimens\u00f5es (aprox.): 180x100x40 mm<\/strong><\/li>\n\n\n\n<li><strong>Peso (com suporte): 1540 g.<\/strong><\/li>\n\n\n\n<li><strong>Fixe<strong>, trabalho r\u00e1pido<\/strong> uma pedra com uma estrutura homog\u00e9nea. As linhas s\u00e3o completamente seguras e n\u00e3o se sentem nada durante a afia\u00e7\u00e3o. Ideal para o acabamento de l\u00e2minas de barbear, facas, ferramentas de carpintaria e outras.&nbsp;<\/strong><\/li>\n<\/ul>\n\n\n\n<p>As pedras naturais japonesas n\u00e3o se sujam nem mancham durante a utiliza\u00e7\u00e3o e a l\u00e2mina dura mais tempo, mas a afia\u00e7\u00e3o m\u00e1xima \u00e9 ligeiramente inferior \u00e0 das pedras sint\u00e9ticas.<\/p>\n\n\n\n<figure class=\"wp-block-embed is-type-video is-provider-youtube wp-block-embed-youtube wp-embed-aspect-16-9 wp-has-aspect-ratio\"><div class=\"wp-block-embed__wrapper\">\n<div class=\"video-container\"><iframe title=\"Afiar a faca com pedras de amolar naturais japonesas: Shobudani Suita-Karasu, Ohira, Nakayama Maruka\" width=\"1170\" height=\"658\" src=\"https:\/\/www.youtube.com\/embed\/SqtxWfIvc8M?feature=oembed\" frameborder=\"0\" allow=\"accelerometer; autoplay; clipboard-write; encrypted-media; gyroscope; picture-in-picture; web-share\" referrerpolicy=\"strict-origin-when-cross-origin\" allowfullscreen><\/iframe><\/div>\n<\/div><\/figure>","protected":false},"excerpt":{"rendered":"<p><!-- wp:list --><\/p>\n<ul><!-- wp:list-item --><\/p>\n<li><strong>Dureza: Lv 4.8<\/strong><\/li>\n<p><!-- \/wp:list-item --><\/p>\n<p><!-- wp:list-item --><\/p>\n<li><strong>Dimens\u00f5es (aprox.): 180x100x40 mm<\/strong><\/li>\n<p><!-- \/wp:list-item --><\/p>\n<p><!-- wp:list-item --><\/p>\n<li><strong>Peso (com suporte): 1540 g.<\/strong><\/li>\n<p><!-- \/wp:list-item --><\/p>\n<p><!-- wp:list-item --><\/p>\n<li><strong>Uma pedra dura, de trabalho r\u00e1pido e com uma estrutura homog\u00e9nea. As linhas s\u00e3o completamente seguras e n\u00e3o se sentem nada durante a afia\u00e7\u00e3o. Ideal para o acabamento de l\u00e2minas de barbear, facas, ferramentas de carpintaria e outras.\u00a0<\/strong><\/li>\n<p><!-- \/wp:list-item --><\/ul>\n<p><!-- \/wp:list --><\/p>","protected":false},"featured_media":1179,"comment_status":"open","ping_status":"closed","template":"","meta":[],"product_brand":[],"product_cat":[22],"product_tag":[57,44,56,50],"class_list":{"0":"post-192","1":"product","2":"type-product","3":"status-publish","4":"has-post-thumbnail","6":"product_cat-jnats","7":"product_tag-karasu","8":"product_tag-shobudani","9":"product_tag-shobudani-karasu-suita","10":"product_tag-suita","11":"product_shipping_class-iprastas","13":"first","14":"outofstock","15":"sale","16":"shipping-taxable","17":"purchasable","18":"product-type-simple"},"_links":{"self":[{"href":"https:\/\/jnats.eu\/pt\/wp-json\/wp\/v2\/product\/192","targetHints":{"allow":["GET"]}}],"collection":[{"href":"https:\/\/jnats.eu\/pt\/wp-json\/wp\/v2\/product"}],"about":[{"href":"https:\/\/jnats.eu\/pt\/wp-json\/wp\/v2\/types\/product"}],"replies":[{"embeddable":true,"href":"https:\/\/jnats.eu\/pt\/wp-json\/wp\/v2\/comments?post=192"}],"wp:featuredmedia":[{"embeddable":true,"href":"https:\/\/jnats.eu\/pt\/wp-json\/wp\/v2\/media\/1179"}],"wp:attachment":[{"href":"https:\/\/jnats.eu\/pt\/wp-json\/wp\/v2\/media?parent=192"}],"wp:term":[{"taxonomy":"product_brand","embeddable":true,"href":"https:\/\/jnats.eu\/pt\/wp-json\/wp\/v2\/product_brand?post=192"},{"taxonomy":"product_cat","embeddable":true,"href":"https:\/\/jnats.eu\/pt\/wp-json\/wp\/v2\/product_cat?post=192"},{"taxonomy":"product_tag","embeddable":true,"href":"https:\/\/jnats.eu\/pt\/wp-json\/wp\/v2\/product_tag?post=192"}],"curies":[{"name":"wp","href":"https:\/\/api.w.org\/{rel}","templated":true}]}}