{"id":1945,"date":"2024-04-23T10:06:17","date_gmt":"2024-04-23T07:06:17","guid":{"rendered":"http:\/\/jnats.eu\/?post_type=product&#038;p=1945"},"modified":"2024-06-29T15:55:34","modified_gmt":"2024-06-29T12:55:34","slug":"okudo-tenjyou-suita","status":"publish","type":"product","link":"https:\/\/jnats.eu\/pt\/produto-2\/okudo-tenjyou-suita\/","title":{"rendered":"Suite Okudo Tenjyou"},"content":{"rendered":"<p>Esta pedra \u00e9 dura e fina, mas tem uma excelente sensa\u00e7\u00e3o e velocidade de afia\u00e7\u00e3o. N\u00e3o forma lama, pelo que recomendamos a utiliza\u00e7\u00e3o de uma nagura para acelerar o polimento da faca. Pelo contr\u00e1rio, os res\u00edduos de metal negro acumular-se-\u00e3o rapidamente quando se trabalha a l\u00e2mina na pedra. Com a devida paci\u00eancia e t\u00e9cnica, as pedras deixar\u00e3o um kasumi brilhante e refinado tanto no laminado macio como no a\u00e7o duro. <\/p>\n\n\n\n<p>A l\u00e2mina \u00e9 bastante pouco agressiva, mas \u00e9 perfeita para facas de cozinha. Esta pedra \u00e9 tamb\u00e9m ideal para ferramentas de carpintaria, como cinz\u00e9is e plainas, e \u00e9 uma \u00f3ptima pedra de prepara\u00e7\u00e3o para l\u00e2minas de barbear antes do acabamento. Para l\u00e2minas de barbear, ferramentas e polimento, n\u00e3o recomendamos a utiliza\u00e7\u00e3o de uma placa de diamante, pois descobri que a lama \u00e9 irregular e n\u00e3o t\u00e3o fina como gostaria. <\/p>\n\n\n\n<p>Uma pedra pequena faz o trabalho na perfei\u00e7\u00e3o e \u00e9 muito mais barata do que uma pedra de tamanho normal de qualidade semelhante. A pedra est\u00e1 atualmente dispon\u00edvel em amarelo e branco. Os lados mais profundos t\u00eam pouca visibilidade <em>SU<\/em> (buracos) e sem linhas t\u00f3xicas. Existe tamb\u00e9m um padr\u00e3o raro de renge e namazu.<\/p>\n\n\n\n<p><strong>Okudo (\u5965\u6bbf)<\/strong><br>Uma mina oriental, famosa pelas suas suites. Estas pedras s\u00e3o frequentemente designadas como o \"Rei da Suita\" e s\u00e3o talvez as mais cobi\u00e7adas entre as suas \"cong\u00e9neres\". S\u00e3o geralmente muito duras, bastante finas e r\u00e1pidas. As pedras Okudo genu\u00ednas s\u00e3o geralmente muito caras e raramente est\u00e3o dispon\u00edveis.<\/p>\n\n\n\n<figure class=\"wp-block-embed is-type-video is-provider-youtube wp-block-embed-youtube wp-embed-aspect-16-9 wp-has-aspect-ratio\"><div class=\"wp-block-embed__wrapper\">\n<div class=\"video-container\"><iframe title=\"Suite Okudo Tenjyou, Suite Okudo Black Lotus Shiro, Suite Ohira Renge, Suite Atago Shiro\" width=\"1170\" height=\"658\" src=\"https:\/\/www.youtube.com\/embed\/rH67SY_9N9o?start=526&#038;feature=oembed\" frameborder=\"0\" allow=\"accelerometer; autoplay; clipboard-write; encrypted-media; gyroscope; picture-in-picture; web-share\" referrerpolicy=\"strict-origin-when-cross-origin\" allowfullscreen><\/iframe><\/div>\n<\/div><\/figure>","protected":false},"excerpt":{"rendered":"<ul>\n<li>Adequado para facas de acabamento, tesouras, ferramentas de carpintaria e outras ferramentas.<\/li>\n<li>Dimens\u00f5es: 155x63x16 mm<\/li>\n<li>Peso: 740 g<\/li>\n<li>Dureza: Lv 4.8<\/li>\n<li>Linhas seguras<\/li>\n<li>Superf\u00edcie lisa e pronta a utilizar<\/li>\n<li>Recomendamos que trabalhe com \u00e1gua morna, uma vez que a \u00e1gua fria prejudica a velocidade e a resposta.<\/li>\n<\/ul>","protected":false},"featured_media":1950,"comment_status":"open","ping_status":"closed","template":"","meta":[],"product_brand":[],"product_cat":[22],"product_tag":[142,50,239],"class_list":{"0":"post-1945","1":"product","2":"type-product","3":"status-publish","4":"has-post-thumbnail","6":"product_cat-jnats","7":"product_tag-okudo","8":"product_tag-suita","9":"product_tag-tenjyou","10":"product_shipping_class-iprastas","12":"first","13":"outofstock","14":"sale","15":"shipping-taxable","16":"purchasable","17":"product-type-simple"},"_links":{"self":[{"href":"https:\/\/jnats.eu\/pt\/wp-json\/wp\/v2\/product\/1945","targetHints":{"allow":["GET"]}}],"collection":[{"href":"https:\/\/jnats.eu\/pt\/wp-json\/wp\/v2\/product"}],"about":[{"href":"https:\/\/jnats.eu\/pt\/wp-json\/wp\/v2\/types\/product"}],"replies":[{"embeddable":true,"href":"https:\/\/jnats.eu\/pt\/wp-json\/wp\/v2\/comments?post=1945"}],"wp:featuredmedia":[{"embeddable":true,"href":"https:\/\/jnats.eu\/pt\/wp-json\/wp\/v2\/media\/1950"}],"wp:attachment":[{"href":"https:\/\/jnats.eu\/pt\/wp-json\/wp\/v2\/media?parent=1945"}],"wp:term":[{"taxonomy":"product_brand","embeddable":true,"href":"https:\/\/jnats.eu\/pt\/wp-json\/wp\/v2\/product_brand?post=1945"},{"taxonomy":"product_cat","embeddable":true,"href":"https:\/\/jnats.eu\/pt\/wp-json\/wp\/v2\/product_cat?post=1945"},{"taxonomy":"product_tag","embeddable":true,"href":"https:\/\/jnats.eu\/pt\/wp-json\/wp\/v2\/product_tag?post=1945"}],"curies":[{"name":"wp","href":"https:\/\/api.w.org\/{rel}","templated":true}]}}