{"id":1952,"date":"2024-04-23T10:23:13","date_gmt":"2024-04-23T07:23:13","guid":{"rendered":"http:\/\/jnats.eu\/?post_type=product&#038;p=1952"},"modified":"2024-12-24T12:06:35","modified_gmt":"2024-12-24T10:06:35","slug":"okudo-black-lotus-shiro-suita","status":"publish","type":"product","link":"https:\/\/jnats.eu\/pt\/produto-2\/okudo-black-lotus-shiro-suita\/","title":{"rendered":"Suite Okudo Black Lotus Shiro"},"content":{"rendered":"<p>Esta pedra \u00e9 dura e bastante pequena, mas tem uma excelente resposta e velocidade de afia\u00e7\u00e3o. Quase n\u00e3o liberta a sua suspens\u00e3o, mas mesmo sem ela, a velocidade de trabalho \u00e9 elevada. O polimento pode ser acelerado utilizando uma nagura ou um prato de diamante. Isto n\u00e3o ser\u00e1 realmente necess\u00e1rio ao afiar, uma vez que a \u00e1rea de contacto do a\u00e7o ser\u00e1 muito menor. Com a paci\u00eancia e a t\u00e9cnica correctas, as pedras deixam um kasumi brilhante e refinado tanto no laminado macio como no n\u00facleo duro do a\u00e7o.<\/p>\n\n\n\n<p>A l\u00e2mina \u00e9 bastante agressiva e \u00e9 ideal para facas de cozinha. Esta pedra \u00e9 tamb\u00e9m ideal para ferramentas de carpintaria, como cinz\u00e9is e plainas. Para l\u00e2minas de barbear, ferramentas e polimento, n\u00e3o recomendamos a utiliza\u00e7\u00e3o de uma placa de diamante, pois notei que a lama \u00e9 heterog\u00e9nea e n\u00e3o t\u00e3o fina como eu gostaria.<\/p>\n\n\n\n<p>As dimens\u00f5es da pedra permitir-lhe-\u00e3o efetuar todo o trabalho confortavelmente. A pedra \u00e9 branca com pontos pretos de \"Flor de L\u00f3tus\" espalhados por toda a superf\u00edcie e espessura. Os lados mais profundos t\u00eam alguns pequenos pontos pouco vis\u00edveis\u00a0<em>SU<\/em>\u00a0(orif\u00edcios), que tornam o trabalho das pedras de afiar Suita ainda mais r\u00e1pido. Absolutamente sem linhas t\u00f3xicas, mas <strong>A acumula\u00e7\u00e3o de pontos negros pode ser um inc\u00f3modo em alguns casos. Por exemplo, se a l\u00e2mina for atingida por uma l\u00e2mina curva, pode ficar danificada!<\/strong><\/p>\n\n\n\n<p>Ambos os lados est\u00e3o prontos para a a\u00e7\u00e3o. Um mais grosso para a fase inicial de afia\u00e7\u00e3o, o outro mais fino para a fase de acabamento.<\/p>\n\n\n\n<p><strong>Okudo (\u5965\u6bbf)<\/strong><br>Uma mina oriental, famosa pelas suas suites. Estas pedras s\u00e3o frequentemente designadas como o \"Rei da Suita\" e s\u00e3o talvez as mais cobi\u00e7adas entre as suas \"cong\u00e9neres\". S\u00e3o geralmente muito duras, bastante finas e r\u00e1pidas. As pedras Okudo genu\u00ednas s\u00e3o geralmente muito caras e raramente encontradas.<\/p>\n\n\n\n<figure class=\"wp-block-embed is-type-video is-provider-youtube wp-block-embed-youtube wp-embed-aspect-16-9 wp-has-aspect-ratio\"><div class=\"wp-block-embed__wrapper\">\n<div class=\"video-container\"><iframe title=\"Suite Okudo Tenjyou, Suite Okudo Black Lotus Shiro, Suite Ohira Renge, Suite Atago Shiro\" width=\"1170\" height=\"658\" src=\"https:\/\/www.youtube.com\/embed\/rH67SY_9N9o?start=218&#038;feature=oembed\" frameborder=\"0\" allow=\"accelerometer; autoplay; clipboard-write; encrypted-media; gyroscope; picture-in-picture; web-share\" referrerpolicy=\"strict-origin-when-cross-origin\" allowfullscreen><\/iframe><\/div>\n<\/div><\/figure>","protected":false},"excerpt":{"rendered":"<ul>\n<li>Adequado para o acabamento de facas, tesouras, ferramentas de carpintaria e outras. Para l\u00e2minas de barbear - um pr\u00e9-acabamento.<\/li>\n<li>Dimens\u00f5es: 200x132x20 mm<\/li>\n<li>Peso: 1300 g<\/li>\n<li>Dureza: Lv 5<\/li>\n<li>Ambas as partes prontas para a a\u00e7\u00e3o<\/li>\n<li><strong>A acumula\u00e7\u00e3o de pontos negros pode ser um inc\u00f3modo em alguns casos. Por exemplo, se bater com a l\u00e2mina curvada, esta pode ficar danificada! Existem 2 num lado e mais no outro.<\/strong><\/li>\n<\/ul>","protected":false},"featured_media":1954,"comment_status":"open","ping_status":"closed","template":"","meta":[],"product_brand":[],"product_cat":[22],"product_tag":[240,142,87,50],"class_list":{"0":"post-1952","1":"product","2":"type-product","3":"status-publish","4":"has-post-thumbnail","6":"product_cat-jnats","7":"product_tag-black-lotus","8":"product_tag-okudo","9":"product_tag-shiro","10":"product_tag-suita","11":"product_shipping_class-iprastas","13":"first","14":"outofstock","15":"sale","16":"shipping-taxable","17":"purchasable","18":"product-type-simple"},"_links":{"self":[{"href":"https:\/\/jnats.eu\/pt\/wp-json\/wp\/v2\/product\/1952","targetHints":{"allow":["GET"]}}],"collection":[{"href":"https:\/\/jnats.eu\/pt\/wp-json\/wp\/v2\/product"}],"about":[{"href":"https:\/\/jnats.eu\/pt\/wp-json\/wp\/v2\/types\/product"}],"replies":[{"embeddable":true,"href":"https:\/\/jnats.eu\/pt\/wp-json\/wp\/v2\/comments?post=1952"}],"wp:featuredmedia":[{"embeddable":true,"href":"https:\/\/jnats.eu\/pt\/wp-json\/wp\/v2\/media\/1954"}],"wp:attachment":[{"href":"https:\/\/jnats.eu\/pt\/wp-json\/wp\/v2\/media?parent=1952"}],"wp:term":[{"taxonomy":"product_brand","embeddable":true,"href":"https:\/\/jnats.eu\/pt\/wp-json\/wp\/v2\/product_brand?post=1952"},{"taxonomy":"product_cat","embeddable":true,"href":"https:\/\/jnats.eu\/pt\/wp-json\/wp\/v2\/product_cat?post=1952"},{"taxonomy":"product_tag","embeddable":true,"href":"https:\/\/jnats.eu\/pt\/wp-json\/wp\/v2\/product_tag?post=1952"}],"curies":[{"name":"wp","href":"https:\/\/api.w.org\/{rel}","templated":true}]}}