{"id":1969,"date":"2024-04-23T10:39:40","date_gmt":"2024-04-23T07:39:40","guid":{"rendered":"http:\/\/jnats.eu\/?post_type=product&#038;p=1969"},"modified":"2024-11-28T00:01:11","modified_gmt":"2024-11-27T22:01:11","slug":"ohira-renge-suita-kopa","status":"publish","type":"product","link":"https:\/\/jnats.eu\/pt\/produto-2\/ohira-renge-suita-kopa\/","title":{"rendered":"Ohira Renge Suite Koppa"},"content":{"rendered":"<p>O polivalente perfeito para uma vasta gama de tarefas, o Ohira Renge Suite. A resposta \u00e9 muito suave, as linhas n\u00e3o s\u00e3o atualmente um problema, mas as manchas castanhas vis\u00edveis devem ser evitadas, pois podem danificar a l\u00e2mina, da\u00ed o pre\u00e7o muito reduzido. O acabamento do Kasumi \u00e9 brilhante e refinado, real\u00e7ando os detalhes do material da l\u00e2mina e deixando uma superf\u00edcie que \u00e9 \"livre de arranh\u00f5es\" em todos os aspectos, exceto na luz mais dura. \u00c9 uma excelente pedra para uma vasta gama de tarefas - afia\u00e7\u00e3o final de facas de cozinha, polimento de kasumi, ferramentas, tesouras. Estas s\u00e3o as qualidades que ajudaram a Ohira Suita a alcan\u00e7ar uma reputa\u00e7\u00e3o t\u00e3o excecional.<\/p>\n\n\n\n<p>Este shiro suita branco est\u00e1 decorado com \"flores de l\u00f3tus\" vermelhas, tamb\u00e9m conhecidas como padr\u00e3o renge. Tem uma boa forma e tamanho e as linhas s\u00e3o f\u00e1ceis de afiar. A parte de baixo da pedra \u00e9 preenchida com pol\u00edmero.<\/p>\n\n\n\n<p><strong>Ohira (\u5927\u5e73, Oohira, Ohirayama)<\/strong><br>Uma mina ocidental conhecida pela qualidade do Uchigumori e do Suita. Embora a mina ainda seja explorada ocasionalmente, \u00e9 cada vez mais dif\u00edcil encontrar Uchigumori e Ohira suita export\u00e1veis. Muitos mineiros est\u00e3o preocupados com o fornecimento a longo prazo de pedras uchigumori de qualidade. Devido \u00e0 qualidade superior do Ohira suita e do uchigumori, n\u00e3o \u00e9 raro que pedras de outras minas sejam carimbadas ou vendidas como Ohira.<\/p>\n\n\n\n<figure class=\"wp-block-embed is-type-video is-provider-youtube wp-block-embed-youtube wp-embed-aspect-16-9 wp-has-aspect-ratio\"><div class=\"wp-block-embed__wrapper\">\n<div class=\"video-container\"><iframe title=\"Kasumi termina nos Jnats: Ohira, Nisshoyama Naikumo Suita, Shobudani Karasu\" width=\"1170\" height=\"658\" src=\"https:\/\/www.youtube.com\/embed\/EufKzrz4gFs?start=147&#038;feature=oembed\" frameborder=\"0\" allow=\"accelerometer; autoplay; clipboard-write; encrypted-media; gyroscope; picture-in-picture; web-share\" referrerpolicy=\"strict-origin-when-cross-origin\" allowfullscreen><\/iframe><\/div>\n<\/div><\/figure>","protected":false},"excerpt":{"rendered":"<ul>\n<li>Adequado para facas de acabamento, tesouras, ferramentas de carpintaria e outras. Tamb\u00e9m para o acabamento.<\/li>\n<li>Dimens\u00f5es: 180x120x28 mm<\/li>\n<li>Peso: 1390 g<\/li>\n<li>Dureza: Lv 4<\/li>\n<li>As linhas est\u00e3o seguras, <span style=\"color: #993300;\"><strong>\"manchas \"t\u00f3xicas<\/strong><\/span><\/li>\n<li>Recomendamos que trabalhe com \u00e1gua morna, uma vez que a \u00e1gua fria prejudica a velocidade e a resposta.<\/li>\n<\/ul>","protected":false},"featured_media":1971,"comment_status":"open","ping_status":"closed","template":"","meta":[],"product_brand":[],"product_cat":[22],"product_tag":[241,47,86,50],"class_list":{"0":"post-1969","1":"product","2":"type-product","3":"status-publish","4":"has-post-thumbnail","6":"product_cat-jnats","7":"product_tag-kopa","8":"product_tag-ohira","9":"product_tag-renge","10":"product_tag-suita","11":"product_shipping_class-iprastas","13":"first","14":"outofstock","15":"sale","16":"shipping-taxable","17":"purchasable","18":"product-type-simple"},"_links":{"self":[{"href":"https:\/\/jnats.eu\/pt\/wp-json\/wp\/v2\/product\/1969","targetHints":{"allow":["GET"]}}],"collection":[{"href":"https:\/\/jnats.eu\/pt\/wp-json\/wp\/v2\/product"}],"about":[{"href":"https:\/\/jnats.eu\/pt\/wp-json\/wp\/v2\/types\/product"}],"replies":[{"embeddable":true,"href":"https:\/\/jnats.eu\/pt\/wp-json\/wp\/v2\/comments?post=1969"}],"wp:featuredmedia":[{"embeddable":true,"href":"https:\/\/jnats.eu\/pt\/wp-json\/wp\/v2\/media\/1971"}],"wp:attachment":[{"href":"https:\/\/jnats.eu\/pt\/wp-json\/wp\/v2\/media?parent=1969"}],"wp:term":[{"taxonomy":"product_brand","embeddable":true,"href":"https:\/\/jnats.eu\/pt\/wp-json\/wp\/v2\/product_brand?post=1969"},{"taxonomy":"product_cat","embeddable":true,"href":"https:\/\/jnats.eu\/pt\/wp-json\/wp\/v2\/product_cat?post=1969"},{"taxonomy":"product_tag","embeddable":true,"href":"https:\/\/jnats.eu\/pt\/wp-json\/wp\/v2\/product_tag?post=1969"}],"curies":[{"name":"wp","href":"https:\/\/api.w.org\/{rel}","templated":true}]}}