{"id":1976,"date":"2024-04-23T10:52:41","date_gmt":"2024-04-23T07:52:41","guid":{"rendered":"http:\/\/jnats.eu\/?post_type=product&#038;p=1976"},"modified":"2024-04-26T10:14:33","modified_gmt":"2024-04-26T07:14:33","slug":"atago-shiro-suita","status":"publish","type":"product","link":"https:\/\/jnats.eu\/pt\/produto-2\/atago-shiro-suita\/","title":{"rendered":"Suite Atago Shiro"},"content":{"rendered":"<p>Uma Suita muito rara, que vi apenas algumas vezes no com\u00e9rcio. Esta pedra \u00e9 de dureza m\u00e9dia e fina, com uma sensa\u00e7\u00e3o e velocidade de afia\u00e7\u00e3o m\u00e9dia. N\u00e3o forma lama, pelo que recomendamos a utiliza\u00e7\u00e3o de uma nagura para acelerar o polimento das suas facas. Pelo contr\u00e1rio, os res\u00edduos de metal negro acumulam-se rapidamente quando se trabalha a l\u00e2mina na pedra. Com a devida paci\u00eancia e t\u00e9cnica, as pedras deixar\u00e3o um kasumi brilhante e refinado, tanto no laminado macio como no a\u00e7o de n\u00facleo duro.<\/p>\n\n\n\n<p>A l\u00e2mina \u00e9 bastante pouco agressiva, mas \u00e9 perfeita para facas de cozinha. Esta pedra \u00e9 tamb\u00e9m ideal para ferramentas de carpintaria, como cinz\u00e9is e plainas, e \u00e9 uma \u00f3ptima pedra preparat\u00f3ria para l\u00e2minas de barbear antes do acabamento. <\/p>\n\n\n\n<p>A pedra Atago Shiro Suita Galandine \u00e9 perfeita para o efeito. A pedra \u00e9 de cor cinzenta com manchas avermelhadas e linhas amareladas no namazu, que \u00e0 primeira vista podem parecer riscos.  N\u00e3o h\u00e1 linhas t\u00f3xicas.<\/p>\n\n\n\n<p><strong>Atagoyama (\u611b\u5b95\u5c71)<\/strong><br>Esta mina produziu pedras de Chu-ishi naori, que s\u00e3o normalmente grandes e limpas. O Monte Atago \u00e9 frequentemente considerado como o centro da \u00e1rea de extra\u00e7\u00e3o de pedras de afiar de Quioto.<\/p>\n\n\n\n<figure class=\"wp-block-embed is-type-video is-provider-youtube wp-block-embed-youtube wp-embed-aspect-16-9 wp-has-aspect-ratio\"><div class=\"wp-block-embed__wrapper\">\n<div class=\"video-container\"><iframe title=\"Suite Okudo Tenjyou, Suite Okudo Black Lotus Shiro, Suite Ohira Renge, Suite Atago Shiro\" width=\"1170\" height=\"658\" src=\"https:\/\/www.youtube.com\/embed\/rH67SY_9N9o?start=549&#038;feature=oembed\" frameborder=\"0\" allow=\"accelerometer; autoplay; clipboard-write; encrypted-media; gyroscope; picture-in-picture; web-share\" referrerpolicy=\"strict-origin-when-cross-origin\" allowfullscreen><\/iframe><\/div>\n<\/div><\/figure>","protected":false},"excerpt":{"rendered":"<ul>\n<li>Adequado para o acabamento de facas, tesouras, ferramentas de carpintaria e outras. Para l\u00e2minas de barbear - um pr\u00e9-acabamento.<\/li>\n<li>Dimens\u00f5es: 204x75x33 mm<\/li>\n<li>Peso com suporte: 1780 g<\/li>\n<li>Dureza: Lv 4<\/li>\n<li>Linhas seguras<\/li>\n<li>Superf\u00edcie lisa e pronta a utilizar<\/li>\n<li>Recomendamos que trabalhe com \u00e1gua morna, uma vez que a \u00e1gua fria prejudica a velocidade e a resposta.<\/li>\n<\/ul>","protected":false},"featured_media":1980,"comment_status":"open","ping_status":"closed","template":"","meta":[],"product_brand":[],"product_cat":[22],"product_tag":[242,87,50],"class_list":{"0":"post-1976","1":"product","2":"type-product","3":"status-publish","4":"has-post-thumbnail","6":"product_cat-jnats","7":"product_tag-atago","8":"product_tag-shiro","9":"product_tag-suita","10":"product_shipping_class-iprastas","12":"first","13":"instock","14":"sale","15":"shipping-taxable","16":"purchasable","17":"product-type-simple"},"_links":{"self":[{"href":"https:\/\/jnats.eu\/pt\/wp-json\/wp\/v2\/product\/1976","targetHints":{"allow":["GET"]}}],"collection":[{"href":"https:\/\/jnats.eu\/pt\/wp-json\/wp\/v2\/product"}],"about":[{"href":"https:\/\/jnats.eu\/pt\/wp-json\/wp\/v2\/types\/product"}],"replies":[{"embeddable":true,"href":"https:\/\/jnats.eu\/pt\/wp-json\/wp\/v2\/comments?post=1976"}],"wp:featuredmedia":[{"embeddable":true,"href":"https:\/\/jnats.eu\/pt\/wp-json\/wp\/v2\/media\/1980"}],"wp:attachment":[{"href":"https:\/\/jnats.eu\/pt\/wp-json\/wp\/v2\/media?parent=1976"}],"wp:term":[{"taxonomy":"product_brand","embeddable":true,"href":"https:\/\/jnats.eu\/pt\/wp-json\/wp\/v2\/product_brand?post=1976"},{"taxonomy":"product_cat","embeddable":true,"href":"https:\/\/jnats.eu\/pt\/wp-json\/wp\/v2\/product_cat?post=1976"},{"taxonomy":"product_tag","embeddable":true,"href":"https:\/\/jnats.eu\/pt\/wp-json\/wp\/v2\/product_tag?post=1976"}],"curies":[{"name":"wp","href":"https:\/\/api.w.org\/{rel}","templated":true}]}}