{"id":1982,"date":"2024-04-23T11:05:48","date_gmt":"2024-04-23T08:05:48","guid":{"rendered":"http:\/\/jnats.eu\/?post_type=product&#038;p=1982"},"modified":"2024-12-15T22:12:52","modified_gmt":"2024-12-15T20:12:52","slug":"rishonzan-shiro-red-lotus-suita","status":"publish","type":"product","link":"https:\/\/jnats.eu\/pt\/produto-2\/rishonzan-shiro-red-lotus-suita\/","title":{"rendered":"Nisshoyama Rishonzan Shiro Suite L\u00f3tus Vermelho"},"content":{"rendered":"<p>Conjunto muito raro Nisshoyama Rishonzan Shiro Red Lotus. Esta pedra \u00e9 de dureza m\u00e9dia e fina, com uma sensa\u00e7\u00e3o e velocidade de afia\u00e7\u00e3o m\u00e9dia. Dificilmente liberta a sua suspens\u00e3o, pelo que recomendamos a utiliza\u00e7\u00e3o de um nagura para acelerar o polimento da faca. Por outro lado, os res\u00edduos de metal negro acumular-se-\u00e3o rapidamente quando afiar a l\u00e2mina na pedra. Com a devida paci\u00eancia e t\u00e9cnica, as pedras deixar\u00e3o um kasumi brilhante e refinado tanto no laminado macio como no a\u00e7o de n\u00facleo duro.<\/p>\n\n\n\n<p>A l\u00e2mina \u00e9 bastante agressiva e \u00e9 ideal para facas de cozinha. Esta pedra \u00e9 tamb\u00e9m ideal para ferramentas de carpintaria, como cinz\u00e9is e plainas. N\u00e3o \u00e9 adequada para l\u00e2minas de barbear devido aos buracos bastante grandes na superf\u00edcie, conhecidos no Jap\u00e3o como <em>com<\/em>. Este \u00faltimo tamb\u00e9m faz com que seja melhor n\u00e3o usar muita for\u00e7a ao afiar.<\/p>\n\n\n\n<p>A parte inferior n\u00e3o \u00e9 lisa, pelo que seria melhor colar a pedra \u00e0 madeira ou nivel\u00e1-la.<\/p>\n\n\n\n<figure class=\"wp-block-embed is-type-video is-provider-youtube wp-block-embed-youtube wp-embed-aspect-16-9 wp-has-aspect-ratio\"><div class=\"wp-block-embed__wrapper\">\n<div class=\"video-container\"><iframe title=\"Kasumi termina nos Jnats: Ohira, Nisshoyama Naikumo Suita, Shobudani Karasu\" width=\"1170\" height=\"658\" src=\"https:\/\/www.youtube.com\/embed\/EufKzrz4gFs?start=437&#038;feature=oembed\" frameborder=\"0\" allow=\"accelerometer; autoplay; clipboard-write; encrypted-media; gyroscope; picture-in-picture; web-share\" referrerpolicy=\"strict-origin-when-cross-origin\" allowfullscreen><\/iframe><\/div>\n<\/div><\/figure>","protected":false},"excerpt":{"rendered":"<ul>\n<li>Adequado para facas de acabamento, tesouras, ferramentas de carpintaria e outras ferramentas.<\/li>\n<li>Dimens\u00f5es: 150x90x30 mm<\/li>\n<li>Peso: 960 g<\/li>\n<li>Dureza: Lv 4<\/li>\n<li>Linhas seguras<\/li>\n<li>Superf\u00edcie lisa e pronta a utilizar<\/li>\n<li>Recomendamos que trabalhe com \u00e1gua morna, uma vez que a \u00e1gua fria prejudica a velocidade e a resposta.<\/li>\n<\/ul>","protected":false},"featured_media":1985,"comment_status":"open","ping_status":"closed","template":"","meta":[],"product_brand":[],"product_cat":[22],"product_tag":[179,244,243,87,50],"class_list":{"0":"post-1982","1":"product","2":"type-product","3":"status-publish","4":"has-post-thumbnail","6":"product_cat-jnats","7":"product_tag-nisshoyama","8":"product_tag-red-lotus","9":"product_tag-rishonzan","10":"product_tag-shiro","11":"product_tag-suita","12":"product_shipping_class-iprastas","14":"first","15":"outofstock","16":"sale","17":"shipping-taxable","18":"purchasable","19":"product-type-simple"},"_links":{"self":[{"href":"https:\/\/jnats.eu\/pt\/wp-json\/wp\/v2\/product\/1982","targetHints":{"allow":["GET"]}}],"collection":[{"href":"https:\/\/jnats.eu\/pt\/wp-json\/wp\/v2\/product"}],"about":[{"href":"https:\/\/jnats.eu\/pt\/wp-json\/wp\/v2\/types\/product"}],"replies":[{"embeddable":true,"href":"https:\/\/jnats.eu\/pt\/wp-json\/wp\/v2\/comments?post=1982"}],"wp:featuredmedia":[{"embeddable":true,"href":"https:\/\/jnats.eu\/pt\/wp-json\/wp\/v2\/media\/1985"}],"wp:attachment":[{"href":"https:\/\/jnats.eu\/pt\/wp-json\/wp\/v2\/media?parent=1982"}],"wp:term":[{"taxonomy":"product_brand","embeddable":true,"href":"https:\/\/jnats.eu\/pt\/wp-json\/wp\/v2\/product_brand?post=1982"},{"taxonomy":"product_cat","embeddable":true,"href":"https:\/\/jnats.eu\/pt\/wp-json\/wp\/v2\/product_cat?post=1982"},{"taxonomy":"product_tag","embeddable":true,"href":"https:\/\/jnats.eu\/pt\/wp-json\/wp\/v2\/product_tag?post=1982"}],"curies":[{"name":"wp","href":"https:\/\/api.w.org\/{rel}","templated":true}]}}