{"id":1993,"date":"2024-04-24T09:50:15","date_gmt":"2024-04-24T06:50:15","guid":{"rendered":"http:\/\/jnats.eu\/?post_type=product&#038;p=1993"},"modified":"2025-10-08T12:28:10","modified_gmt":"2025-10-08T09:28:10","slug":"atago-shiro-suita-naturalus-japoniskas-akmuo-galandinimui","status":"publish","type":"product","link":"https:\/\/jnats.eu\/pt\/produto-2\/atago-shiro-suita-naturalus-japoniskas-akmuo-galandinimui\/","title":{"rendered":"Atago Suita Pedra de afiar natural japonesa"},"content":{"rendered":"<p>Uma Suita muito rara, que vi apenas algumas vezes no com\u00e9rcio. Esta pedra \u00e9 de dureza m\u00e9dia e fina, com uma resposta e velocidade de afia\u00e7\u00e3o m\u00e9dia. N\u00e3o forma lama, pelo que recomendamos a utiliza\u00e7\u00e3o de uma nagura para acelerar o polimento das facas. Pelo contr\u00e1rio, os res\u00edduos de metal negro acumular-se-\u00e3o rapidamente quando se trabalha a l\u00e2mina na pedra. Com a devida paci\u00eancia e t\u00e9cnica, as pedras deixar\u00e3o um kasumi brilhante e refinado tanto no laminado macio como no a\u00e7o duro.<\/p>\n\n\n\n<p>A l\u00e2mina \u00e9 bastante pouco agressiva, mas \u00e9 perfeita para facas de cozinha. Esta pedra \u00e9 tamb\u00e9m ideal para ferramentas de carpintaria, como cinz\u00e9is, plainas e \u00e9 uma \u00f3ptima pedra preparat\u00f3ria para l\u00e2minas de barbear antes do acabamento.<\/p>\n\n\n\n<p>A pedra Atago Shiro Suita Galandine \u00e9 perfeita para o efeito. A pedra \u00e9 cinzenta com manchas cor-de-rosa e amareladas no namaz. N\u00e3o tem linhas t\u00f3xicas.<\/p>\n\n\n\n<p><strong>Atagoyama (\u611b\u5b95\u5c71)<\/strong><br>Esta mina produziu pedras de Chu-ishi naori, que s\u00e3o normalmente grandes e limpas. O Monte Atago \u00e9 frequentemente considerado como o centro da \u00e1rea de extra\u00e7\u00e3o de pedras de afiar de Quioto.<\/p>","protected":false},"excerpt":{"rendered":"<ul>\n<li>Adequado para o acabamento de facas, tesouras, ferramentas de carpintaria e outras. Para l\u00e2minas de barbear - um pr\u00e9-acabamento.<\/li>\n<li>Dimens\u00f5es: 209x77x20 mm<\/li>\n<li>Peso: 780 g<\/li>\n<li>Dureza: Lv 3.7<\/li>\n<li>Linhas seguras<\/li>\n<li>Superf\u00edcie lisa e pronta a utilizar<\/li>\n<li>Recomendamos que trabalhe com \u00e1gua morna, uma vez que a \u00e1gua fria prejudica a velocidade e a resposta.<\/li>\n<\/ul>","protected":false},"featured_media":2106,"comment_status":"open","ping_status":"closed","template":"","meta":[],"product_brand":[],"product_cat":[22],"product_tag":[242,245,87,50],"class_list":{"0":"post-1993","1":"product","2":"type-product","3":"status-publish","4":"has-post-thumbnail","6":"product_cat-jnats","7":"product_tag-atago","8":"product_tag-naturalus-japoniskas-akmuo-galandinimui","9":"product_tag-shiro","10":"product_tag-suita","11":"product_shipping_class-iprastas","13":"first","14":"outofstock","15":"sale","16":"shipping-taxable","17":"purchasable","18":"product-type-simple"},"_links":{"self":[{"href":"https:\/\/jnats.eu\/pt\/wp-json\/wp\/v2\/product\/1993","targetHints":{"allow":["GET"]}}],"collection":[{"href":"https:\/\/jnats.eu\/pt\/wp-json\/wp\/v2\/product"}],"about":[{"href":"https:\/\/jnats.eu\/pt\/wp-json\/wp\/v2\/types\/product"}],"replies":[{"embeddable":true,"href":"https:\/\/jnats.eu\/pt\/wp-json\/wp\/v2\/comments?post=1993"}],"wp:featuredmedia":[{"embeddable":true,"href":"https:\/\/jnats.eu\/pt\/wp-json\/wp\/v2\/media\/2106"}],"wp:attachment":[{"href":"https:\/\/jnats.eu\/pt\/wp-json\/wp\/v2\/media?parent=1993"}],"wp:term":[{"taxonomy":"product_brand","embeddable":true,"href":"https:\/\/jnats.eu\/pt\/wp-json\/wp\/v2\/product_brand?post=1993"},{"taxonomy":"product_cat","embeddable":true,"href":"https:\/\/jnats.eu\/pt\/wp-json\/wp\/v2\/product_cat?post=1993"},{"taxonomy":"product_tag","embeddable":true,"href":"https:\/\/jnats.eu\/pt\/wp-json\/wp\/v2\/product_tag?post=1993"}],"curies":[{"name":"wp","href":"https:\/\/api.w.org\/{rel}","templated":true}]}}