{"id":200,"date":"2024-02-25T13:49:31","date_gmt":"2024-02-25T11:49:31","guid":{"rendered":"http:\/\/jnats.eu\/?post_type=product&#038;p=200"},"modified":"2024-07-03T10:06:44","modified_gmt":"2024-07-03T07:06:44","slug":"nakayama-zalias-akmuo-skustuvams","status":"publish","type":"product","link":"https:\/\/jnats.eu\/pt\/produto-2\/nakayama-zalias-akmuo-skustuvams\/","title":{"rendered":"Pedra de navalha verde Nakayama Honzan"},"content":{"rendered":"<p>A pedra verde Nakayama \u00e9 ideal para o acabamento de l\u00e2minas de barbear. \u00c9 claro que tamb\u00e9m se adapta facilmente a facas e outras ferramentas. Uma pedra natural homog\u00e9nea de primeira classe que mereceria certamente a marca Maruka se tivesse uma forma regular. Tudo \u00e9 perfeito aqui: a estrutura, a velocidade de trabalho, a suavidade, a resposta, etc. Este tipo de pedra \u00e9 um dos mais apreciados n\u00e3o s\u00f3 no Jap\u00e3o, mas tamb\u00e9m por artes\u00e3os de todo o mundo, e custa milhares de euros. \u00c9 um investimento para toda a vida e para as gera\u00e7\u00f5es vindouras, porque a pedra desgasta-se muito lentamente.<\/p>\n\n\n\n<p>A pedra de amolar Nakayama \u00e9 a pedra mais fina extra\u00edda na Prefeitura de Quioto h\u00e1 quase 900 anos. A mina foi encerrada h\u00e1 mais de 30 anos. A mina era muito importante como mina militar, uma vez que as pedras a\u00ed extra\u00eddas eram utilizadas para afiar espadas, pelo que foi guardada durante muito tempo pelo Imperador do Jap\u00e3o ou pelo governo japon\u00eas. Durante muito tempo, apenas a fam\u00edlia Honma podia explorar a mina. A Nakayama Maruka \u00e9 uma pedra de acabamento muito procurada, mesmo no Jap\u00e3o, porque a mina foi encerrada e \u00e9 cada vez mais dif\u00edcil encontr\u00e1-la. \u00c9 ideal para afiar l\u00e2minas de barbear, facas ou outras ferramentas que necessitem de um acabamento muito delicado.<\/p>\n\n\n\n<ul class=\"wp-block-list\">\n<li><strong>Dureza: Lv <\/strong>5+<\/li>\n\n\n\n<li><strong>Dimens\u00f5es (aprox.): 190x120x20 mm<\/strong><\/li>\n\n\n\n<li><strong>Peso (com suporte): 1310 g.<\/strong><\/li>\n\n\n\n<li><strong>Pedra dura e r\u00e1pida com uma estrutura homog\u00e9nea. Ideal para o acabamento de l\u00e2minas de barbear, facas, carpintaria e outras ferramentas.&nbsp;<\/strong><\/li>\n<\/ul>","protected":false},"excerpt":{"rendered":"<p><!-- wp:list --><\/p>\n<ul><!-- wp:list-item --><\/p>\n<li><strong>Dureza: Lv 5+<\/strong><\/li>\n<p><!-- \/wp:list-item --><\/p>\n<p><!-- wp:list-item --><\/p>\n<li><strong>Dimens\u00f5es (aprox.): 190x120x20 mm<\/strong><\/li>\n<p><!-- \/wp:list-item --><\/p>\n<p><!-- wp:list-item --><\/p>\n<li><strong>Peso (com suporte): 1310 g.<\/strong><\/li>\n<p><!-- \/wp:list-item --><\/p>\n<p><!-- wp:list-item --><\/p>\n<li><strong>Pedra dura e r\u00e1pida com uma estrutura homog\u00e9nea. Ideal para o acabamento de l\u00e2minas de barbear, facas, carpintaria e outras ferramentas.\u00a0<\/strong><\/li>\n<p><!-- \/wp:list-item --><\/ul>\n<p><!-- \/wp:list --><\/p>","protected":false},"featured_media":1210,"comment_status":"open","ping_status":"closed","template":"","meta":[],"product_brand":[],"product_cat":[22],"product_tag":[58,49],"class_list":{"0":"post-200","1":"product","2":"type-product","3":"status-publish","4":"has-post-thumbnail","6":"product_cat-jnats","7":"product_tag-maruka","8":"product_tag-nakayama","9":"product_shipping_class-iprastas","11":"first","12":"outofstock","13":"sale","14":"shipping-taxable","15":"purchasable","16":"product-type-simple"},"_links":{"self":[{"href":"https:\/\/jnats.eu\/pt\/wp-json\/wp\/v2\/product\/200","targetHints":{"allow":["GET"]}}],"collection":[{"href":"https:\/\/jnats.eu\/pt\/wp-json\/wp\/v2\/product"}],"about":[{"href":"https:\/\/jnats.eu\/pt\/wp-json\/wp\/v2\/types\/product"}],"replies":[{"embeddable":true,"href":"https:\/\/jnats.eu\/pt\/wp-json\/wp\/v2\/comments?post=200"}],"wp:featuredmedia":[{"embeddable":true,"href":"https:\/\/jnats.eu\/pt\/wp-json\/wp\/v2\/media\/1210"}],"wp:attachment":[{"href":"https:\/\/jnats.eu\/pt\/wp-json\/wp\/v2\/media?parent=200"}],"wp:term":[{"taxonomy":"product_brand","embeddable":true,"href":"https:\/\/jnats.eu\/pt\/wp-json\/wp\/v2\/product_brand?post=200"},{"taxonomy":"product_cat","embeddable":true,"href":"https:\/\/jnats.eu\/pt\/wp-json\/wp\/v2\/product_cat?post=200"},{"taxonomy":"product_tag","embeddable":true,"href":"https:\/\/jnats.eu\/pt\/wp-json\/wp\/v2\/product_tag?post=200"}],"curies":[{"name":"wp","href":"https:\/\/api.w.org\/{rel}","templated":true}]}}