{"id":2002,"date":"2024-04-24T09:58:10","date_gmt":"2024-04-24T06:58:10","guid":{"rendered":"http:\/\/jnats.eu\/?post_type=product&#038;p=2002"},"modified":"2025-10-15T11:10:06","modified_gmt":"2025-10-15T08:10:06","slug":"yamashiro-honba-umegahata-suita","status":"publish","type":"product","link":"https:\/\/jnats.eu\/pt\/produto-2\/yamashiro-honba-umegahata-suita\/","title":{"rendered":"Yamashiro Honba Umegahata Suite"},"content":{"rendered":"<p>Esta pedra \u00e9 de dureza e finura m\u00e9dias superiores, com boa resposta e velocidade de afia\u00e7\u00e3o. N\u00e3o forma a sua pr\u00f3pria lama, pelo que recomendamos a utiliza\u00e7\u00e3o de uma nagura para acelerar o polimento da faca. Pelo contr\u00e1rio, os res\u00edduos de metal negro acumular-se-\u00e3o rapidamente quando se afia a l\u00e2mina na pedra. Com a devida paci\u00eancia e t\u00e9cnica, as pedras deixar\u00e3o um kasumi brilhante e refinado tanto no laminado macio como no a\u00e7o duro.<\/p>\n\n\n\n<p>As l\u00e2minas s\u00e3o agressivas e ideais para facas de cozinha. Esta pedra tamb\u00e9m \u00e9 excelente para ferramentas de carpintaria, como cinz\u00e9is e plainas, e \u00e9 uma \u00f3ptima prepara\u00e7\u00e3o para l\u00e2minas de barbear antes do acabamento.<\/p>\n\n\n\n<p>A Pedra de Afiar Japonesa Yamashiro Honba Umegahata Suita \u00e9 perfeita para o efeito. Sem linhas t\u00f3xicas.<\/p>\n\n\n\n<figure class=\"wp-block-embed is-type-video is-provider-youtube wp-block-embed-youtube wp-embed-aspect-16-9 wp-has-aspect-ratio\"><div class=\"wp-block-embed__wrapper\">\n<div class=\"video-container\"><iframe title=\"Yamashiro Honba Umegahata Suita vs Faca de cozinha Apex Ultra 66 HRC\" width=\"1170\" height=\"658\" src=\"https:\/\/www.youtube.com\/embed\/OKUOUb-1hes?feature=oembed\" frameborder=\"0\" allow=\"accelerometer; autoplay; clipboard-write; encrypted-media; gyroscope; picture-in-picture; web-share\" referrerpolicy=\"strict-origin-when-cross-origin\" allowfullscreen><\/iframe><\/div>\n<\/div><\/figure>","protected":false},"excerpt":{"rendered":"<ul>\n<li>Adequado para facas de acabamento, tesouras, ferramentas de carpintaria e outras ferramentas.\u00a0<\/li>\n<li>Dimens\u00f5es: 201x77x43 mm<\/li>\n<li>Peso: 1620 g<\/li>\n<li>Dureza: Lv 4.5<\/li>\n<li>Linhas seguras<\/li>\n<li>A superf\u00edcie \u00e9 lisa e est\u00e1 pronta a ser utilizada. O verso tamb\u00e9m \u00e9 liso e pode ser facilmente acabado.<\/li>\n<li>Recomendamos que trabalhe com \u00e1gua morna, uma vez que a \u00e1gua fria prejudica a velocidade e a resposta.<\/li>\n<\/ul>","protected":false},"featured_media":2004,"comment_status":"open","ping_status":"closed","template":"","meta":[],"product_brand":[],"product_cat":[22],"product_tag":[246,50,68,247],"class_list":{"0":"post-2002","1":"product","2":"type-product","3":"status-publish","4":"has-post-thumbnail","6":"product_cat-jnats","7":"product_tag-honba","8":"product_tag-suita","9":"product_tag-umegahata","10":"product_tag-yamashiro","11":"product_shipping_class-iprastas","13":"first","14":"outofstock","15":"sale","16":"shipping-taxable","17":"purchasable","18":"product-type-simple"},"_links":{"self":[{"href":"https:\/\/jnats.eu\/pt\/wp-json\/wp\/v2\/product\/2002","targetHints":{"allow":["GET"]}}],"collection":[{"href":"https:\/\/jnats.eu\/pt\/wp-json\/wp\/v2\/product"}],"about":[{"href":"https:\/\/jnats.eu\/pt\/wp-json\/wp\/v2\/types\/product"}],"replies":[{"embeddable":true,"href":"https:\/\/jnats.eu\/pt\/wp-json\/wp\/v2\/comments?post=2002"}],"wp:featuredmedia":[{"embeddable":true,"href":"https:\/\/jnats.eu\/pt\/wp-json\/wp\/v2\/media\/2004"}],"wp:attachment":[{"href":"https:\/\/jnats.eu\/pt\/wp-json\/wp\/v2\/media?parent=2002"}],"wp:term":[{"taxonomy":"product_brand","embeddable":true,"href":"https:\/\/jnats.eu\/pt\/wp-json\/wp\/v2\/product_brand?post=2002"},{"taxonomy":"product_cat","embeddable":true,"href":"https:\/\/jnats.eu\/pt\/wp-json\/wp\/v2\/product_cat?post=2002"},{"taxonomy":"product_tag","embeddable":true,"href":"https:\/\/jnats.eu\/pt\/wp-json\/wp\/v2\/product_tag?post=2002"}],"curies":[{"name":"wp","href":"https:\/\/api.w.org\/{rel}","templated":true}]}}