{"id":2008,"date":"2024-04-24T10:08:32","date_gmt":"2024-04-24T07:08:32","guid":{"rendered":"http:\/\/jnats.eu\/?post_type=product&#038;p=2008"},"modified":"2024-06-30T20:00:20","modified_gmt":"2024-06-30T17:00:20","slug":"shohonyama-aiiwatani-kiita-nashiji-tomae-koppa","status":"publish","type":"product","link":"https:\/\/jnats.eu\/pt\/produto-2\/shohonyama-aiiwatani-kiita-nashiji-tomae-koppa\/","title":{"rendered":"Shohonyama Aiiwatani Kiita Nashiji Tomae Koppa"},"content":{"rendered":"<p>Embora a superf\u00edcie seja suficientemente grande para ser funcional para pequenos trabalhos de afia\u00e7\u00e3o, a forma desta pedra torna-a mais adequada como um luxuoso tomo-nagura para pedras de afiar maiores. A pedra \u00e9 muito fina e n\u00e3o demasiado dura, o que a torna um dador de lama ideal para pedras Awasedo extremamente finas e duras.<\/p>\n\n\n\n<p>A pedra apresenta cores kiita e asagi com uma camada de nashiji. A face posterior \u00e9 irregular.<\/p>\n\n\n\n<p><strong>Aiiwatani (\u76f8\u5ca9\u8c37, \u76f8\u5ca9\u8c37\u7523, \u5ca9\u8c37, Iwatani, Iwadani, Ai Iwatani, Aiwadani)<\/strong><br>Esta prol\u00edfica mina oriental produziu pedras conhecidas pela sua dureza e finura. S\u00e3o frequentemente vendidas como uma alternativa mais barata \u00e0 pedra muito dura \"Nakayama awasedo\", utilizada para o acabamento de l\u00e2minas de barbear e ferramentas de carpintaria.<\/p>","protected":false},"excerpt":{"rendered":"<ul>\n<li>Adequado para o acabamento de l\u00e2minas de barbear, facas, tesouras, ferramentas de carpintaria e outras.<\/li>\n<li>Dimens\u00f5es: 135x102x20 mm<\/li>\n<li>Peso: 700 g<\/li>\n<li>Dureza: Lv 4<\/li>\n<li>Superf\u00edcie lisa e pronta a utilizar<\/li>\n<li>Recomendamos que trabalhe com \u00e1gua morna, uma vez que a \u00e1gua fria prejudica a velocidade e a resposta.<\/li>\n<\/ul>","protected":false},"featured_media":2010,"comment_status":"open","ping_status":"closed","template":"","meta":[],"product_brand":[],"product_cat":[22],"product_tag":[65,248,67],"class_list":{"0":"post-2008","1":"product","2":"type-product","3":"status-publish","4":"has-post-thumbnail","6":"product_cat-jnats","7":"product_tag-aiwatani","8":"product_tag-shohonyma","9":"product_tag-tomae","10":"product_shipping_class-iprastas","12":"first","13":"outofstock","14":"shipping-taxable","15":"purchasable","16":"product-type-simple"},"_links":{"self":[{"href":"https:\/\/jnats.eu\/pt\/wp-json\/wp\/v2\/product\/2008","targetHints":{"allow":["GET"]}}],"collection":[{"href":"https:\/\/jnats.eu\/pt\/wp-json\/wp\/v2\/product"}],"about":[{"href":"https:\/\/jnats.eu\/pt\/wp-json\/wp\/v2\/types\/product"}],"replies":[{"embeddable":true,"href":"https:\/\/jnats.eu\/pt\/wp-json\/wp\/v2\/comments?post=2008"}],"wp:featuredmedia":[{"embeddable":true,"href":"https:\/\/jnats.eu\/pt\/wp-json\/wp\/v2\/media\/2010"}],"wp:attachment":[{"href":"https:\/\/jnats.eu\/pt\/wp-json\/wp\/v2\/media?parent=2008"}],"wp:term":[{"taxonomy":"product_brand","embeddable":true,"href":"https:\/\/jnats.eu\/pt\/wp-json\/wp\/v2\/product_brand?post=2008"},{"taxonomy":"product_cat","embeddable":true,"href":"https:\/\/jnats.eu\/pt\/wp-json\/wp\/v2\/product_cat?post=2008"},{"taxonomy":"product_tag","embeddable":true,"href":"https:\/\/jnats.eu\/pt\/wp-json\/wp\/v2\/product_tag?post=2008"}],"curies":[{"name":"wp","href":"https:\/\/api.w.org\/{rel}","templated":true}]}}