{"id":2025,"date":"2024-04-24T10:29:46","date_gmt":"2024-04-24T07:29:46","guid":{"rendered":"http:\/\/jnats.eu\/?post_type=product&#038;p=2025"},"modified":"2025-10-06T23:26:09","modified_gmt":"2025-10-06T20:26:09","slug":"ohira-naikumo-suita","status":"publish","type":"product","link":"https:\/\/jnats.eu\/pt\/produto-2\/ohira-naikumo-suita\/","title":{"rendered":"Suite Ohira Naikumo"},"content":{"rendered":"<p>A pequena Ohira Naikumo Suita \u00e9 f\u00e1cil de utilizar e ideal para polir e afiar facas de cozinha. Se for pressionada com for\u00e7a, a pedra libertar\u00e1 uma suspens\u00e3o e afiar\u00e1 a faca; se for aplicada uma press\u00e3o mais leve, polir\u00e1.  A resposta \u00e9 suave e suficientemente informativa para dar ao utilizador uma boa sensa\u00e7\u00e3o do processo de afiar. Esta pedra seria um excelente e valioso instrumento de trabalho para afiar e polir.<\/p>\n\n\n\n<p>Esta suite tem uma cor de fundo creme\/azul p\u00e1lido, alguns pontos vermelhos nas rhenges e algumas linhas castanhas benignas.<\/p>\n\n\n\n<figure class=\"wp-block-embed is-type-video is-provider-youtube wp-block-embed-youtube wp-embed-aspect-16-9 wp-has-aspect-ratio\"><div class=\"wp-block-embed__wrapper\">\n<div class=\"video-container\"><iframe title=\"Kasumi termina nos Jnats: Ohira, Nisshoyama Naikumo Suita, Shobudani Karasu\" width=\"1170\" height=\"658\" src=\"https:\/\/www.youtube.com\/embed\/EufKzrz4gFs?start=715&feature=oembed\" frameborder=\"0\" allow=\"accelerometer; autoplay; clipboard-write; encrypted-media; gyroscope; picture-in-picture; web-share\" referrerpolicy=\"strict-origin-when-cross-origin\" allowfullscreen><\/iframe><\/div>\n<\/div><\/figure>\n\n\n\n<p><strong>Ohira (\u5927\u5e73, Oohira, Ohirayama)<\/strong><br>Uma mina ocidental conhecida pela qualidade do Uchigumori e do Suita. Embora a mina ainda seja explorada ocasionalmente, \u00e9 cada vez mais dif\u00edcil encontrar Uchigumori e Ohira suita export\u00e1veis. Muitos mineiros est\u00e3o preocupados com o fornecimento a longo prazo de pedras uchigumori de qualidade. Devido \u00e0 qualidade superior do Ohira suita e do uchigumori, n\u00e3o \u00e9 raro que pedras de outras minas sejam carimbadas ou vendidas como Ohira.<\/p>","protected":false},"excerpt":{"rendered":"<ul>\n<li>Adequado para facas de acabamento, tesouras, ferramentas de carpintaria e outras ferramentas.<\/li>\n<li>Dimens\u00f5es: 205x74x27 mm<\/li>\n<li>Peso: 985 g<\/li>\n<li>Dureza: Lv 4<\/li>\n<li>Linhas seguras<\/li>\n<li>A superf\u00edcie n\u00e3o \u00e9 totalmente lisa e existem buracos nas margens.<\/li>\n<li>Recomendamos que trabalhe com \u00e1gua morna, uma vez que a \u00e1gua fria prejudica a velocidade e a resposta.<\/li>\n<\/ul>","protected":false},"featured_media":2026,"comment_status":"open","ping_status":"closed","template":"","meta":[],"product_brand":[],"product_cat":[22],"product_tag":[252,47,50],"class_list":{"0":"post-2025","1":"product","2":"type-product","3":"status-publish","4":"has-post-thumbnail","6":"product_cat-jnats","7":"product_tag-naikumo","8":"product_tag-ohira","9":"product_tag-suita","10":"product_shipping_class-iprastas","12":"first","13":"outofstock","14":"sale","15":"shipping-taxable","16":"purchasable","17":"product-type-simple"},"_links":{"self":[{"href":"https:\/\/jnats.eu\/pt\/wp-json\/wp\/v2\/product\/2025","targetHints":{"allow":["GET"]}}],"collection":[{"href":"https:\/\/jnats.eu\/pt\/wp-json\/wp\/v2\/product"}],"about":[{"href":"https:\/\/jnats.eu\/pt\/wp-json\/wp\/v2\/types\/product"}],"replies":[{"embeddable":true,"href":"https:\/\/jnats.eu\/pt\/wp-json\/wp\/v2\/comments?post=2025"}],"wp:featuredmedia":[{"embeddable":true,"href":"https:\/\/jnats.eu\/pt\/wp-json\/wp\/v2\/media\/2026"}],"wp:attachment":[{"href":"https:\/\/jnats.eu\/pt\/wp-json\/wp\/v2\/media?parent=2025"}],"wp:term":[{"taxonomy":"product_brand","embeddable":true,"href":"https:\/\/jnats.eu\/pt\/wp-json\/wp\/v2\/product_brand?post=2025"},{"taxonomy":"product_cat","embeddable":true,"href":"https:\/\/jnats.eu\/pt\/wp-json\/wp\/v2\/product_cat?post=2025"},{"taxonomy":"product_tag","embeddable":true,"href":"https:\/\/jnats.eu\/pt\/wp-json\/wp\/v2\/product_tag?post=2025"}],"curies":[{"name":"wp","href":"https:\/\/api.w.org\/{rel}","templated":true}]}}