{"id":2033,"date":"2024-04-24T10:37:39","date_gmt":"2024-04-24T07:37:39","guid":{"rendered":"http:\/\/jnats.eu\/?post_type=product&#038;p=2033"},"modified":"2024-12-05T07:22:36","modified_gmt":"2024-12-05T05:22:36","slug":"ohira-renge-suita-2","status":"publish","type":"product","link":"https:\/\/jnats.eu\/pt\/produto-2\/ohira-renge-suita-2\/","title":{"rendered":"Ohira Renge Suite"},"content":{"rendered":"<p>O polivalente perfeito para uma vasta gama de tarefas, o Ohira Renge Suite. A resposta \u00e9 muito suave e as linhas n\u00e3o causam problemas atualmente. O acabamento Kasumi \u00e9 brilhante e refinado, real\u00e7ando os pormenores do material da l\u00e2mina e deixando uma superf\u00edcie que \u00e9 \"livre de riscos\" em todas as condi\u00e7\u00f5es, exceto na luz mais dura. \u00c9 uma excelente pedra para uma vasta gama de tarefas - afia\u00e7\u00e3o final de facas de cozinha, polimento kasumi, ferramentas, tesouras. Estas s\u00e3o as qualidades que ajudaram a Ohira Suita a alcan\u00e7ar uma reputa\u00e7\u00e3o t\u00e3o excecional.<\/p>\n\n\n\n<p>Esta Ohira Shiro Suita branca est\u00e1 decorada com \u201eflores de l\u00f3tus\u201d vermelhas, tamb\u00e9m conhecidas como padr\u00e3o renge. A pedra tem uma boa forma e tamanho, e as linhas s\u00e3o f\u00e1ceis de afiar. Ambos os lados est\u00e3o prontos a trabalhar.<\/p>\n\n\n\n<figure class=\"wp-block-embed is-type-video is-provider-youtube wp-block-embed-youtube wp-embed-aspect-16-9 wp-has-aspect-ratio\"><div class=\"wp-block-embed__wrapper\">\n<div class=\"video-container\"><iframe title=\"Aoto, Aizu, Ohira Suite, Ozuku - Afia\u00e7\u00e3o de l\u00e2minas de barbear Le Moulin\" width=\"1170\" height=\"658\" src=\"https:\/\/www.youtube.com\/embed\/5Q8Nm6aKSYc?start=612&feature=oembed\" frameborder=\"0\" allow=\"accelerometer; autoplay; clipboard-write; encrypted-media; gyroscope; picture-in-picture; web-share\" referrerpolicy=\"strict-origin-when-cross-origin\" allowfullscreen><\/iframe><\/div>\n<\/div><\/figure>\n\n\n\n<p><strong>Ohira (\u5927\u5e73, Oohira, Ohirayama)<\/strong><br>Uma mina ocidental conhecida pela qualidade do Uchigumori e do Suita. Embora a mina ainda seja explorada ocasionalmente, \u00e9 cada vez mais dif\u00edcil encontrar Uchigumori e Ohira suita export\u00e1veis. Muitos mineiros est\u00e3o preocupados com o fornecimento a longo prazo de pedras uchigumori de qualidade. Devido \u00e0 qualidade superior do Ohira suita e do uchigumori, n\u00e3o \u00e9 raro que pedras de outras minas sejam carimbadas ou vendidas como Ohira.<\/p>","protected":false},"excerpt":{"rendered":"<ul>\n<li>Adequado para facas de acabamento, tesouras, ferramentas de carpintaria e outras. Tamb\u00e9m para o acabamento.<\/li>\n<li>Dimens\u00f5es: 207x76x22 mm<\/li>\n<li>Peso: 707 g<\/li>\n<li>Dureza: Lv 4<\/li>\n<li>Linhas seguras<\/li>\n<li>Ambas as partes est\u00e3o prontas para a a\u00e7\u00e3o.<\/li>\n<li>Recomendamos que trabalhe com \u00e1gua morna, uma vez que a \u00e1gua fria prejudica a velocidade e a resposta.<\/li>\n<\/ul>","protected":false},"featured_media":2036,"comment_status":"open","ping_status":"closed","template":"","meta":[],"product_brand":[],"product_cat":[22],"product_tag":[47,86,50],"class_list":{"0":"post-2033","1":"product","2":"type-product","3":"status-publish","4":"has-post-thumbnail","6":"product_cat-jnats","7":"product_tag-ohira","8":"product_tag-renge","9":"product_tag-suita","10":"product_shipping_class-iprastas","12":"first","13":"outofstock","14":"sale","15":"shipping-taxable","16":"purchasable","17":"product-type-simple"},"_links":{"self":[{"href":"https:\/\/jnats.eu\/pt\/wp-json\/wp\/v2\/product\/2033","targetHints":{"allow":["GET"]}}],"collection":[{"href":"https:\/\/jnats.eu\/pt\/wp-json\/wp\/v2\/product"}],"about":[{"href":"https:\/\/jnats.eu\/pt\/wp-json\/wp\/v2\/types\/product"}],"replies":[{"embeddable":true,"href":"https:\/\/jnats.eu\/pt\/wp-json\/wp\/v2\/comments?post=2033"}],"wp:featuredmedia":[{"embeddable":true,"href":"https:\/\/jnats.eu\/pt\/wp-json\/wp\/v2\/media\/2036"}],"wp:attachment":[{"href":"https:\/\/jnats.eu\/pt\/wp-json\/wp\/v2\/media?parent=2033"}],"wp:term":[{"taxonomy":"product_brand","embeddable":true,"href":"https:\/\/jnats.eu\/pt\/wp-json\/wp\/v2\/product_brand?post=2033"},{"taxonomy":"product_cat","embeddable":true,"href":"https:\/\/jnats.eu\/pt\/wp-json\/wp\/v2\/product_cat?post=2033"},{"taxonomy":"product_tag","embeddable":true,"href":"https:\/\/jnats.eu\/pt\/wp-json\/wp\/v2\/product_tag?post=2033"}],"curies":[{"name":"wp","href":"https:\/\/api.w.org\/{rel}","templated":true}]}}