{"id":2039,"date":"2025-06-30T11:10:34","date_gmt":"2025-06-30T08:10:34","guid":{"rendered":"http:\/\/jnats.eu\/?post_type=product&#038;p=2039"},"modified":"2025-11-28T09:00:18","modified_gmt":"2025-11-28T07:00:18","slug":"ohira-renge-shiro-suita","status":"publish","type":"product","link":"https:\/\/jnats.eu\/pt\/produto-2\/ohira-renge-shiro-suita\/","title":{"rendered":"Pedra de amolar japonesa natural Ohira Shiro Suita"},"content":{"rendered":"<p>Uma Ohira Renge Suita vers\u00e1til, adequada para uma variedade de tarefas. A resposta \u00e9 bastante suave, as linhas n\u00e3o causam problemas percept\u00edveis no momento, mas \u00e0s vezes s\u00e3o ligeiramente sentidas. Esta \u00e9 uma boa pedra, adequada para uma variedade de tarefas - afia\u00e7\u00e3o final de facas de cozinha, ferramentas de carpintaria, tesouras, etc. Essas Ohira Suita ajudaram a mina a alcan\u00e7ar uma reputa\u00e7\u00e3o t\u00e3o excepcional.<\/p>\n\n\n\n<p>A pedra tem formato e tamanho decentes, e as linhas n\u00e3o causam problemas de afia\u00e7\u00e3o.<\/p>\n\n\n\n<figure class=\"wp-block-embed is-type-video is-provider-youtube wp-block-embed-youtube wp-embed-aspect-16-9 wp-has-aspect-ratio\"><div class=\"wp-block-embed__wrapper\">\n<div class=\"video-container\"><iframe title=\"Suncraft \u2014 SG2 falso ou a melhor faca do mundo? Galandam com Ohira Suita\" width=\"1170\" height=\"658\" src=\"https:\/\/www.youtube.com\/embed\/oKKMLcZ-l28?start=450&#038;feature=oembed\" frameborder=\"0\" allow=\"accelerometer; autoplay; clipboard-write; encrypted-media; gyroscope; picture-in-picture; web-share\" referrerpolicy=\"strict-origin-when-cross-origin\" allowfullscreen><\/iframe><\/div>\n<\/div><\/figure>\n\n\n\n<p><strong>Ohira (\u5927\u5e73, Oohira, Ohirayama)<\/strong><br>Uma mina ocidental conhecida pela qualidade do Uchigumori e do Suita. Embora a mina ainda seja explorada ocasionalmente, \u00e9 cada vez mais dif\u00edcil encontrar Uchigumori e Ohira suita export\u00e1veis. Muitos mineiros est\u00e3o preocupados com o fornecimento a longo prazo de pedras uchigumori de qualidade. Devido \u00e0 qualidade superior do Ohira suita e do uchigumori, n\u00e3o \u00e9 raro que pedras de outras minas sejam carimbadas ou vendidas como Ohira.<\/p>","protected":false},"excerpt":{"rendered":"<ul>\n<li>Adequado para facas de acabamento, tesouras, ferramentas de carpintaria e outras ferramentas.\u00a0<\/li>\n<li>Dimens\u00f5es: 206x75x42 mm<\/li>\n<li>Peso: 1720 g<\/li>\n<li>Dureza: Lv 4.3<\/li>\n<li>As linhas s\u00e3o seguras, mas uma das mais proeminentes \u00e0s vezes fica um pouco percept\u00edvel<\/li>\n<li>Recomendamos que trabalhe com \u00e1gua morna, uma vez que a \u00e1gua fria prejudica a velocidade e a resposta.<\/li>\n<\/ul>","protected":false},"featured_media":4835,"comment_status":"open","ping_status":"closed","template":"","meta":[],"product_brand":[],"product_cat":[22],"product_tag":[47,86,87,50],"class_list":{"0":"post-2039","1":"product","2":"type-product","3":"status-publish","4":"has-post-thumbnail","6":"product_cat-jnats","7":"product_tag-ohira","8":"product_tag-renge","9":"product_tag-shiro","10":"product_tag-suita","11":"product_shipping_class-iprastas","13":"first","14":"outofstock","15":"shipping-taxable","16":"purchasable","17":"product-type-simple"},"_links":{"self":[{"href":"https:\/\/jnats.eu\/pt\/wp-json\/wp\/v2\/product\/2039","targetHints":{"allow":["GET"]}}],"collection":[{"href":"https:\/\/jnats.eu\/pt\/wp-json\/wp\/v2\/product"}],"about":[{"href":"https:\/\/jnats.eu\/pt\/wp-json\/wp\/v2\/types\/product"}],"replies":[{"embeddable":true,"href":"https:\/\/jnats.eu\/pt\/wp-json\/wp\/v2\/comments?post=2039"}],"wp:featuredmedia":[{"embeddable":true,"href":"https:\/\/jnats.eu\/pt\/wp-json\/wp\/v2\/media\/4835"}],"wp:attachment":[{"href":"https:\/\/jnats.eu\/pt\/wp-json\/wp\/v2\/media?parent=2039"}],"wp:term":[{"taxonomy":"product_brand","embeddable":true,"href":"https:\/\/jnats.eu\/pt\/wp-json\/wp\/v2\/product_brand?post=2039"},{"taxonomy":"product_cat","embeddable":true,"href":"https:\/\/jnats.eu\/pt\/wp-json\/wp\/v2\/product_cat?post=2039"},{"taxonomy":"product_tag","embeddable":true,"href":"https:\/\/jnats.eu\/pt\/wp-json\/wp\/v2\/product_tag?post=2039"}],"curies":[{"name":"wp","href":"https:\/\/api.w.org\/{rel}","templated":true}]}}