{"id":2052,"date":"2024-04-24T11:11:56","date_gmt":"2024-04-24T08:11:56","guid":{"rendered":"http:\/\/jnats.eu\/?post_type=product&#038;p=2052"},"modified":"2024-10-20T14:58:20","modified_gmt":"2024-10-20T11:58:20","slug":"ohira-renge-shiro-suita-2","status":"publish","type":"product","link":"https:\/\/jnats.eu\/pt\/produto-2\/ohira-renge-shiro-suita-2\/","title":{"rendered":"Ohira Renge Shiro Suite"},"content":{"rendered":"<p>O polivalente perfeito para uma vasta gama de tarefas, o Ohira Renge Suite. A resposta \u00e9 muito suave e as linhas n\u00e3o s\u00e3o problem\u00e1ticas. O acabamento Kasumi \u00e9 brilhante e refinado, real\u00e7ando os pormenores do material da l\u00e2mina e deixando uma superf\u00edcie que \u00e9 \"livre de riscos\" em tudo, exceto na luz mais brilhante. \u00c9 uma excelente pedra para uma vasta gama de tarefas - afia\u00e7\u00e3o final de facas de cozinha, polimento kasumi, ferramentas, tesouras. Estas s\u00e3o as qualidades que ajudaram a Ohira Suita a alcan\u00e7ar uma reputa\u00e7\u00e3o t\u00e3o excecional.<\/p>\n\n\n\n<p>Este shiro suita branco est\u00e1 decorado com \"flores de l\u00f3tus\" vermelhas, tamb\u00e9m conhecidas como padr\u00e3o renge. Tem a forma e o tamanho perfeitos e as linhas s\u00e3o f\u00e1ceis de afiar.<\/p>\n\n\n\n<p><strong>Ohira (\u5927\u5e73, Oohira, Ohirayama)<\/strong><br>Uma mina ocidental conhecida pela qualidade do Uchigumori e do Suita. Embora a mina continue a ser explorada ocasionalmente, \u00e9 cada vez mais dif\u00edcil encontrar Uchigumori e Ohira suita export\u00e1veis. Devido \u00e0 qualidade superior do Ohira suita e do uchigumori, as pedras de outras minas s\u00e3o frequentemente carimbadas ou vendidas como Ohira.<\/p>","protected":false},"excerpt":{"rendered":"<ul>\n<li>Adequado para facas de acabamento, tesouras, ferramentas de carpintaria e outras. Tamb\u00e9m para o acabamento.<\/li>\n<li>Dimens\u00f5es: 204x76x34 mm<\/li>\n<li>Peso: 1300 g<\/li>\n<li>Dureza: Lv 4<\/li>\n<li>Linhas seguras<\/li>\n<li>Recomendamos que trabalhe com \u00e1gua morna, uma vez que a \u00e1gua fria prejudica a velocidade e a resposta.<\/li>\n<\/ul>","protected":false},"featured_media":2110,"comment_status":"open","ping_status":"closed","template":"","meta":[],"product_brand":[],"product_cat":[22],"product_tag":[47,86,87,50],"class_list":{"0":"post-2052","1":"product","2":"type-product","3":"status-publish","4":"has-post-thumbnail","6":"product_cat-jnats","7":"product_tag-ohira","8":"product_tag-renge","9":"product_tag-shiro","10":"product_tag-suita","11":"product_shipping_class-iprastas","13":"first","14":"outofstock","15":"shipping-taxable","16":"purchasable","17":"product-type-simple"},"_links":{"self":[{"href":"https:\/\/jnats.eu\/pt\/wp-json\/wp\/v2\/product\/2052","targetHints":{"allow":["GET"]}}],"collection":[{"href":"https:\/\/jnats.eu\/pt\/wp-json\/wp\/v2\/product"}],"about":[{"href":"https:\/\/jnats.eu\/pt\/wp-json\/wp\/v2\/types\/product"}],"replies":[{"embeddable":true,"href":"https:\/\/jnats.eu\/pt\/wp-json\/wp\/v2\/comments?post=2052"}],"wp:featuredmedia":[{"embeddable":true,"href":"https:\/\/jnats.eu\/pt\/wp-json\/wp\/v2\/media\/2110"}],"wp:attachment":[{"href":"https:\/\/jnats.eu\/pt\/wp-json\/wp\/v2\/media?parent=2052"}],"wp:term":[{"taxonomy":"product_brand","embeddable":true,"href":"https:\/\/jnats.eu\/pt\/wp-json\/wp\/v2\/product_brand?post=2052"},{"taxonomy":"product_cat","embeddable":true,"href":"https:\/\/jnats.eu\/pt\/wp-json\/wp\/v2\/product_cat?post=2052"},{"taxonomy":"product_tag","embeddable":true,"href":"https:\/\/jnats.eu\/pt\/wp-json\/wp\/v2\/product_tag?post=2052"}],"curies":[{"name":"wp","href":"https:\/\/api.w.org\/{rel}","templated":true}]}}