{"id":2059,"date":"2024-04-24T11:22:04","date_gmt":"2024-04-24T08:22:04","guid":{"rendered":"http:\/\/jnats.eu\/?post_type=product&#038;p=2059"},"modified":"2025-10-22T15:09:21","modified_gmt":"2025-10-22T12:09:21","slug":"shiro-suita-renge-miyadaiku","status":"publish","type":"product","link":"https:\/\/jnats.eu\/pt\/produto-2\/shiro-suita-renge-miyadaiku\/","title":{"rendered":"Shiro Suite Renge Miyadaiku"},"content":{"rendered":"<p>O conjunto mais limpo que alguma vez vi! As pedras de afiar e polir japonesas deste tamanho, forma e grau s\u00e3o raras e praticamente sem revestimento. A pedra \u00e9 r\u00e1pida, d\u00e1 uma boa resposta e resultados excepcionais. O Suita de alta qualidade est\u00e1 a tornar-se cada vez mais raro no mercado, e esta pedra \u00e9 um excelente exemplo de como estas pedras de afiar e polir ganharam a sua elevada reputa\u00e7\u00e3o. Este exemplar tem uma textura relativamente fina. Quer o seu objetivo principal seja a afia\u00e7\u00e3o de l\u00e2minas ou o polimento de kasumi, a Suita Renge Miyadaiku n\u00e3o desiludir\u00e1.<\/p>\n\n\n\n<p>Fundo branco com pequenos \"l\u00f3tus\" pretos e bordos amarelados. <\/p>","protected":false},"excerpt":{"rendered":"<ul>\n<li>Adequado para facas de acabamento, tesouras, ferramentas de carpintaria e outras. Tamb\u00e9m para o acabamento.<\/li>\n<li>Dimens\u00f5es: 213x63x35 mm<\/li>\n<li>Peso com suporte: 1340 g<\/li>\n<li>Dureza: Lv 4<\/li>\n<li>Recomendamos que trabalhe com \u00e1gua morna, uma vez que a \u00e1gua fria prejudica a velocidade e a resposta.<\/li>\n<\/ul>","protected":false},"featured_media":2063,"comment_status":"open","ping_status":"closed","template":"","meta":[],"product_brand":[],"product_cat":[22],"product_tag":[256,86,87,50],"class_list":{"0":"post-2059","1":"product","2":"type-product","3":"status-publish","4":"has-post-thumbnail","6":"product_cat-jnats","7":"product_tag-miyadaiku","8":"product_tag-renge","9":"product_tag-shiro","10":"product_tag-suita","11":"product_shipping_class-iprastas","13":"first","14":"instock","15":"sale","16":"shipping-taxable","17":"purchasable","18":"product-type-simple"},"_links":{"self":[{"href":"https:\/\/jnats.eu\/pt\/wp-json\/wp\/v2\/product\/2059","targetHints":{"allow":["GET"]}}],"collection":[{"href":"https:\/\/jnats.eu\/pt\/wp-json\/wp\/v2\/product"}],"about":[{"href":"https:\/\/jnats.eu\/pt\/wp-json\/wp\/v2\/types\/product"}],"replies":[{"embeddable":true,"href":"https:\/\/jnats.eu\/pt\/wp-json\/wp\/v2\/comments?post=2059"}],"wp:featuredmedia":[{"embeddable":true,"href":"https:\/\/jnats.eu\/pt\/wp-json\/wp\/v2\/media\/2063"}],"wp:attachment":[{"href":"https:\/\/jnats.eu\/pt\/wp-json\/wp\/v2\/media?parent=2059"}],"wp:term":[{"taxonomy":"product_brand","embeddable":true,"href":"https:\/\/jnats.eu\/pt\/wp-json\/wp\/v2\/product_brand?post=2059"},{"taxonomy":"product_cat","embeddable":true,"href":"https:\/\/jnats.eu\/pt\/wp-json\/wp\/v2\/product_cat?post=2059"},{"taxonomy":"product_tag","embeddable":true,"href":"https:\/\/jnats.eu\/pt\/wp-json\/wp\/v2\/product_tag?post=2059"}],"curies":[{"name":"wp","href":"https:\/\/api.w.org\/{rel}","templated":true}]}}