{"id":2065,"date":"2024-04-24T11:31:35","date_gmt":"2024-04-24T08:31:35","guid":{"rendered":"http:\/\/jnats.eu\/?post_type=product&#038;p=2065"},"modified":"2024-11-09T14:30:29","modified_gmt":"2024-11-09T12:30:29","slug":"shohonyama-shobudani-soft-tomae","status":"publish","type":"product","link":"https:\/\/jnats.eu\/pt\/produto-2\/shohonyama-shobudani-soft-tomae\/","title":{"rendered":"Shohonyama Shobudani Soft Tomae"},"content":{"rendered":"<p>Este \u00e9 o Shohonyama Shobudani Tomae de Quioto. Adequado para o acabamento de facas e ferramentas. Este Tomae \u00e9 extra\u00eddo de uma camada macia, permitindo uma afia\u00e7\u00e3o r\u00e1pida e suave da l\u00e2mina. Forte poder abrasivo, suspens\u00e3o fina e rica que se liberta facilmente.<\/p>\n\n\n\n<p><strong>Shobu (\u83d6\u84b2\u8c37, Shobudani, Shoubu)<\/strong><br>Uma mina oriental, muito apreciada pelo seu traje. Embora esta mina possa n\u00e3o ser t\u00e3o conceituada como a Ohira ou a Nakayama no Ocidente, as pedras desta mina s\u00e3o geralmente de muito boa qualidade. Os pre\u00e7os por grosso do Shoubu suita est\u00e3o entre os que mais aumentam de todas as pedras de amolar japonesas.<\/p>","protected":false},"excerpt":{"rendered":"<ul>\n<li>Adequado para facas de acabamento, tesouras, ferramentas de carpintaria e outras ferramentas.<\/li>\n<li>Dimens\u00f5es: 191x70x29mm<\/li>\n<li>Peso: 850 g<\/li>\n<li>Dureza: Lv 3.5<\/li>\n<li>Recomendamos que trabalhe com \u00e1gua morna, uma vez que a \u00e1gua fria prejudica a velocidade e a resposta.<\/li>\n<\/ul>","protected":false},"featured_media":2071,"comment_status":"open","ping_status":"closed","template":"","meta":[],"product_brand":[],"product_cat":[22],"product_tag":[219,44,235,258],"class_list":{"0":"post-2065","1":"product","2":"type-product","3":"status-publish","4":"has-post-thumbnail","6":"product_cat-jnats","7":"product_tag-shobu","8":"product_tag-shobudani","9":"product_tag-shohonyama","10":"product_tag-soft-tomae","11":"product_shipping_class-iprastas","13":"first","14":"outofstock","15":"sale","16":"shipping-taxable","17":"purchasable","18":"product-type-simple"},"_links":{"self":[{"href":"https:\/\/jnats.eu\/pt\/wp-json\/wp\/v2\/product\/2065","targetHints":{"allow":["GET"]}}],"collection":[{"href":"https:\/\/jnats.eu\/pt\/wp-json\/wp\/v2\/product"}],"about":[{"href":"https:\/\/jnats.eu\/pt\/wp-json\/wp\/v2\/types\/product"}],"replies":[{"embeddable":true,"href":"https:\/\/jnats.eu\/pt\/wp-json\/wp\/v2\/comments?post=2065"}],"wp:featuredmedia":[{"embeddable":true,"href":"https:\/\/jnats.eu\/pt\/wp-json\/wp\/v2\/media\/2071"}],"wp:attachment":[{"href":"https:\/\/jnats.eu\/pt\/wp-json\/wp\/v2\/media?parent=2065"}],"wp:term":[{"taxonomy":"product_brand","embeddable":true,"href":"https:\/\/jnats.eu\/pt\/wp-json\/wp\/v2\/product_brand?post=2065"},{"taxonomy":"product_cat","embeddable":true,"href":"https:\/\/jnats.eu\/pt\/wp-json\/wp\/v2\/product_cat?post=2065"},{"taxonomy":"product_tag","embeddable":true,"href":"https:\/\/jnats.eu\/pt\/wp-json\/wp\/v2\/product_tag?post=2065"}],"curies":[{"name":"wp","href":"https:\/\/api.w.org\/{rel}","templated":true}]}}