{"id":2142,"date":"2024-04-27T15:16:58","date_gmt":"2024-04-27T12:16:58","guid":{"rendered":"http:\/\/jnats.eu\/?post_type=product&#038;p=2142"},"modified":"2024-06-26T14:57:42","modified_gmt":"2024-06-26T11:57:42","slug":"nakayama-nashiji-8-sluoksniu-japoniskas-naturalus-akmuo-galandimui","status":"publish","type":"product","link":"https:\/\/jnats.eu\/pt\/produto-2\/nakayama-nashiji-8-sluoksniu-japoniskas-naturalus-akmuo-galandimui\/","title":{"rendered":"Nakayama Nashiji 8 camadas de pedra natural japonesa para afiar"},"content":{"rendered":"<p>As pedras de afiar de oito camadas da Nakayama est\u00e3o quase extintas no com\u00e9rcio, pois s\u00e3o os produtos de topo de gama. \u00c9 a pedra perfeita em todos os aspectos: na sua finura, suavidade, velocidade e resposta. No Jap\u00e3o, vi um exemplar de 2,9 kg a um pre\u00e7o de 10 000 euros.<\/p>\n\n\n\n<p>\u00c9 a pedra de amolar perfeita e \u00e9 conhecida no Jap\u00e3o como \"sem teto\". Isto significa que o pre\u00e7o da pedra \u00e9 independente de quanto o vendedor a oferece.<\/p>\n\n\n\n<p>No entanto, como se trata de um neg\u00f3cio, existe um pre\u00e7o justo no sector. Na ind\u00fastria normal de afia\u00e7\u00e3o natural japonesa, estas s\u00e3o as pedras de amolar mais caras.<\/p>\n\n\n\n<p>Esta pedra tem uma forma e uma espessura perfeitamente adaptadas \u00e0s l\u00e2minas de barbear e uma vida \u00fatil longa. <\/p>\n\n\n\n<p><strong>Nakayama (\u4e2d\u5c71)<\/strong><\/p>\n\n\n\n<p>Esta mina oriental \u00e9 famosa pelas suas pedras de acabamento para afiar e \u00e9 talvez a mais procurada pelos profissionais e amadores da afia\u00e7\u00e3o. Em compara\u00e7\u00e3o com as pedras de dureza e finura semelhantes de outras minas, as pedras Nakayama s\u00e3o conhecidas pela sua sensa\u00e7\u00e3o de afia\u00e7\u00e3o mais agrad\u00e1vel e alta velocidade de trabalho. As pedras multi-camadas (Hondomae, Shikitomae) e Kiita s\u00e3o particularmente apreciadas.<\/p>","protected":false},"excerpt":{"rendered":"<ul>\n<li>Ideal para o acabamento de l\u00e2minas de barbear, facas, tesouras, ferramentas de carpintaria e outras.<\/li>\n<li>Dimens\u00f5es: 135x80x16 mm<\/li>\n<li>Peso: 400 g<\/li>\n<li>Dureza: Lv 4.5<\/li>\n<li>Superf\u00edcie lisa e pronta a utilizar<\/li>\n<\/ul>","protected":false},"featured_media":2143,"comment_status":"open","ping_status":"closed","template":"","meta":[],"product_brand":[],"product_cat":[22],"product_tag":[260,259,49,48],"class_list":{"0":"post-2142","1":"product","2":"type-product","3":"status-publish","4":"has-post-thumbnail","6":"product_cat-jnats","7":"product_tag-8-sluoksniu","8":"product_tag-japoniskas-naturalus-akmuo-galandimui","9":"product_tag-nakayama","10":"product_tag-nashiji","11":"product_shipping_class-iprastas","13":"first","14":"outofstock","15":"sale","16":"shipping-taxable","17":"purchasable","18":"product-type-simple"},"_links":{"self":[{"href":"https:\/\/jnats.eu\/pt\/wp-json\/wp\/v2\/product\/2142","targetHints":{"allow":["GET"]}}],"collection":[{"href":"https:\/\/jnats.eu\/pt\/wp-json\/wp\/v2\/product"}],"about":[{"href":"https:\/\/jnats.eu\/pt\/wp-json\/wp\/v2\/types\/product"}],"replies":[{"embeddable":true,"href":"https:\/\/jnats.eu\/pt\/wp-json\/wp\/v2\/comments?post=2142"}],"wp:featuredmedia":[{"embeddable":true,"href":"https:\/\/jnats.eu\/pt\/wp-json\/wp\/v2\/media\/2143"}],"wp:attachment":[{"href":"https:\/\/jnats.eu\/pt\/wp-json\/wp\/v2\/media?parent=2142"}],"wp:term":[{"taxonomy":"product_brand","embeddable":true,"href":"https:\/\/jnats.eu\/pt\/wp-json\/wp\/v2\/product_brand?post=2142"},{"taxonomy":"product_cat","embeddable":true,"href":"https:\/\/jnats.eu\/pt\/wp-json\/wp\/v2\/product_cat?post=2142"},{"taxonomy":"product_tag","embeddable":true,"href":"https:\/\/jnats.eu\/pt\/wp-json\/wp\/v2\/product_tag?post=2142"}],"curies":[{"name":"wp","href":"https:\/\/api.w.org\/{rel}","templated":true}]}}