{"id":2149,"date":"2024-04-27T15:27:49","date_gmt":"2024-04-27T12:27:49","guid":{"rendered":"http:\/\/jnats.eu\/?post_type=product&#038;p=2149"},"modified":"2024-10-24T15:59:35","modified_gmt":"2024-10-24T12:59:35","slug":"nakayama-mitsu-asagi","status":"publish","type":"product","link":"https:\/\/jnats.eu\/pt\/produto-2\/nakayama-mitsu-asagi\/","title":{"rendered":"Nakayama Mitsu Asagi"},"content":{"rendered":"<p>Este asagi da Nakayama \u00e9 um acabamento de afia\u00e7\u00e3o de sonho para l\u00e2minas de barbear, ferramentas e facas, adequado para polimento de alt\u00edssima qualidade e refinamento de l\u00e2minas. A pedra \u00e9 muito dura mas f\u00e1cil de manusear - especialmente quando utilizada com suspens\u00e3o lateral ou Nagura. O polimento \u00e9 muito n\u00edtido e pormenorizado, mas o contraste mant\u00e9m-se. <\/p>\n\n\n\n<p>Este asagis cinzento claro tem um padr\u00e3o sumingashi (tinta na \u00e1gua) bastante distinto em toda a pedra. N\u00e3o h\u00e1 inclus\u00f5es e as linhas s\u00e3o seguras. A pedra \u00e9 muito mais pesada do que seria de esperar para uma pedra deste tamanho, o que significa que tem uma estrutura muito densa e que se desgastar\u00e1 muito lentamente.<\/p>","protected":false},"excerpt":{"rendered":"<ul>\n<li>Ideal para o acabamento de l\u00e2minas de barbear, facas, tesouras, ferramentas de carpintaria e outras.<\/li>\n<li>Dimens\u00f5es: 180x66x42 mm<\/li>\n<li>Peso: 1420 g<\/li>\n<li>Dureza: Lv 5+<\/li>\n<li>Linhas seguras<\/li>\n<li>Superf\u00edcie lisa e pronta a utilizar<\/li>\n<\/ul>","protected":false},"featured_media":2152,"comment_status":"open","ping_status":"closed","template":"","meta":[],"product_brand":[],"product_cat":[22],"product_tag":[45,261,49],"class_list":{"0":"post-2149","1":"product","2":"type-product","3":"status-publish","4":"has-post-thumbnail","6":"product_cat-jnats","7":"product_tag-asagi","8":"product_tag-mitsu","9":"product_tag-nakayama","10":"product_shipping_class-iprastas","12":"first","13":"outofstock","14":"sale","15":"shipping-taxable","16":"purchasable","17":"product-type-simple"},"_links":{"self":[{"href":"https:\/\/jnats.eu\/pt\/wp-json\/wp\/v2\/product\/2149","targetHints":{"allow":["GET"]}}],"collection":[{"href":"https:\/\/jnats.eu\/pt\/wp-json\/wp\/v2\/product"}],"about":[{"href":"https:\/\/jnats.eu\/pt\/wp-json\/wp\/v2\/types\/product"}],"replies":[{"embeddable":true,"href":"https:\/\/jnats.eu\/pt\/wp-json\/wp\/v2\/comments?post=2149"}],"wp:featuredmedia":[{"embeddable":true,"href":"https:\/\/jnats.eu\/pt\/wp-json\/wp\/v2\/media\/2152"}],"wp:attachment":[{"href":"https:\/\/jnats.eu\/pt\/wp-json\/wp\/v2\/media?parent=2149"}],"wp:term":[{"taxonomy":"product_brand","embeddable":true,"href":"https:\/\/jnats.eu\/pt\/wp-json\/wp\/v2\/product_brand?post=2149"},{"taxonomy":"product_cat","embeddable":true,"href":"https:\/\/jnats.eu\/pt\/wp-json\/wp\/v2\/product_cat?post=2149"},{"taxonomy":"product_tag","embeddable":true,"href":"https:\/\/jnats.eu\/pt\/wp-json\/wp\/v2\/product_tag?post=2149"}],"curies":[{"name":"wp","href":"https:\/\/api.w.org\/{rel}","templated":true}]}}