{"id":2156,"date":"2025-08-26T15:16:22","date_gmt":"2025-08-26T12:16:22","guid":{"rendered":"http:\/\/jnats.eu\/?post_type=product&#038;p=2156"},"modified":"2025-09-04T14:31:44","modified_gmt":"2025-09-04T11:31:44","slug":"vintazinis-nakayama-kiita-tomae-su-dezute","status":"publish","type":"product","link":"https:\/\/jnats.eu\/pt\/produto-2\/vintazinis-nakayama-kiita-tomae-su-dezute\/","title":{"rendered":"Vintage Nakayama Kiita Tomae com caixa"},"content":{"rendered":"<figure class=\"wp-block-embed is-type-video is-provider-youtube wp-block-embed-youtube wp-embed-aspect-16-9 wp-has-aspect-ratio\"><div class=\"wp-block-embed__wrapper\">\n<div class=\"video-container\"><iframe title=\"Afiar o Iwasaki Kamisori ic\u00f3nico numa pedra de amolar Nakayama\" width=\"1170\" height=\"658\" src=\"https:\/\/www.youtube.com\/embed\/TnGyRyTGinA?start=1072&#038;feature=oembed\" frameborder=\"0\" allow=\"accelerometer; autoplay; clipboard-write; encrypted-media; gyroscope; picture-in-picture; web-share\" referrerpolicy=\"strict-origin-when-cross-origin\" allowfullscreen><\/iframe><\/div>\n<\/div><\/figure>\n\n\n\n<p>Apesar de ser bastante duro, este Nakayama Kiita da Mina Kato \u00e9 f\u00e1cil de trabalhar. \u00c9 suficientemente bom para terminar uma l\u00e2mina de barbear, mas suficientemente f\u00e1cil de utilizar para ser tamb\u00e9m adequado para facas. \u00c9 mais macio e suave do que seria de esperar de tal dureza. Sem um prego ou uma placa de diamante, a pedra libertar\u00e1 pouca lama, mas depressa mostrar\u00e1 os res\u00edduos de metal que foram polidos. O seu tamanho torna-a ideal para o trabalho com l\u00e2minas, mas tamb\u00e9m \u00e9 adequada para afiar ferramentas maiores. Se a sua faca estiver bem preparada, tamb\u00e9m dar\u00e1 um polimento kasumi muito refinado.<\/p>\n\n\n\n<p>Este kiita n\u00e3o \u00e9 t\u00e3o amarelo vivo como alguns, mas tem uma boa cor com algumas manchas acastanhadas ocasionais. <\/p>\n\n\n\n<p><strong>Nakayama (\u4e2d\u5c71)<\/strong><\/p>\n\n\n\n<p>Esta mina oriental \u00e9 famosa pelas suas pedras de acabamento para afiar e \u00e9 talvez a mais procurada pelos profissionais e amadores da afia\u00e7\u00e3o. Em compara\u00e7\u00e3o com as pedras de dureza e finura semelhantes de outras minas, as pedras Nakayama s\u00e3o conhecidas pela sua sensa\u00e7\u00e3o de afia\u00e7\u00e3o mais agrad\u00e1vel e alta velocidade de trabalho. As pedras multi-camadas (Hondomae, Shikitomae) e Kiita s\u00e3o particularmente apreciadas.<\/p>\n\n\n\n<p><\/p>","protected":false},"excerpt":{"rendered":"<ul>\n<li>Ideal para o acabamento de l\u00e2minas de barbear, facas, tesouras, ferramentas de carpintaria e outras.<\/li>\n<li>Dimens\u00f5es: 203x75x31-25 mm (espessura vari\u00e1vel)<\/li>\n<li>Peso: 1045 g<\/li>\n<li>Dureza: Lv 4.5<\/li>\n<li>Superf\u00edcie lisa e pronta a utilizar<\/li>\n<li>Existe uma pequena fenda a meio do bordo<\/li>\n<\/ul>","protected":false},"featured_media":5169,"comment_status":"open","ping_status":"closed","template":"","meta":[],"product_brand":[],"product_cat":[22],"product_tag":[141,49,48],"class_list":{"0":"post-2156","1":"product","2":"type-product","3":"status-publish","4":"has-post-thumbnail","6":"product_cat-jnats","7":"product_tag-kiita","8":"product_tag-nakayama","9":"product_tag-nashiji","10":"product_shipping_class-iprastas","12":"first","13":"outofstock","14":"shipping-taxable","15":"purchasable","16":"product-type-simple"},"_links":{"self":[{"href":"https:\/\/jnats.eu\/pt\/wp-json\/wp\/v2\/product\/2156","targetHints":{"allow":["GET"]}}],"collection":[{"href":"https:\/\/jnats.eu\/pt\/wp-json\/wp\/v2\/product"}],"about":[{"href":"https:\/\/jnats.eu\/pt\/wp-json\/wp\/v2\/types\/product"}],"replies":[{"embeddable":true,"href":"https:\/\/jnats.eu\/pt\/wp-json\/wp\/v2\/comments?post=2156"}],"wp:featuredmedia":[{"embeddable":true,"href":"https:\/\/jnats.eu\/pt\/wp-json\/wp\/v2\/media\/5169"}],"wp:attachment":[{"href":"https:\/\/jnats.eu\/pt\/wp-json\/wp\/v2\/media?parent=2156"}],"wp:term":[{"taxonomy":"product_brand","embeddable":true,"href":"https:\/\/jnats.eu\/pt\/wp-json\/wp\/v2\/product_brand?post=2156"},{"taxonomy":"product_cat","embeddable":true,"href":"https:\/\/jnats.eu\/pt\/wp-json\/wp\/v2\/product_cat?post=2156"},{"taxonomy":"product_tag","embeddable":true,"href":"https:\/\/jnats.eu\/pt\/wp-json\/wp\/v2\/product_tag?post=2156"}],"curies":[{"name":"wp","href":"https:\/\/api.w.org\/{rel}","templated":true}]}}