{"id":2162,"date":"2024-04-27T15:44:41","date_gmt":"2024-04-27T12:44:41","guid":{"rendered":"http:\/\/jnats.eu\/?post_type=product&#038;p=2162"},"modified":"2024-05-20T19:52:57","modified_gmt":"2024-05-20T16:52:57","slug":"nakayama-kiita-iromono","status":"publish","type":"product","link":"https:\/\/jnats.eu\/pt\/produto-2\/nakayama-kiita-iromono\/","title":{"rendered":"Nakayama Kiita Iromono"},"content":{"rendered":"<p>A pedra de afiar Kiita da Nakayama \u00e9 f\u00e1cil de utilizar. \u00c9 suficientemente boa para dar acabamento a uma l\u00e2mina de barbear, mas \u00e9 suficientemente simples de utilizar para ser adequada tamb\u00e9m para facas. Um prego ou uma placa de diamante podem ser dispensados, uma vez que a pedra libertar\u00e1 o suficiente da sua pr\u00f3pria lama para mostrar rapidamente os res\u00edduos do metal polido. O seu tamanho torna-a ideal para afiar l\u00e2minas de barbear, especialmente se gosta de um barbear suave e seguro. Tamb\u00e9m pode ser utilizado como dador de lama em pedra dura.<\/p>\n\n\n\n<p>Esta pedra \u00e9 uma combina\u00e7\u00e3o \u00fanica de Kyita (amarelo) e Iromone (rosa), que \u00e9 muito rara.<\/p>\n\n\n\n<figure class=\"wp-block-embed is-type-video is-provider-youtube wp-block-embed-youtube wp-embed-aspect-16-9 wp-has-aspect-ratio\"><div class=\"wp-block-embed__wrapper\">\n<div class=\"video-container\"><iframe title=\"Nakayama Awasedo Suave\" width=\"1170\" height=\"658\" src=\"https:\/\/www.youtube.com\/embed\/-lrea77d1LM?start=332&feature=oembed\" frameborder=\"0\" allow=\"accelerometer; autoplay; clipboard-write; encrypted-media; gyroscope; picture-in-picture; web-share\" referrerpolicy=\"strict-origin-when-cross-origin\" allowfullscreen><\/iframe><\/div>\n<\/div><\/figure>\n\n\n\n<p><strong>Nakayama (\u4e2d\u5c71)<\/strong><\/p>\n\n\n\n<p>Esta mina oriental \u00e9 famosa pelas suas pedras de acabamento para afiar e \u00e9 talvez a mais procurada pelos profissionais e amadores da afia\u00e7\u00e3o. Em compara\u00e7\u00e3o com as pedras de dureza e finura semelhantes de outras minas, as pedras Nakayama s\u00e3o conhecidas pela sua sensa\u00e7\u00e3o de afia\u00e7\u00e3o mais agrad\u00e1vel e alta velocidade de trabalho. As pedras multi-camadas (Hondomae, Shikitomae) e Kiita s\u00e3o particularmente apreciadas.<\/p>","protected":false},"excerpt":{"rendered":"<ul>\n<li>Adequado para o acabamento de l\u00e2minas de barbear, facas, tesouras, ferramentas de carpintaria e outras. Tamb\u00e9m pode ser utilizado como dador de lama em pedra dura.<\/li>\n<li>Dimens\u00f5es: 145x82x14 mm<\/li>\n<li>Peso: 420 g<\/li>\n<li>Dureza: Lv 3<\/li>\n<li>Superf\u00edcie lisa e pronta a utilizar<\/li>\n<\/ul>","protected":false},"featured_media":2165,"comment_status":"open","ping_status":"closed","template":"","meta":[],"product_brand":[],"product_cat":[22],"product_tag":[41,141,49],"class_list":{"0":"post-2162","1":"product","2":"type-product","3":"status-publish","4":"has-post-thumbnail","6":"product_cat-jnats","7":"product_tag-iromono","8":"product_tag-kiita","9":"product_tag-nakayama","10":"product_shipping_class-iprastas","12":"first","13":"outofstock","14":"shipping-taxable","15":"purchasable","16":"product-type-simple"},"_links":{"self":[{"href":"https:\/\/jnats.eu\/pt\/wp-json\/wp\/v2\/product\/2162","targetHints":{"allow":["GET"]}}],"collection":[{"href":"https:\/\/jnats.eu\/pt\/wp-json\/wp\/v2\/product"}],"about":[{"href":"https:\/\/jnats.eu\/pt\/wp-json\/wp\/v2\/types\/product"}],"replies":[{"embeddable":true,"href":"https:\/\/jnats.eu\/pt\/wp-json\/wp\/v2\/comments?post=2162"}],"wp:featuredmedia":[{"embeddable":true,"href":"https:\/\/jnats.eu\/pt\/wp-json\/wp\/v2\/media\/2165"}],"wp:attachment":[{"href":"https:\/\/jnats.eu\/pt\/wp-json\/wp\/v2\/media?parent=2162"}],"wp:term":[{"taxonomy":"product_brand","embeddable":true,"href":"https:\/\/jnats.eu\/pt\/wp-json\/wp\/v2\/product_brand?post=2162"},{"taxonomy":"product_cat","embeddable":true,"href":"https:\/\/jnats.eu\/pt\/wp-json\/wp\/v2\/product_cat?post=2162"},{"taxonomy":"product_tag","embeddable":true,"href":"https:\/\/jnats.eu\/pt\/wp-json\/wp\/v2\/product_tag?post=2162"}],"curies":[{"name":"wp","href":"https:\/\/api.w.org\/{rel}","templated":true}]}}